{"id":4047,"date":"2021-11-30T15:12:53","date_gmt":"2021-11-30T14:12:53","guid":{"rendered":"https:\/\/antcube.shop\/produkt\/enamel-mug\/"},"modified":"2024-12-12T12:25:27","modified_gmt":"2024-12-12T11:25:27","slug":"emaye-kupa","status":"publish","type":"product","link":"https:\/\/antcube.shop\/tr\/urun\/emaye-kupa\/","title":{"rendered":"Emaye Kupa"},"content":{"rendered":"<p>Her mutlu kamp\u00e7\u0131n\u0131n benzersiz bir kamp\u00e7\u0131 kupas\u0131na ihtiyac\u0131 vard\u0131r. Hafif, dayan\u0131kl\u0131 ve \u00e7ok i\u015flevlidir. En sevdi\u011finiz i\u00e7ecek veya s\u0131cak bir yemek i\u00e7in kullan\u0131n ve y\u00fcr\u00fcy\u00fc\u015fte kolay eri\u015fim i\u00e7in \u00e7antan\u0131za tak\u0131n.<\/p>\n<p>- Malzeme Emaye<br \/>\n- Boyutlar: y\u00fckseklik 3,14\u2033 (8 cm), \u00e7ap 3,25\u2033 (8,25 cm)<br \/>\n- G\u00fcm\u00fc\u015f kenarl\u0131 beyaz kaplama<br \/>\n- Sadece elde y\u0131kay\u0131n<br \/>\n- \u00c7in'den temin edilen bo\u015f \u00fcr\u00fcn<\/p>\n<p><strong>Dikkat! S\u0131v\u0131lar\u0131 veya yiyecekleri do\u011frudan kupa i\u00e7inde \u0131s\u0131tmay\u0131n; kaplamaya zarar verebilir.<\/strong><\/p>","protected":false},"excerpt":{"rendered":"<p>Her mutlu kamp\u00e7\u0131n\u0131n benzersiz bir kamp\u00e7\u0131 kupas\u0131na ihtiyac\u0131 vard\u0131r. Hafif, dayan\u0131kl\u0131 ve \u00e7ok i\u015flevlidir. En sevdi\u011finiz i\u00e7ecek veya s\u0131cak bir yemek i\u00e7in kullan\u0131n ve y\u00fcr\u00fcy\u00fc\u015fte kolay eri\u015fim i\u00e7in \u00e7antan\u0131za tak\u0131n. - Malzeme: Emaye: Emaye - Boyutlar: y\u00fckseklik 3,14 \u2033 (8 cm), \u00e7ap 3,25 \u2033 (8,25 cm) - G\u00fcm\u00fc\u015f kenarl\u0131 beyaz kaplama - [...]","protected":false},"featured_media":4048,"comment_status":"open","ping_status":"closed","template":"","meta":{"_acf_changed":false,"content-type":"","_monsterinsights_skip_tracking":false,"_monsterinsights_sitenote_active":false,"_monsterinsights_sitenote_note":"","_monsterinsights_sitenote_category":0},"product_brand":[],"product_cat":[245],"product_tag":[],"class_list":{"0":"post-4047","1":"product","2":"type-product","3":"status-publish","4":"has-post-thumbnail","6":"product_cat-merchandise","8":"first","9":"instock","10":"taxable","11":"shipping-taxable","12":"purchasable","13":"product-type-simple"},"acf":[],"aioseo_notices":[],"jetpack_sharing_enabled":true,"_links":{"self":[{"href":"https:\/\/antcube.shop\/tr\/wp-json\/wp\/v2\/product\/4047","targetHints":{"allow":["GET"]}}],"collection":[{"href":"https:\/\/antcube.shop\/tr\/wp-json\/wp\/v2\/product"}],"about":[{"href":"https:\/\/antcube.shop\/tr\/wp-json\/wp\/v2\/types\/product"}],"replies":[{"embeddable":true,"href":"https:\/\/antcube.shop\/tr\/wp-json\/wp\/v2\/comments?post=4047"}],"wp:featuredmedia":[{"embeddable":true,"href":"https:\/\/antcube.shop\/tr\/wp-json\/wp\/v2\/media\/4048"}],"wp:attachment":[{"href":"https:\/\/antcube.shop\/tr\/wp-json\/wp\/v2\/media?parent=4047"}],"wp:term":[{"taxonomy":"product_brand","embeddable":true,"href":"https:\/\/antcube.shop\/tr\/wp-json\/wp\/v2\/product_brand?post=4047"},{"taxonomy":"product_cat","embeddable":true,"href":"https:\/\/antcube.shop\/tr\/wp-json\/wp\/v2\/product_cat?post=4047"},{"taxonomy":"product_tag","embeddable":true,"href":"https:\/\/antcube.shop\/tr\/wp-json\/wp\/v2\/product_tag?post=4047"}],"curies":[{"name":"wp","href":"https:\/\/api.w.org\/{rel}","templated":true}]}}