{"id":3957,"date":"2021-11-30T13:32:38","date_gmt":"2021-11-30T12:32:38","guid":{"rendered":"https:\/\/antcube.shop\/produkt\/mens-high-top-canvas-shoes\/"},"modified":"2024-12-12T12:25:45","modified_gmt":"2024-12-12T11:25:45","slug":"erkek-yuksek-top-canvas-ayakkabi","status":"publish","type":"product","link":"https:\/\/antcube.shop\/tr\/urun\/erkek-yuksek-top-canvas-ayakkabi\/","title":{"rendered":"Erkek y\u00fcksek top kanvas ayakkab\u0131"},"content":{"rendered":"<p>Y\u00fcksek Top Kanvas Ayakkab\u0131 ile ayakkab\u0131 oyununuzu h\u0131zland\u0131r\u0131n. Bu el yap\u0131m\u0131, modaya uygun ayakkab\u0131lar\u0131n k\u0131yafetinizi renklendirece\u011fi kesin. \u015eimdi sizinkini al\u0131n!<\/p>\n<p>- 100% polyester, kanvas \u00fcst taraf<br \/>\n- Etilen-vinil asetat (EVA) kau\u00e7uk d\u0131\u015f taban<br \/>\n- Nefes alabilen astar, yumu\u015fak i\u00e7 taban<br \/>\n- Suni deri burun kapa\u011f\u0131<br \/>\n- Beyaz ba\u011fc\u0131klar<br \/>\n- Dolgulu yaka, ba\u011fc\u0131kl\u0131 \u00f6n k\u0131s\u0131m<br \/>\n- \u00c7in'den temin edilen bo\u015f \u00fcr\u00fcn<\/p>\n<p><strong>\u00d6nemli:<\/strong> Bu \u00fcr\u00fcn a\u015fa\u011f\u0131daki \u00fclkelerde mevcuttur: Amerika Birle\u015fik Devletleri, Kanada, Avustralya, Yeni Zelanda ve Japonya. G\u00f6nderim adresiniz bu \u00fclkelerin d\u0131\u015f\u0131ndaysa l\u00fctfen farkl\u0131 bir \u00fcr\u00fcn se\u00e7in.<\/p>\n<p><strong>Sorumluluk reddi:<\/strong> Kutu a\u00e7\u0131ld\u0131\u011f\u0131nda ayakkab\u0131larda tutkal benzeri bir koku olacakt\u0131r. Ayakkab\u0131lar ambalaj\u0131ndan \u00e7\u0131kar\u0131ld\u0131ktan birka\u00e7 g\u00fcn sonra koku kaybolacakt\u0131r.<\/p>","protected":false},"excerpt":{"rendered":"<p>Y\u00fcksek Top Kanvas Ayakkab\u0131 ile ayakkab\u0131 oyununuzu h\u0131zland\u0131r\u0131n. Bu el yap\u0131m\u0131, modaya uygun ayakkab\u0131lar\u0131n k\u0131yafetinizi renklendirece\u011fi kesin. \u015eimdi sizinkini al\u0131n! - 100% polyester, kanvas \u00fcst k\u0131s\u0131m - Etilen-vinil asetat (EVA) kau\u00e7uk d\u0131\u015f taban - Nefes alabilen astar, yumu\u015fak i\u00e7 taban - Suni deri burun kapa\u011f\u0131 - Beyaz ba\u011fc\u0131klar - Dolgulu yaka, ba\u011fc\u0131kl\u0131 \u00f6n k\u0131s\u0131m","protected":false},"featured_media":3975,"comment_status":"open","ping_status":"closed","template":"","meta":{"_acf_changed":false,"content-type":"","_monsterinsights_skip_tracking":false,"_monsterinsights_sitenote_active":false,"_monsterinsights_sitenote_note":"","_monsterinsights_sitenote_category":0},"product_brand":[],"product_cat":[245],"product_tag":[],"class_list":{"0":"post-3957","1":"product","2":"type-product","3":"status-publish","4":"has-post-thumbnail","6":"product_cat-merchandise","8":"first","9":"instock","10":"taxable","11":"shipping-taxable","12":"purchasable","13":"product-type-variable"},"acf":[],"aioseo_notices":[],"jetpack_sharing_enabled":true,"_links":{"self":[{"href":"https:\/\/antcube.shop\/tr\/wp-json\/wp\/v2\/product\/3957","targetHints":{"allow":["GET"]}}],"collection":[{"href":"https:\/\/antcube.shop\/tr\/wp-json\/wp\/v2\/product"}],"about":[{"href":"https:\/\/antcube.shop\/tr\/wp-json\/wp\/v2\/types\/product"}],"replies":[{"embeddable":true,"href":"https:\/\/antcube.shop\/tr\/wp-json\/wp\/v2\/comments?post=3957"}],"wp:featuredmedia":[{"embeddable":true,"href":"https:\/\/antcube.shop\/tr\/wp-json\/wp\/v2\/media\/3975"}],"wp:attachment":[{"href":"https:\/\/antcube.shop\/tr\/wp-json\/wp\/v2\/media?parent=3957"}],"wp:term":[{"taxonomy":"product_brand","embeddable":true,"href":"https:\/\/antcube.shop\/tr\/wp-json\/wp\/v2\/product_brand?post=3957"},{"taxonomy":"product_cat","embeddable":true,"href":"https:\/\/antcube.shop\/tr\/wp-json\/wp\/v2\/product_cat?post=3957"},{"taxonomy":"product_tag","embeddable":true,"href":"https:\/\/antcube.shop\/tr\/wp-json\/wp\/v2\/product_tag?post=3957"}],"curies":[{"name":"wp","href":"https:\/\/api.w.org\/{rel}","templated":true}]}}