{"id":3953,"date":"2021-11-30T13:30:21","date_gmt":"2021-11-30T12:30:21","guid":{"rendered":"https:\/\/antcube.shop\/produkt\/stainless-steel-water-bottle\/"},"modified":"2024-12-12T12:25:54","modified_gmt":"2024-12-12T11:25:54","slug":"paslanmaz-celik-su-sisesi","status":"publish","type":"product","link":"https:\/\/antcube.shop\/tr\/urun\/paslanmaz-celik-su-sisesi\/","title":{"rendered":"Paslanmaz \u00c7elik Su \u015ei\u015fesi"},"content":{"rendered":"<p>Bu 17 onsluk, \u00e7ift duvarl\u0131 paslanmaz \u00e7elik su \u015fi\u015fesi g\u00fcnl\u00fck gezintileriniz i\u00e7in m\u00fckemmeldir. Se\u00e7ti\u011finiz i\u00e7ece\u011fi saatlerce s\u0131cak veya so\u011fuk tutacakt\u0131r. Ayr\u0131ca kokuya ve s\u0131z\u0131nt\u0131ya dayan\u0131kl\u0131 bir kapa\u011f\u0131 vard\u0131r. \u0130\u015fe giderken araban\u0131z\u0131n bardak tutucusuna at\u0131n, y\u00fcr\u00fcy\u00fc\u015flerde yan\u0131n\u0131za al\u0131n veya susad\u0131\u011f\u0131n\u0131z her an i\u00e7in \u00e7antan\u0131za at\u0131n.<\/p>\n<p>- Y\u00fcksek kalite paslanmaz \u00e7elik<br \/>\n- 17 oz (500 ml)<br \/>\n- Boyutlar: 10,5\u2033 \u00d7 2,85\u2033 (27 \u00d7 7 cm)<br \/>\n- Vakum \u015fi\u015fesi<br \/>\n- \u00c7ift cidarl\u0131 yap\u0131<br \/>\n- Bowling pimi \u015fekli<br \/>\n- Kokusuz ve s\u0131zd\u0131rmaz kapak<br \/>\n- S\u0131cak ve so\u011fuk s\u0131v\u0131lar i\u00e7in yal\u0131t\u0131ml\u0131 (s\u0131v\u0131y\u0131 6 saat boyunca s\u0131cak veya so\u011fuk tutar)<br \/>\n- Canl\u0131 renkler i\u00e7in patentli ORCA kaplama<br \/>\n- Sadece elde y\u0131kanabilir (vakumlu conta nedeniyle bula\u015f\u0131k makinesi \u00f6nerilmez)<br \/>\n- \u00c7in'den temin edilen bo\u015f \u00fcr\u00fcn<\/p>\n<p>Uyar\u0131: Suyu \u015fi\u015fede 24 saatten fazla tutmak hijyenik de\u011fildir ve ho\u015f olmayan bir kokuya neden olabilir.<\/p>","protected":false},"excerpt":{"rendered":"<p>Bu 17 onsluk, \u00e7ift duvarl\u0131 paslanmaz \u00e7elik su \u015fi\u015fesi g\u00fcnl\u00fck gezintileriniz i\u00e7in m\u00fckemmeldir. Se\u00e7ti\u011finiz i\u00e7ece\u011fi saatlerce s\u0131cak veya so\u011fuk tutacakt\u0131r. Ayr\u0131ca kokuya ve s\u0131z\u0131nt\u0131ya dayan\u0131kl\u0131 bir kapa\u011f\u0131 vard\u0131r. \u0130\u015fe giderken araban\u0131z\u0131n bardak tutucusuna at\u0131n, y\u00fcr\u00fcy\u00fc\u015flerde yan\u0131n\u0131za al\u0131n veya [...]","protected":false},"featured_media":3954,"comment_status":"open","ping_status":"closed","template":"","meta":{"_acf_changed":false,"content-type":"","_monsterinsights_skip_tracking":false,"_monsterinsights_sitenote_active":false,"_monsterinsights_sitenote_note":"","_monsterinsights_sitenote_category":0},"product_brand":[],"product_cat":[245],"product_tag":[],"class_list":{"0":"post-3953","1":"product","2":"type-product","3":"status-publish","4":"has-post-thumbnail","6":"product_cat-merchandise","8":"first","9":"instock","10":"taxable","11":"shipping-taxable","12":"purchasable","13":"product-type-simple"},"acf":[],"aioseo_notices":[],"jetpack_sharing_enabled":true,"_links":{"self":[{"href":"https:\/\/antcube.shop\/tr\/wp-json\/wp\/v2\/product\/3953","targetHints":{"allow":["GET"]}}],"collection":[{"href":"https:\/\/antcube.shop\/tr\/wp-json\/wp\/v2\/product"}],"about":[{"href":"https:\/\/antcube.shop\/tr\/wp-json\/wp\/v2\/types\/product"}],"replies":[{"embeddable":true,"href":"https:\/\/antcube.shop\/tr\/wp-json\/wp\/v2\/comments?post=3953"}],"wp:featuredmedia":[{"embeddable":true,"href":"https:\/\/antcube.shop\/tr\/wp-json\/wp\/v2\/media\/3954"}],"wp:attachment":[{"href":"https:\/\/antcube.shop\/tr\/wp-json\/wp\/v2\/media?parent=3953"}],"wp:term":[{"taxonomy":"product_brand","embeddable":true,"href":"https:\/\/antcube.shop\/tr\/wp-json\/wp\/v2\/product_brand?post=3953"},{"taxonomy":"product_cat","embeddable":true,"href":"https:\/\/antcube.shop\/tr\/wp-json\/wp\/v2\/product_cat?post=3953"},{"taxonomy":"product_tag","embeddable":true,"href":"https:\/\/antcube.shop\/tr\/wp-json\/wp\/v2\/product_tag?post=3953"}],"curies":[{"name":"wp","href":"https:\/\/api.w.org\/{rel}","templated":true}]}}