{"id":3875,"date":"2021-11-23T18:19:09","date_gmt":"2021-11-23T17:19:09","guid":{"rendered":"https:\/\/antcube.shop\/produkt\/ameisen-spiralturm-s-30\/"},"modified":"2026-03-26T09:29:21","modified_gmt":"2026-03-26T08:29:21","slug":"ant-spiral-kule-s-30","status":"publish","type":"product","link":"https:\/\/antcube.shop\/tr\/urun\/ant-spiral-kule-s-30\/","title":{"rendered":"Kar\u0131nca spiral kulesi S - 30"},"content":{"rendered":"<div><strong>Boyutlar<\/strong>: 19x19x30cm; <strong>S<\/strong> 10\/06 mm hortum i\u00e7in<\/div>\n<div><\/div>\n<div><strong>Malzeme<\/strong>: PMMA, PVC<\/div>\n<div><\/div>\n<div><strong>Renk<\/strong>: kristal berrakl\u0131\u011f\u0131nda, \u015feffaf, yar\u0131 saydam<\/div>\n<div><\/div>\n<div><strong>\u0130\u00e7indekiler<\/strong>:<\/div>\n<div>2x alt \/ kapak plakas\u0131<\/div>\n<div>10\/06 mm hortum i\u00e7in 2x hortum giri\u015fi<\/div>\n<div>10\/06 mm hortum i\u00e7in 4x hortum kolonu<\/div>\n<div>10x s\u0131k\u0131\u015ft\u0131rma pimi<\/div>\n<div>7m hortum 10\/06mm<\/div>\n<div><strong>Not<\/strong>: Par\u00e7alar bir kit veya ge\u00e7meli sistem olarak tedarik edilir. Yap\u0131\u015ft\u0131rmaya gerek yoktur.<\/div>\n<div><\/div>\n<div><strong>Ba\u011flant\u0131<\/strong>:<\/div>\n<div>2x hortum 10\/06 mm<\/div>\n<div><\/div>\n<div><strong>A\u00e7\u0131klama<\/strong>: Kar\u0131nca spiral kulesi, arenadan kar\u0131nca \u00e7iftli\u011fine kadar olan y\u00fcksekli\u011fi k\u00f6pr\u00fclemek i\u00e7in kullan\u0131l\u0131r ve ayr\u0131ca hayvanlara kompakt bir alanda \u00e7ok fazla y\u00fcr\u00fcme mesafesi sunar. Ek y\u00fcr\u00fcme mesafesi, kar\u0131ncalar\u0131n do\u011fada besin kaynaklar\u0131na ula\u015fmak i\u00e7in kat etmek zorunda olduklar\u0131 yollar\u0131 sim\u00fcle eder ve kar\u0131nca kolonisinin geli\u015fimi ve davran\u0131\u015f\u0131 \u00fczerinde olumlu bir etkiye sahip olabilir.<\/div>\n<div><\/div>\n<div><strong>Uygulama<\/strong>: kar\u0131nca \u00e7iftlikleri boyutu i\u00e7in <strong>S<\/strong><\/div>","protected":false},"excerpt":{"rendered":"<p>Ba\u011flant\u0131: hortum 10\/06 mm<br \/>\nBoyut <strong>S<\/strong><\/p>","protected":false},"featured_media":3883,"comment_status":"open","ping_status":"closed","template":"","meta":{"_acf_changed":false,"content-type":"","_monsterinsights_skip_tracking":false,"_monsterinsights_sitenote_active":false,"_monsterinsights_sitenote_note":"","_monsterinsights_sitenote_category":0},"product_brand":[],"product_cat":[119,256],"product_tag":[],"class_list":{"0":"post-3875","1":"product","2":"type-product","3":"status-publish","4":"has-post-thumbnail","6":"product_cat-formicarium-components","7":"product_cat-spiral-tower","9":"first","10":"instock","11":"taxable","12":"shipping-taxable","13":"purchasable","14":"product-type-simple"},"acf":[],"aioseo_notices":[],"jetpack_sharing_enabled":true,"_links":{"self":[{"href":"https:\/\/antcube.shop\/tr\/wp-json\/wp\/v2\/product\/3875","targetHints":{"allow":["GET"]}}],"collection":[{"href":"https:\/\/antcube.shop\/tr\/wp-json\/wp\/v2\/product"}],"about":[{"href":"https:\/\/antcube.shop\/tr\/wp-json\/wp\/v2\/types\/product"}],"replies":[{"embeddable":true,"href":"https:\/\/antcube.shop\/tr\/wp-json\/wp\/v2\/comments?post=3875"}],"wp:featuredmedia":[{"embeddable":true,"href":"https:\/\/antcube.shop\/tr\/wp-json\/wp\/v2\/media\/3883"}],"wp:attachment":[{"href":"https:\/\/antcube.shop\/tr\/wp-json\/wp\/v2\/media?parent=3875"}],"wp:term":[{"taxonomy":"product_brand","embeddable":true,"href":"https:\/\/antcube.shop\/tr\/wp-json\/wp\/v2\/product_brand?post=3875"},{"taxonomy":"product_cat","embeddable":true,"href":"https:\/\/antcube.shop\/tr\/wp-json\/wp\/v2\/product_cat?post=3875"},{"taxonomy":"product_tag","embeddable":true,"href":"https:\/\/antcube.shop\/tr\/wp-json\/wp\/v2\/product_tag?post=3875"}],"curies":[{"name":"wp","href":"https:\/\/api.w.org\/{rel}","templated":true}]}}