{"id":3625,"date":"2021-11-19T12:53:34","date_gmt":"2021-11-19T11:53:34","guid":{"rendered":"https:\/\/antcube.shop\/produkt\/snapback-hat\/"},"modified":"2024-12-12T12:26:44","modified_gmt":"2024-12-12T11:26:44","slug":"snapback-sapka","status":"publish","type":"product","link":"https:\/\/antcube.shop\/tr\/urun\/snapback-sapka\/","title":{"rendered":"Snapback \u015eapka"},"content":{"rendered":"<p>Bu \u015fapka klasik kal\u0131pl\u0131, d\u00fcz kenarl\u0131 ve tam tokal\u0131 bir yap\u0131ya sahiptir. Ayarlanabilir \u00e7\u0131t\u00e7\u0131tl\u0131 kapama, onu rahat, tek bedene uyan bir \u015fapka haline getirir.<\/p>\n<p>- 80% akrilik, 20% y\u00fcn<br \/>\n- Ye\u015fil Camo 60% pamuk, 40% polyester<br \/>\n- Yap\u0131land\u0131r\u0131lm\u0131\u015f, 6 panelli, y\u00fcksek profilli<br \/>\n- 6 adet i\u015flemeli delik<br \/>\n- Plastik \u00e7\u0131t\u00e7\u0131tl\u0131 kapak<br \/>\n- Ye\u015fil undervisor<br \/>\n- Ba\u015f \u00e7evresi: 21\u215d\u2033-23\u215d\u2033 (54,9 cm-60 cm)<br \/>\n- Vietnam veya Banglade\u015f kaynakl\u0131 bo\u015f \u00fcr\u00fcn<\/p>\n<p>&nbsp;<\/p>\n<p>Ticari \u00dcr\u00fcnler kategorisindeki \u00dcr\u00fcnlerin teslimat\u0131 ve \u00fcretimi Orta\u011f\u0131m\u0131z PRINTFUL taraf\u0131ndan ger\u00e7ekle\u015ftirilmektedir. Bu \u00fcr\u00fcnlerden birini sipari\u015f ederek PRINTFUL'un H\u00fck\u00fcm ve Ko\u015fullar\u0131n\u0131, Gizlilik Politikas\u0131n\u0131 ve \u0130ade Politikas\u0131n\u0131 kabul etmi\u015f olursunuz.<\/p>\n<p><a href=\"https:\/\/www.printful.com\/policies\/terms-of-service\">PRINTFUL'un H\u00fck\u00fcm ve Ko\u015fullar\u0131n\u0131 burada bulabilirsiniz.<\/a><\/p>\n<p><a href=\"https:\/\/www.printful.com\/policies\/returns\">PRINTFUL'un \u0130ade Politikas\u0131n\u0131 burada bulabilirsiniz.<\/a><\/p>\n<p><a href=\"https:\/\/www.printful.com\/policies\/privacy\">PRINTFUL'un Gizlilik Politikas\u0131n\u0131 burada bulabilirsiniz.<\/a><\/p>","protected":false},"excerpt":{"rendered":"<p>Bu \u015fapka klasik kesim, d\u00fcz siperlik ve tam tokayla yap\u0131land\u0131r\u0131lm\u0131\u015ft\u0131r. Ayarlanabilir \u00e7\u0131t\u00e7\u0131tl\u0131 kapama, onu rahat, tek bedene uyan bir \u015fapka haline getirir. - 80% akrilik, 20% y\u00fcn - Ye\u015fil Camo 60% pamuk, 40% polyester - Yap\u0131land\u0131r\u0131lm\u0131\u015f, 6 panelli, y\u00fcksek profilli - 6 i\u015flemeli halka - Plastik \u00e7\u0131t\u00e7\u0131tl\u0131 kapama - Ye\u015fil siperlik - Ba\u015f \u00e7evresi: 21\u215d\u2033-23\u215d\u2033","protected":false},"featured_media":3627,"comment_status":"open","ping_status":"closed","template":"","meta":{"_acf_changed":false,"content-type":"","_monsterinsights_skip_tracking":false,"_monsterinsights_sitenote_active":false,"_monsterinsights_sitenote_note":"","_monsterinsights_sitenote_category":0},"product_brand":[],"product_cat":[245],"product_tag":[],"class_list":{"0":"post-3625","1":"product","2":"type-product","3":"status-publish","4":"has-post-thumbnail","6":"product_cat-merchandise","8":"first","9":"instock","10":"taxable","11":"shipping-taxable","12":"purchasable","13":"product-type-simple"},"acf":[],"aioseo_notices":[],"jetpack_sharing_enabled":true,"_links":{"self":[{"href":"https:\/\/antcube.shop\/tr\/wp-json\/wp\/v2\/product\/3625","targetHints":{"allow":["GET"]}}],"collection":[{"href":"https:\/\/antcube.shop\/tr\/wp-json\/wp\/v2\/product"}],"about":[{"href":"https:\/\/antcube.shop\/tr\/wp-json\/wp\/v2\/types\/product"}],"replies":[{"embeddable":true,"href":"https:\/\/antcube.shop\/tr\/wp-json\/wp\/v2\/comments?post=3625"}],"wp:featuredmedia":[{"embeddable":true,"href":"https:\/\/antcube.shop\/tr\/wp-json\/wp\/v2\/media\/3627"}],"wp:attachment":[{"href":"https:\/\/antcube.shop\/tr\/wp-json\/wp\/v2\/media?parent=3625"}],"wp:term":[{"taxonomy":"product_brand","embeddable":true,"href":"https:\/\/antcube.shop\/tr\/wp-json\/wp\/v2\/product_brand?post=3625"},{"taxonomy":"product_cat","embeddable":true,"href":"https:\/\/antcube.shop\/tr\/wp-json\/wp\/v2\/product_cat?post=3625"},{"taxonomy":"product_tag","embeddable":true,"href":"https:\/\/antcube.shop\/tr\/wp-json\/wp\/v2\/product_tag?post=3625"}],"curies":[{"name":"wp","href":"https:\/\/api.w.org\/{rel}","templated":true}]}}