{"id":3611,"date":"2021-11-19T12:49:31","date_gmt":"2021-11-19T11:49:31","guid":{"rendered":"https:\/\/antcube.shop\/produkt\/dad-hat\/"},"modified":"2024-12-12T12:26:53","modified_gmt":"2024-12-12T11:26:53","slug":"baba-sapkasi","status":"publish","type":"product","link":"https:\/\/antcube.shop\/tr\/urun\/baba-sapkasi\/","title":{"rendered":"Baba \u015fapkas\u0131"},"content":{"rendered":"<p>Baba \u015fapkalar\u0131 sadece babalar i\u00e7in de\u011fildir. Bu \u015fapka, ayarlanabilir kay\u0131\u015f\u0131 ve kavisli siperli\u011fiyle al\u00e7ak bir profile sahiptir.<\/p>\n<p>- 100% chino pamuklu dimi<br \/>- Ye\u015fil Camo rengi 35% chino pamuklu dimi, 65% polyesterdir<br \/>- Yap\u0131land\u0131r\u0131lmam\u0131\u015f, 6 panelli, d\u00fc\u015f\u00fck profilli<br \/>- 6 adet i\u015flemeli delik<br \/>- 3 \u215b\" (7,6 cm) ta\u00e7<br \/>- Antika tokal\u0131 ayarlanabilir kay\u0131\u015f<br \/>- Vietnam veya Banglade\u015f kaynakl\u0131 bo\u015f \u00fcr\u00fcn<\/p>\n<p>\u00a0<\/p>\n<p>Ticari \u00dcr\u00fcnler kategorisindeki \u00dcr\u00fcnlerin teslimat\u0131 ve \u00fcretimi Orta\u011f\u0131m\u0131z PRINTFUL taraf\u0131ndan ger\u00e7ekle\u015ftirilmektedir. Bu \u00fcr\u00fcnlerden birini sipari\u015f ederek PRINTFUL'un H\u00fck\u00fcm ve Ko\u015fullar\u0131n\u0131, Gizlilik Politikas\u0131n\u0131 ve \u0130ade Politikas\u0131n\u0131 kabul etmi\u015f olursunuz.\u00a0<\/p>\n<p><a href=\"https:\/\/www.printful.com\/policies\/terms-of-service\">PRINTFUL'un H\u00fck\u00fcm ve Ko\u015fullar\u0131n\u0131 burada bulabilirsiniz.<\/a><\/p>\n<p><a href=\"https:\/\/www.printful.com\/policies\/returns\">PRINTFUL'un \u0130ade Politikas\u0131n\u0131 burada bulabilirsiniz.<\/a><\/p>\n<p><a href=\"https:\/\/www.printful.com\/policies\/privacy\">PRINTFUL'un Gizlilik Politikas\u0131n\u0131 burada bulabilirsiniz.<\/a><\/p>","protected":false},"excerpt":{"rendered":"<p>Baba \u015fapkalar\u0131 sadece babalar i\u00e7in de\u011fildir. Bu \u015fapka, ayarlanabilir kay\u0131\u015f\u0131 ve kavisli siperli\u011fi ile d\u00fc\u015f\u00fck profillidir. - 100% chino pamuklu dimi- Ye\u015fil Camo rengi 35% chino pamuklu dimi, 65% polyester- Yap\u0131land\u0131r\u0131lmam\u0131\u015f, 6 panelli, d\u00fc\u015f\u00fck profilli- 6 i\u015flemeli delik- 3 \u215b\" (7,6 cm) ta\u00e7- Antika tokal\u0131 ayarlanabilir kay\u0131\u015f- Vietnam'dan temin edilen bo\u015f \u00fcr\u00fcn","protected":false},"featured_media":3613,"comment_status":"open","ping_status":"closed","template":"","meta":{"_acf_changed":false,"content-type":"","_monsterinsights_skip_tracking":false,"_monsterinsights_sitenote_active":false,"_monsterinsights_sitenote_note":"","_monsterinsights_sitenote_category":0},"product_brand":[],"product_cat":[245],"product_tag":[],"class_list":{"0":"post-3611","1":"product","2":"type-product","3":"status-publish","4":"has-post-thumbnail","6":"product_cat-merchandise","8":"first","9":"instock","10":"taxable","11":"shipping-taxable","12":"purchasable","13":"product-type-simple"},"acf":[],"aioseo_notices":[],"jetpack_sharing_enabled":true,"_links":{"self":[{"href":"https:\/\/antcube.shop\/tr\/wp-json\/wp\/v2\/product\/3611","targetHints":{"allow":["GET"]}}],"collection":[{"href":"https:\/\/antcube.shop\/tr\/wp-json\/wp\/v2\/product"}],"about":[{"href":"https:\/\/antcube.shop\/tr\/wp-json\/wp\/v2\/types\/product"}],"replies":[{"embeddable":true,"href":"https:\/\/antcube.shop\/tr\/wp-json\/wp\/v2\/comments?post=3611"}],"wp:featuredmedia":[{"embeddable":true,"href":"https:\/\/antcube.shop\/tr\/wp-json\/wp\/v2\/media\/3613"}],"wp:attachment":[{"href":"https:\/\/antcube.shop\/tr\/wp-json\/wp\/v2\/media?parent=3611"}],"wp:term":[{"taxonomy":"product_brand","embeddable":true,"href":"https:\/\/antcube.shop\/tr\/wp-json\/wp\/v2\/product_brand?post=3611"},{"taxonomy":"product_cat","embeddable":true,"href":"https:\/\/antcube.shop\/tr\/wp-json\/wp\/v2\/product_cat?post=3611"},{"taxonomy":"product_tag","embeddable":true,"href":"https:\/\/antcube.shop\/tr\/wp-json\/wp\/v2\/product_tag?post=3611"}],"curies":[{"name":"wp","href":"https:\/\/api.w.org\/{rel}","templated":true}]}}