{"id":3599,"date":"2021-11-19T12:47:56","date_gmt":"2021-11-19T11:47:56","guid":{"rendered":"https:\/\/antcube.shop\/produkt\/premium-eco-hoodie\/"},"modified":"2024-12-12T12:27:02","modified_gmt":"2024-12-12T11:27:02","slug":"premium-eco-hoodie","status":"publish","type":"product","link":"https:\/\/antcube.shop\/tr\/urun\/premium-eco-hoodie\/","title":{"rendered":"Premium eko kap\u00fc\u015fonlu sweatshirt"},"content":{"rendered":"<p>Organik ve geri d\u00f6n\u00fc\u015ft\u00fcr\u00fclm\u00fc\u015f malzemelerden \u00fcretilen birinci s\u0131n\u0131f eko kap\u00fc\u015fonlu sweatshirt ile tan\u0131\u015f\u0131n. Rahat kesimi, \u00f6n cebi ve \u00e7ift katmanl\u0131 kap\u00fc\u015fonu ile kap\u00fc\u015fonlu sweatshirt, bir\u00e7ok farkl\u0131 g\u00f6r\u00fcn\u00fcmle kombinlenebilen klasik bir sokak giyim par\u00e7as\u0131d\u0131r.<\/p>\n<p>- 85% organik pamuk, 15% geri d\u00f6n\u00fc\u015ft\u00fcr\u00fclm\u00fc\u015f polyester<br \/>\n- Ribana: 97% organik pamuk, 3% elastan<br \/>\n- \u0130\u00e7i f\u0131r\u00e7alanm\u0131\u015f polar kuma\u015f<br \/>\n- Rahat unisex uyum<br \/>\n- \u00c7ift katmanl\u0131 kap\u00fc\u015fon<br \/>\n- \u00dcst\u00fcn bir his i\u00e7in metal halkal\u0131 d\u00fcz kordonlar<br \/>\n- Kanguru cep<br \/>\n- Markalama i\u00e7in i\u00e7\/d\u0131\u015f etiket yamas\u0131<br \/>\n- Y\u0131rt\u0131labilir bak\u0131m etiketi<\/p>\n<p>&nbsp;<\/p>\n<p>Ticari \u00dcr\u00fcnler kategorisindeki \u00dcr\u00fcnlerin teslimat\u0131 ve \u00fcretimi Orta\u011f\u0131m\u0131z PRINTFUL taraf\u0131ndan ger\u00e7ekle\u015ftirilmektedir. Bu \u00fcr\u00fcnlerden birini sipari\u015f ederek PRINTFUL'un H\u00fck\u00fcm ve Ko\u015fullar\u0131n\u0131, Gizlilik Politikas\u0131n\u0131 ve \u0130ade Politikas\u0131n\u0131 kabul etmi\u015f olursunuz.<\/p>\n<p><a href=\"https:\/\/www.printful.com\/policies\/terms-of-service\">PRINTFUL'un H\u00fck\u00fcm ve Ko\u015fullar\u0131n\u0131 burada bulabilirsiniz.<\/a><\/p>\n<p><a href=\"https:\/\/www.printful.com\/policies\/returns\">PRINTFUL'un \u0130ade Politikas\u0131n\u0131 burada bulabilirsiniz.<\/a><\/p>\n<p><a href=\"https:\/\/www.printful.com\/policies\/privacy\">PRINTFUL'un Gizlilik Politikas\u0131n\u0131 burada bulabilirsiniz.<\/a><\/p>","protected":false},"excerpt":{"rendered":"<p>Organik ve geri d\u00f6n\u00fc\u015ft\u00fcr\u00fclm\u00fc\u015f malzemelerden \u00fcretilen birinci s\u0131n\u0131f eko kap\u00fc\u015fonlu sweatshirt ile tan\u0131\u015f\u0131n. Rahat kesimi, \u00f6n cebi ve \u00e7ift katmanl\u0131 kap\u00fc\u015fonu ile kap\u00fc\u015fonlu sweatshirt, birden fazla farkl\u0131 g\u00f6r\u00fcn\u00fcmle \u015fekillendirilebilen klasik bir sokak giyim par\u00e7as\u0131d\u0131r. - 85% organik pamuk, 15% geri d\u00f6n\u00fc\u015ft\u00fcr\u00fclm\u00fc\u015f polyester - Ribana: 97% organik pamuk, 3% elastan - \u0130\u00e7 k\u0131sm\u0131 f\u0131r\u00e7alanm\u0131\u015f polar kuma\u015f","protected":false},"featured_media":3607,"comment_status":"open","ping_status":"closed","template":"","meta":{"_acf_changed":false,"content-type":"","_monsterinsights_skip_tracking":false,"_monsterinsights_sitenote_active":false,"_monsterinsights_sitenote_note":"","_monsterinsights_sitenote_category":0},"product_brand":[],"product_cat":[245],"product_tag":[],"class_list":{"0":"post-3599","1":"product","2":"type-product","3":"status-publish","4":"has-post-thumbnail","6":"product_cat-merchandise","8":"first","9":"instock","10":"taxable","11":"shipping-taxable","12":"purchasable","13":"product-type-variable"},"acf":[],"aioseo_notices":[],"jetpack_sharing_enabled":true,"_links":{"self":[{"href":"https:\/\/antcube.shop\/tr\/wp-json\/wp\/v2\/product\/3599","targetHints":{"allow":["GET"]}}],"collection":[{"href":"https:\/\/antcube.shop\/tr\/wp-json\/wp\/v2\/product"}],"about":[{"href":"https:\/\/antcube.shop\/tr\/wp-json\/wp\/v2\/types\/product"}],"replies":[{"embeddable":true,"href":"https:\/\/antcube.shop\/tr\/wp-json\/wp\/v2\/comments?post=3599"}],"wp:featuredmedia":[{"embeddable":true,"href":"https:\/\/antcube.shop\/tr\/wp-json\/wp\/v2\/media\/3607"}],"wp:attachment":[{"href":"https:\/\/antcube.shop\/tr\/wp-json\/wp\/v2\/media?parent=3599"}],"wp:term":[{"taxonomy":"product_brand","embeddable":true,"href":"https:\/\/antcube.shop\/tr\/wp-json\/wp\/v2\/product_brand?post=3599"},{"taxonomy":"product_cat","embeddable":true,"href":"https:\/\/antcube.shop\/tr\/wp-json\/wp\/v2\/product_cat?post=3599"},{"taxonomy":"product_tag","embeddable":true,"href":"https:\/\/antcube.shop\/tr\/wp-json\/wp\/v2\/product_tag?post=3599"}],"curies":[{"name":"wp","href":"https:\/\/api.w.org\/{rel}","templated":true}]}}