{"id":3575,"date":"2021-11-19T12:45:26","date_gmt":"2021-11-19T11:45:26","guid":{"rendered":"https:\/\/antcube.shop\/produkt\/unisex-organic-cotton-t-shirt\/"},"modified":"2024-12-12T12:27:10","modified_gmt":"2024-12-12T11:27:10","slug":"unisex-organik-pamuk-t-shirt","status":"publish","type":"product","link":"https:\/\/antcube.shop\/tr\/urun\/unisex-organik-pamuk-t-shirt\/","title":{"rendered":"Unisex organik pamuklu ti\u015f\u00f6rt"},"content":{"rendered":"<p>100% organik ring-spun pamuktan \u00fcretilen bu unisex ti\u015f\u00f6rt, sahip olunmas\u0131 gereken bir \u00fcr\u00fcnd\u00fcr. Y\u00fcksek kaliteli, s\u00fcper rahat ve hepsinden \u00f6nemlisi \u00e7evre dostu.<\/p>\n<p>- 100% organik ring iplik pamuk<br \/>\n- Kuma\u015f a\u011f\u0131rl\u0131\u011f\u0131: 5,3 oz\/yd\u00b2 (180 g\/m\u00b2)<br \/>\n- Tek ki\u015filik forma<br \/>\n- Orta boy<br \/>\n- Yerle\u015fik man\u015fonlar<br \/>\n- Yakada 1 \u00d7 1 nerv\u00fcr<br \/>\n- Kollarda ve alt etek u\u00e7lar\u0131nda geni\u015f \u00e7ift i\u011fneli \u00fcst diki\u015f<br \/>\n- Kendinden kuma\u015fl\u0131 boyun band\u0131 (i\u00e7 k\u0131s\u0131mda, boynun arkas\u0131nda)<br \/>\n- \u00c7in veya Banglade\u015f kaynakl\u0131 bo\u015f \u00fcr\u00fcn<\/p>\n<p>&nbsp;<\/p>\n<p>Ticari \u00dcr\u00fcnler kategorisindeki \u00dcr\u00fcnlerin teslimat\u0131 ve \u00fcretimi Orta\u011f\u0131m\u0131z PRINTFUL taraf\u0131ndan ger\u00e7ekle\u015ftirilmektedir. Bu \u00fcr\u00fcnlerden birini sipari\u015f ederek PRINTFUL'un H\u00fck\u00fcm ve Ko\u015fullar\u0131n\u0131, Gizlilik Politikas\u0131n\u0131 ve \u0130ade Politikas\u0131n\u0131 kabul etmi\u015f olursunuz.<\/p>\n<p><a href=\"https:\/\/www.printful.com\/policies\/terms-of-service\">PRINTFUL'un H\u00fck\u00fcm ve Ko\u015fullar\u0131n\u0131 burada bulabilirsiniz.<\/a><\/p>\n<p><a href=\"https:\/\/www.printful.com\/policies\/returns\">PRINTFUL'un \u0130ade Politikas\u0131n\u0131 burada bulabilirsiniz.<\/a><\/p>\n<p><a href=\"https:\/\/www.printful.com\/policies\/privacy\">PRINTFUL'un Gizlilik Politikas\u0131n\u0131 burada bulabilirsiniz.<\/a><\/p>","protected":false},"excerpt":{"rendered":"<p>100% organik ring-spun pamuktan \u00fcretilen bu unisex ti\u015f\u00f6rt, sahip olunmas\u0131 gereken bir \u00fcr\u00fcnd\u00fcr. Y\u00fcksek kaliteli, s\u00fcper rahat ve en iyisi \u00e7evre dostu. - 100% organik ring iplik pamuk - Kuma\u015f a\u011f\u0131rl\u0131\u011f\u0131: 5,3 oz\/yd\u00b2 (180 g\/m\u00b2) - S\u00fcprem - Orta kesim - G\u00f6mme kollar - Yakada 1 \u00d7 1 ribana - Geni\u015f \u00e7ift i\u011fne \u00fcst diki\u015f","protected":false},"featured_media":3582,"comment_status":"open","ping_status":"closed","template":"","meta":{"_acf_changed":false,"content-type":"","_monsterinsights_skip_tracking":false,"_monsterinsights_sitenote_active":false,"_monsterinsights_sitenote_note":"","_monsterinsights_sitenote_category":0},"product_brand":[],"product_cat":[245],"product_tag":[],"class_list":{"0":"post-3575","1":"product","2":"type-product","3":"status-publish","4":"has-post-thumbnail","6":"product_cat-merchandise","8":"first","9":"instock","10":"taxable","11":"shipping-taxable","12":"purchasable","13":"product-type-variable"},"acf":[],"aioseo_notices":[],"jetpack_sharing_enabled":true,"_links":{"self":[{"href":"https:\/\/antcube.shop\/tr\/wp-json\/wp\/v2\/product\/3575","targetHints":{"allow":["GET"]}}],"collection":[{"href":"https:\/\/antcube.shop\/tr\/wp-json\/wp\/v2\/product"}],"about":[{"href":"https:\/\/antcube.shop\/tr\/wp-json\/wp\/v2\/types\/product"}],"replies":[{"embeddable":true,"href":"https:\/\/antcube.shop\/tr\/wp-json\/wp\/v2\/comments?post=3575"}],"wp:featuredmedia":[{"embeddable":true,"href":"https:\/\/antcube.shop\/tr\/wp-json\/wp\/v2\/media\/3582"}],"wp:attachment":[{"href":"https:\/\/antcube.shop\/tr\/wp-json\/wp\/v2\/media?parent=3575"}],"wp:term":[{"taxonomy":"product_brand","embeddable":true,"href":"https:\/\/antcube.shop\/tr\/wp-json\/wp\/v2\/product_brand?post=3575"},{"taxonomy":"product_cat","embeddable":true,"href":"https:\/\/antcube.shop\/tr\/wp-json\/wp\/v2\/product_cat?post=3575"},{"taxonomy":"product_tag","embeddable":true,"href":"https:\/\/antcube.shop\/tr\/wp-json\/wp\/v2\/product_tag?post=3575"}],"curies":[{"name":"wp","href":"https:\/\/api.w.org\/{rel}","templated":true}]}}