{"id":3443,"date":"2021-11-18T15:53:00","date_gmt":"2021-11-18T14:53:00","guid":{"rendered":"https:\/\/antcube.shop\/produkt\/mens-heavyweight-tee\/"},"modified":"2024-12-12T12:27:24","modified_gmt":"2024-12-12T11:27:24","slug":"erkek-agir-siklet-tee","status":"publish","type":"product","link":"https:\/\/antcube.shop\/tr\/urun\/erkek-agir-siklet-tee\/","title":{"rendered":"Erkek premium pamuklu T-Shirt"},"content":{"rendered":"<p>100% pamuklu premium erkek T-Shirt, daha yap\u0131land\u0131r\u0131lm\u0131\u015f bir g\u00f6r\u00fcn\u00fcm elde etmenize yard\u0131mc\u0131 olacakt\u0131r. G\u00fczel oturur, kenarlar\u0131 keskin hatlara sahiptir ve katmanl\u0131 sokak giyimi k\u0131yafetleriyle m\u00fckemmel uyum sa\u011flar.<br \/>\n- 100% pamuk<br \/>\n- 90% pamuk, 10% polyester<br \/>\n- Kuma\u015f a\u011f\u0131rl\u0131\u011f\u0131: 5,0-5,3 oz\/yd\u00b2 (170-180 g\/m\u00b2)<br \/>\n- Open-end iplik<br \/>\n- Borulu kuma\u015f<br \/>\n- Bantl\u0131 boyun ve omuzlar<br \/>\n- Kollarda ve alt etekte \u00e7ift diki\u015f<br \/>\n- Honduras, Nikaragua, Haiti, Dominik Cumhuriyeti, Banglade\u015f, Meksika'dan temin edilen bo\u015f \u00fcr\u00fcn<\/p>\n<p>&nbsp;<\/p>\n<p>Ticari \u00dcr\u00fcnler kategorisindeki \u00dcr\u00fcnlerin teslimat\u0131 ve \u00fcretimi Orta\u011f\u0131m\u0131z PRINTFUL taraf\u0131ndan ger\u00e7ekle\u015ftirilmektedir. Bu \u00fcr\u00fcnlerden birini sipari\u015f ederek PRINTFUL'un H\u00fck\u00fcm ve Ko\u015fullar\u0131n\u0131, Gizlilik Politikas\u0131n\u0131 ve \u0130ade Politikas\u0131n\u0131 kabul etmi\u015f olursunuz.<\/p>\n<p><a href=\"https:\/\/www.printful.com\/policies\/terms-of-service\">PRINTFUL'un H\u00fck\u00fcm ve Ko\u015fullar\u0131n\u0131 burada bulabilirsiniz.<\/a><\/p>\n<p><a href=\"https:\/\/www.printful.com\/policies\/returns\">PRINTFUL'un \u0130ade Politikas\u0131n\u0131 burada bulabilirsiniz.<\/a><\/p>\n<p><a href=\"https:\/\/www.printful.com\/policies\/privacy\">PRINTFUL'un Gizlilik Politikas\u0131n\u0131 burada bulabilirsiniz.<\/a><\/p>","protected":false},"excerpt":{"rendered":"<p>100% pamuklu premium erkek T-Shirt, daha yap\u0131land\u0131r\u0131lm\u0131\u015f bir g\u00f6r\u00fcn\u00fcm elde etmenize yard\u0131mc\u0131 olacakt\u0131r. G\u00fczel oturur, kenarlar\u0131 keskin hatlara sahiptir ve katmanl\u0131 sokak giyimi k\u0131yafetleriyle m\u00fckemmel uyum sa\u011flar. - 100% pamuk - 90% pamuk, 10% polyester - Kuma\u015f a\u011f\u0131rl\u0131\u011f\u0131: 5,0-5,3 oz\/yd\u00b2 (170-180 g\/m\u00b2) - Open-end iplik - Boru \u015feklinde kuma\u015f - Bantl\u0131 boyun ve","protected":false},"featured_media":3451,"comment_status":"open","ping_status":"closed","template":"","meta":{"_acf_changed":false,"content-type":"","_monsterinsights_skip_tracking":false,"_monsterinsights_sitenote_active":false,"_monsterinsights_sitenote_note":"","_monsterinsights_sitenote_category":0},"product_brand":[],"product_cat":[245],"product_tag":[],"class_list":{"0":"post-3443","1":"product","2":"type-product","3":"status-publish","4":"has-post-thumbnail","6":"product_cat-merchandise","8":"first","9":"instock","10":"taxable","11":"shipping-taxable","12":"purchasable","13":"product-type-variable"},"acf":[],"aioseo_notices":[],"jetpack_sharing_enabled":true,"_links":{"self":[{"href":"https:\/\/antcube.shop\/tr\/wp-json\/wp\/v2\/product\/3443","targetHints":{"allow":["GET"]}}],"collection":[{"href":"https:\/\/antcube.shop\/tr\/wp-json\/wp\/v2\/product"}],"about":[{"href":"https:\/\/antcube.shop\/tr\/wp-json\/wp\/v2\/types\/product"}],"replies":[{"embeddable":true,"href":"https:\/\/antcube.shop\/tr\/wp-json\/wp\/v2\/comments?post=3443"}],"wp:featuredmedia":[{"embeddable":true,"href":"https:\/\/antcube.shop\/tr\/wp-json\/wp\/v2\/media\/3451"}],"wp:attachment":[{"href":"https:\/\/antcube.shop\/tr\/wp-json\/wp\/v2\/media?parent=3443"}],"wp:term":[{"taxonomy":"product_brand","embeddable":true,"href":"https:\/\/antcube.shop\/tr\/wp-json\/wp\/v2\/product_brand?post=3443"},{"taxonomy":"product_cat","embeddable":true,"href":"https:\/\/antcube.shop\/tr\/wp-json\/wp\/v2\/product_cat?post=3443"},{"taxonomy":"product_tag","embeddable":true,"href":"https:\/\/antcube.shop\/tr\/wp-json\/wp\/v2\/product_tag?post=3443"}],"curies":[{"name":"wp","href":"https:\/\/api.w.org\/{rel}","templated":true}]}}