{"id":3169,"date":"2021-11-08T10:47:59","date_gmt":"2021-11-08T09:47:59","guid":{"rendered":"https:\/\/antcube.shop\/produkt\/fuhrungsleisten-l-20-2-st\/"},"modified":"2026-04-09T15:19:10","modified_gmt":"2026-04-09T13:19:10","slug":"guide-rails-l-20-2-pcs","status":"publish","type":"product","link":"https:\/\/antcube.shop\/tr\/urun\/guide-rails-l-20-2-pcs\/","title":{"rendered":"K\u0131lavuz raylar L 20 - 2 adet."},"content":{"rendered":"<p><strong>Boyutlar:<\/strong> 4x20x160mm<\/p>\n<p><strong>\u0130\u00e7erik:<\/strong> 2x k\u0131lavuz ray<\/p>\n<p><strong>Malzeme:<\/strong> PMMA<\/p>\n<p><strong>Renk:<\/strong> a\u00e7\u0131k, \u015feffaf<\/p>\n<p><strong>A\u00e7\u0131klama:<\/strong> K\u0131lavuz raylar, yuva eklerinin \/ yuva plakalar\u0131n\u0131n, yuva geni\u015fli\u011fi L veya 20 mm olan kombi arenalara veya duvar \u00e7iftliklerine tam olarak yerle\u015ftirilmesini sa\u011flar.<\/p>","protected":false},"excerpt":{"rendered":"<p>ANTCUBE kombi i\u00e7ine yerle\u015ftirildi\u011finde mantar ve al\u00e7\u0131\/al\u00e7\u0131 yuvas\u0131 i\u00e7in<\/p>","protected":false},"featured_media":2994,"comment_status":"open","ping_status":"closed","template":"","meta":{"_acf_changed":false,"content-type":"","_monsterinsights_skip_tracking":false,"_monsterinsights_sitenote_active":false,"_monsterinsights_sitenote_note":"","_monsterinsights_sitenote_category":0},"product_brand":[],"product_cat":[119,239],"product_tag":[],"class_list":{"0":"post-3169","1":"product","2":"type-product","3":"status-publish","4":"has-post-thumbnail","6":"product_cat-formicarium-components","7":"product_cat-useful-additions","9":"first","10":"instock","11":"taxable","12":"shipping-taxable","13":"purchasable","14":"product-type-simple"},"acf":[],"aioseo_notices":[],"jetpack_sharing_enabled":true,"_links":{"self":[{"href":"https:\/\/antcube.shop\/tr\/wp-json\/wp\/v2\/product\/3169","targetHints":{"allow":["GET"]}}],"collection":[{"href":"https:\/\/antcube.shop\/tr\/wp-json\/wp\/v2\/product"}],"about":[{"href":"https:\/\/antcube.shop\/tr\/wp-json\/wp\/v2\/types\/product"}],"replies":[{"embeddable":true,"href":"https:\/\/antcube.shop\/tr\/wp-json\/wp\/v2\/comments?post=3169"}],"wp:featuredmedia":[{"embeddable":true,"href":"https:\/\/antcube.shop\/tr\/wp-json\/wp\/v2\/media\/2994"}],"wp:attachment":[{"href":"https:\/\/antcube.shop\/tr\/wp-json\/wp\/v2\/media?parent=3169"}],"wp:term":[{"taxonomy":"product_brand","embeddable":true,"href":"https:\/\/antcube.shop\/tr\/wp-json\/wp\/v2\/product_brand?post=3169"},{"taxonomy":"product_cat","embeddable":true,"href":"https:\/\/antcube.shop\/tr\/wp-json\/wp\/v2\/product_cat?post=3169"},{"taxonomy":"product_tag","embeddable":true,"href":"https:\/\/antcube.shop\/tr\/wp-json\/wp\/v2\/product_tag?post=3169"}],"curies":[{"name":"wp","href":"https:\/\/api.w.org\/{rel}","templated":true}]}}