{"id":3167,"date":"2021-11-08T10:47:42","date_gmt":"2021-11-08T09:47:42","guid":{"rendered":"https:\/\/antcube.shop\/produkt\/glaswanne-40x20\/"},"modified":"2026-04-01T09:55:46","modified_gmt":"2026-04-01T07:55:46","slug":"cam-kuvet-40x20","status":"publish","type":"product","link":"https:\/\/antcube.shop\/tr\/urun\/cam-kuvet-40x20\/","title":{"rendered":"Cam k\u00fcvet 40\u00d720"},"content":{"rendered":"<p><strong>Boyutlar:<\/strong> 42 x 22 x 2 cm<br \/>\n<strong>\u0130\u00e7 boyutlar:<\/strong> 41 x 21 x 1,6 cm<\/p>\n<p><strong>\u0130\u00e7indekiler:<\/strong><br \/>\n1x k\u00fcvet 42x22x2 cm 4mm float camdan yap\u0131lm\u0131\u015ft\u0131r.<\/p>\n<p><strong>A\u00e7\u0131klama:<\/strong><br \/>\nCam k\u00fcvette delik yoktur, su ge\u00e7irmez \u015fekilde yap\u0131\u015ft\u0131r\u0131lm\u0131\u015ft\u0131r ve bu nedenle suyla da doldurulabilir. Kar\u0131ncalar i\u00e7in Ytong yuvalar\u0131m\u0131z i\u00e7in tasarlanm\u0131\u015ft\u0131r. Bunlar, alttaki y\u00fczeye (masa, dolap vb.) su girmeden veya kaba Ytong alttaki y\u00fczeyleri \u00e7izmeden kolayca sulanabilir ve ta\u015f\u0131nabilir. \u0130ste\u011fe ba\u011fl\u0131 olarak, \u00e7e\u015fitli yuvalar bir ada olarak merkeze yerle\u015ftirilebilir.<\/p>\n<p>&nbsp;<\/p>","protected":false},"excerpt":{"rendered":"<p>40\u00d720 arenal\u0131 Ytong yuvam\u0131z i\u00e7in cam k\u00fcvet<\/p>","protected":false},"featured_media":3007,"comment_status":"open","ping_status":"closed","template":"","meta":{"_acf_changed":false,"content-type":"","_monsterinsights_skip_tracking":false,"_monsterinsights_sitenote_active":false,"_monsterinsights_sitenote_note":"","_monsterinsights_sitenote_category":0},"product_brand":[],"product_cat":[119,239],"product_tag":[],"class_list":{"0":"post-3167","1":"product","2":"type-product","3":"status-publish","4":"has-post-thumbnail","6":"product_cat-formicarium-components","7":"product_cat-useful-additions","9":"first","10":"instock","11":"taxable","12":"shipping-taxable","13":"purchasable","14":"product-type-simple"},"acf":[],"aioseo_notices":[],"jetpack_sharing_enabled":true,"_links":{"self":[{"href":"https:\/\/antcube.shop\/tr\/wp-json\/wp\/v2\/product\/3167","targetHints":{"allow":["GET"]}}],"collection":[{"href":"https:\/\/antcube.shop\/tr\/wp-json\/wp\/v2\/product"}],"about":[{"href":"https:\/\/antcube.shop\/tr\/wp-json\/wp\/v2\/types\/product"}],"replies":[{"embeddable":true,"href":"https:\/\/antcube.shop\/tr\/wp-json\/wp\/v2\/comments?post=3167"}],"wp:featuredmedia":[{"embeddable":true,"href":"https:\/\/antcube.shop\/tr\/wp-json\/wp\/v2\/media\/3007"}],"wp:attachment":[{"href":"https:\/\/antcube.shop\/tr\/wp-json\/wp\/v2\/media?parent=3167"}],"wp:term":[{"taxonomy":"product_brand","embeddable":true,"href":"https:\/\/antcube.shop\/tr\/wp-json\/wp\/v2\/product_brand?post=3167"},{"taxonomy":"product_cat","embeddable":true,"href":"https:\/\/antcube.shop\/tr\/wp-json\/wp\/v2\/product_cat?post=3167"},{"taxonomy":"product_tag","embeddable":true,"href":"https:\/\/antcube.shop\/tr\/wp-json\/wp\/v2\/product_tag?post=3167"}],"curies":[{"name":"wp","href":"https:\/\/api.w.org\/{rel}","templated":true}]}}