{"id":3165,"date":"2021-11-08T10:47:26","date_gmt":"2021-11-08T09:47:26","guid":{"rendered":"https:\/\/antcube.shop\/produkt\/fotoruckwand-wald-20x20-cube\/"},"modified":"2026-03-23T09:46:41","modified_gmt":"2026-03-23T08:46:41","slug":"photo-back-wall-forest-20x20-cube","status":"publish","type":"product","link":"https:\/\/antcube.shop\/tr\/urun\/photo-back-wall-forest-20x20-cube\/","title":{"rendered":"Foto\u011fraf arka duvar\u0131 - Orman - 20\u00d720 - K\u00fcp"},"content":{"rendered":"<p><strong>Boyutlar:<\/strong> 20x20cm<\/p>\n<p><strong>Malzeme:<\/strong> Parlak folyo ka\u011f\u0131t<\/p>\n<p><strong>\u0130\u00e7erik:<\/strong> 1x foto\u011fraf arka duvar\u0131<\/p>\n<p><strong>A\u00e7\u0131klama:<\/strong> Bu foto\u011fraf arka duvar\u0131, kar\u0131ncalar\u0131n do\u011fal ya\u015fam alanlar\u0131na kar\u015f\u0131l\u0131k gelen bir ortam izlenimi vermek i\u00e7in formikaryumun arkas\u0131na d\u0131\u015far\u0131dan yap\u0131\u015ft\u0131r\u0131lm\u0131\u015ft\u0131r.<\/p>","protected":false},"excerpt":{"rendered":"<p>Boyutlar: 20x20cm\r\n\r\nMalzeme: Parlak folyo ka\u011f\u0131t\r\n\r\n\u0130\u00e7erik: 1x foto\u011fraf arka duvar\u0131\r\n\r\nA\u00e7\u0131klama: Bu foto\u011fraf arka duvar\u0131, kar\u0131ncalar\u0131n do\u011fal ya\u015fam alanlar\u0131na kar\u015f\u0131l\u0131k gelen bir ortam izlenimi vermek i\u00e7in formikaryumun arkas\u0131na d\u0131\u015far\u0131dan yap\u0131\u015ft\u0131r\u0131lm\u0131\u015ft\u0131r.<\/p>","protected":false},"featured_media":3135,"comment_status":"open","ping_status":"closed","template":"","meta":{"_acf_changed":false,"content-type":"","_monsterinsights_skip_tracking":false,"_monsterinsights_sitenote_active":false,"_monsterinsights_sitenote_note":"","_monsterinsights_sitenote_category":0},"product_brand":[],"product_cat":[97,105],"product_tag":[],"class_list":{"0":"post-3165","1":"product","2":"type-product","3":"status-publish","4":"has-post-thumbnail","6":"product_cat-photo-backwalls","7":"product_cat-forest-photo-backwall","9":"first","10":"instock","11":"taxable","12":"shipping-taxable","13":"purchasable","14":"product-type-simple"},"acf":[],"aioseo_notices":[],"jetpack_sharing_enabled":true,"_links":{"self":[{"href":"https:\/\/antcube.shop\/tr\/wp-json\/wp\/v2\/product\/3165","targetHints":{"allow":["GET"]}}],"collection":[{"href":"https:\/\/antcube.shop\/tr\/wp-json\/wp\/v2\/product"}],"about":[{"href":"https:\/\/antcube.shop\/tr\/wp-json\/wp\/v2\/types\/product"}],"replies":[{"embeddable":true,"href":"https:\/\/antcube.shop\/tr\/wp-json\/wp\/v2\/comments?post=3165"}],"wp:featuredmedia":[{"embeddable":true,"href":"https:\/\/antcube.shop\/tr\/wp-json\/wp\/v2\/media\/3135"}],"wp:attachment":[{"href":"https:\/\/antcube.shop\/tr\/wp-json\/wp\/v2\/media?parent=3165"}],"wp:term":[{"taxonomy":"product_brand","embeddable":true,"href":"https:\/\/antcube.shop\/tr\/wp-json\/wp\/v2\/product_brand?post=3165"},{"taxonomy":"product_cat","embeddable":true,"href":"https:\/\/antcube.shop\/tr\/wp-json\/wp\/v2\/product_cat?post=3165"},{"taxonomy":"product_tag","embeddable":true,"href":"https:\/\/antcube.shop\/tr\/wp-json\/wp\/v2\/product_tag?post=3165"}],"curies":[{"name":"wp","href":"https:\/\/api.w.org\/{rel}","templated":true}]}}