{"id":3162,"date":"2021-11-08T10:46:52","date_gmt":"2021-11-08T09:46:52","guid":{"rendered":"https:\/\/antcube.shop\/produkt\/antcube-eck-plattform-8x8-magnet\/"},"modified":"2026-05-10T02:47:14","modified_gmt":"2026-05-10T00:47:14","slug":"antcube-kose-platform-8x8-manyetik","status":"publish","type":"product","link":"https:\/\/antcube.shop\/tr\/urun\/antcube-kose-platform-8x8-manyetik\/","title":{"rendered":"ANTCUBE k\u00f6\u015fe platformu 8\u00d78 - manyetik"},"content":{"rendered":"<p><strong>Boyutlar:<\/strong> 80 x 80 x 22 mm<\/p>\n<p><strong>Malzeme:<\/strong> akri\u0307li\u0307k cam<\/p>\n<p><strong>Renk:<\/strong> \u015feffaf<\/p>\n<p><strong>\u0130\u00e7erik:<\/strong> 1 adet (3 par\u00e7a)<\/p>\n<p><strong>A\u00e7\u0131klama:<\/strong><br \/>\nANTCUBE k\u00f6\u015fe platformu 8\u00d78 - manyetik, m\u0131knat\u0131slar yard\u0131m\u0131yla herhangi bir formikaryuma sabitlenebilir. \u00d6zellikle daha y\u00fcksek ANTCUBE formikaryumlar\u0131m\u0131zda \u00fczerine yemlikler, kaseler veya suluklar yerle\u015ftirmek i\u00e7in uygundur.<br \/>\nANTCUBE K\u00f6\u015fe Platformu 8\u00d78 - Manyetik, m\u0131knat\u0131slar kullan\u0131larak d\u0131\u015far\u0131dan tak\u0131larak istenen y\u00fcksekli\u011fe veya derinli\u011fe ta\u015f\u0131nabilir.<\/p>\n<p><strong>Dikkat edin:<\/strong><br \/>\n\u00dcretim s\u00fcreci nedeniyle, m\u0131knat\u0131s par\u00e7alar\u0131nda hafif ila orta \u00e7atlaklar olabilir.<\/p>\n<p>&nbsp;<\/p>","protected":false},"excerpt":{"rendered":"<p>Boyutlar: 80 x 80 x 22 mm Malzeme: akrilik cam Renk: \u015feffaf \u0130\u00e7erik: 1 adet (3 par\u00e7a) A\u00e7\u0131klama: ANTCUBE k\u00f6\u015fe platformu 8x8 - manyetik, m\u0131knat\u0131slar yard\u0131m\u0131yla herhangi bir formikaryuma sabitlenebilir. \u00d6zellikle daha y\u00fcksek ANTCUBE formikaryumlar\u0131m\u0131zda \u00fczerine yemlikler, kaseler veya suluklar yerle\u015ftirmek i\u00e7in uygundur. Bu","protected":false},"featured_media":3140,"comment_status":"open","ping_status":"closed","template":"","meta":{"_acf_changed":false,"content-type":"","_monsterinsights_skip_tracking":false,"_monsterinsights_sitenote_active":false,"_monsterinsights_sitenote_note":"","_monsterinsights_sitenote_category":0},"product_brand":[],"product_cat":[119,239],"product_tag":[],"class_list":{"0":"post-3162","1":"product","2":"type-product","3":"status-publish","4":"has-post-thumbnail","6":"product_cat-formicarium-components","7":"product_cat-useful-additions","9":"first","10":"instock","11":"taxable","12":"shipping-taxable","13":"purchasable","14":"product-type-simple"},"acf":[],"aioseo_notices":[],"jetpack_sharing_enabled":true,"_links":{"self":[{"href":"https:\/\/antcube.shop\/tr\/wp-json\/wp\/v2\/product\/3162","targetHints":{"allow":["GET"]}}],"collection":[{"href":"https:\/\/antcube.shop\/tr\/wp-json\/wp\/v2\/product"}],"about":[{"href":"https:\/\/antcube.shop\/tr\/wp-json\/wp\/v2\/types\/product"}],"replies":[{"embeddable":true,"href":"https:\/\/antcube.shop\/tr\/wp-json\/wp\/v2\/comments?post=3162"}],"wp:featuredmedia":[{"embeddable":true,"href":"https:\/\/antcube.shop\/tr\/wp-json\/wp\/v2\/media\/3140"}],"wp:attachment":[{"href":"https:\/\/antcube.shop\/tr\/wp-json\/wp\/v2\/media?parent=3162"}],"wp:term":[{"taxonomy":"product_brand","embeddable":true,"href":"https:\/\/antcube.shop\/tr\/wp-json\/wp\/v2\/product_brand?post=3162"},{"taxonomy":"product_cat","embeddable":true,"href":"https:\/\/antcube.shop\/tr\/wp-json\/wp\/v2\/product_cat?post=3162"},{"taxonomy":"product_tag","embeddable":true,"href":"https:\/\/antcube.shop\/tr\/wp-json\/wp\/v2\/product_tag?post=3162"}],"curies":[{"name":"wp","href":"https:\/\/api.w.org\/{rel}","templated":true}]}}