{"id":3160,"date":"2021-11-08T10:46:36","date_gmt":"2021-11-08T09:46:36","guid":{"rendered":"https:\/\/antcube.shop\/produkt\/sonnenblumenblutenblatter-100g-getrocknet\/"},"modified":"2026-04-21T18:47:04","modified_gmt":"2026-04-21T16:47:04","slug":"aycicegi-petalleri-100g-kurutulmus","status":"publish","type":"product","link":"https:\/\/antcube.shop\/tr\/urun\/aycicegi-petalleri-100g-kurutulmus\/","title":{"rendered":"Ay\u00e7i\u00e7e\u011fi yapraklar\u0131 100g - kurutulmu\u015f"},"content":{"rendered":"<p><strong>\u0130\u00e7indekiler:<\/strong><br \/>\n100g kurutulmu\u015f ay\u00e7i\u00e7e\u011fi yapra\u011f\u0131.<\/p>\n<p><strong>A\u00e7\u0131klama:<\/strong><br \/>\nMantar yeti\u015ftiren kar\u0131nca t\u00fcrleri i\u00e7in besin ortam\u0131 olarak ay\u00e7i\u00e7e\u011fi yapraklar\u0131. Tamamen do\u011fal bir \u00fcr\u00fcnd\u00fcr.<\/p>\n<p><strong>Kullan\u0131m:<\/strong><br \/>\nAy\u00e7i\u00e7e\u011fi yapraklar\u0131 = mantar \u00fcreyen kar\u0131nca t\u00fcrleri i\u00e7in.<br \/>\nKuru \u00e7i\u00e7ekler sadece yaprak kesen kar\u0131ncalar\u0131n mantarlar\u0131 i\u00e7in bir \u00fcreme alan\u0131 g\u00f6revi g\u00f6r\u00fcr (ayn\u0131 zamanda nemlendirici olarak taze yapraklar\u0131n sunulmas\u0131 tavsiye edilir).<br \/>\nBeslenecek yapraklar\u0131 kuru mama haznesine yerle\u015ftirmeniz yeterlidir.<\/p>\n<p><strong>Depolama:<\/strong><br \/>\nKuru bir ortamda<\/p>\n<p><strong>\u0130\u00e7indekiler:<\/strong><br \/>\n100% kurutulmu\u015f ay\u00e7i\u00e7e\u011fi yapraklar\u0131.<\/p>","protected":false},"excerpt":{"rendered":"<p>\u0130\u00e7indekiler: 100g kurutulmu\u015f ay\u00e7i\u00e7e\u011fi yapra\u011f\u0131. A\u00e7\u0131klama: Mantar yeti\u015ftiren kar\u0131nca t\u00fcrleri i\u00e7in besin ortam\u0131 olarak ay\u00e7i\u00e7e\u011fi yapraklar\u0131. Tamamen do\u011fal bir \u00fcr\u00fcnd\u00fcr. Kullan\u0131m \u015eekli: Ay\u00e7i\u00e7e\u011fi yapraklar\u0131 = mantar \u00fcreyen kar\u0131nca t\u00fcrleri i\u00e7in. Kuru yapraklar sadece yaprak kesen kar\u0131ncalar\u0131n mantarlar\u0131 i\u00e7in bir \u00fcreme alan\u0131 olarak hizmet eder (taze yapraklar\u0131 nemlendirici olarak [...]","protected":false},"featured_media":10875,"comment_status":"open","ping_status":"closed","template":"","meta":{"_acf_changed":false,"content-type":"","_monsterinsights_skip_tracking":false,"_monsterinsights_sitenote_active":false,"_monsterinsights_sitenote_note":"","_monsterinsights_sitenote_category":0},"product_brand":[],"product_cat":[115,116],"product_tag":[],"class_list":{"0":"post-3160","1":"product","2":"type-product","3":"status-publish","4":"has-post-thumbnail","6":"product_cat-food-and-feeding","7":"product_cat-food","9":"first","10":"instock","11":"taxable","12":"shipping-taxable","13":"purchasable","14":"product-type-simple"},"acf":[],"aioseo_notices":[],"jetpack_sharing_enabled":true,"_links":{"self":[{"href":"https:\/\/antcube.shop\/tr\/wp-json\/wp\/v2\/product\/3160","targetHints":{"allow":["GET"]}}],"collection":[{"href":"https:\/\/antcube.shop\/tr\/wp-json\/wp\/v2\/product"}],"about":[{"href":"https:\/\/antcube.shop\/tr\/wp-json\/wp\/v2\/types\/product"}],"replies":[{"embeddable":true,"href":"https:\/\/antcube.shop\/tr\/wp-json\/wp\/v2\/comments?post=3160"}],"wp:featuredmedia":[{"embeddable":true,"href":"https:\/\/antcube.shop\/tr\/wp-json\/wp\/v2\/media\/10875"}],"wp:attachment":[{"href":"https:\/\/antcube.shop\/tr\/wp-json\/wp\/v2\/media?parent=3160"}],"wp:term":[{"taxonomy":"product_brand","embeddable":true,"href":"https:\/\/antcube.shop\/tr\/wp-json\/wp\/v2\/product_brand?post=3160"},{"taxonomy":"product_cat","embeddable":true,"href":"https:\/\/antcube.shop\/tr\/wp-json\/wp\/v2\/product_cat?post=3160"},{"taxonomy":"product_tag","embeddable":true,"href":"https:\/\/antcube.shop\/tr\/wp-json\/wp\/v2\/product_tag?post=3160"}],"curies":[{"name":"wp","href":"https:\/\/api.w.org\/{rel}","templated":true}]}}