{"id":3158,"date":"2021-11-08T10:46:20","date_gmt":"2021-11-08T09:46:20","guid":{"rendered":"https:\/\/antcube.shop\/produkt\/zuckerlosung-in-2ml-futterrohrchen-10-st\/"},"modified":"2026-04-03T11:58:54","modified_gmt":"2026-04-03T09:58:54","slug":"2ml-besleme-tuplerinde-seker-cozeltisi","status":"publish","type":"product","link":"https:\/\/antcube.shop\/tr\/urun\/2ml-besleme-tuplerinde-seker-cozeltisi\/","title":{"rendered":"2ml besleme t\u00fcp\u00fcnde \u015feker \u00e7\u00f6zeltisi - 10 adet."},"content":{"rendered":"<p><strong>\u0130\u00e7erik:<\/strong> 10x 2ml<\/p>\n<p><strong>A\u00e7\u0131klama:<\/strong> \u015eeker sol\u00fcsyonu di\u011fer yemlere ek bir yemdir.<\/p>\n<p><strong>Kullan\u0131m:<\/strong><br \/>\n\u015eeker \u00e7\u00f6zeltisi = \u015feker yiyen kar\u0131nca t\u00fcrleri i\u00e7in.<br \/>\nEk yemdir (tek yem)<br \/>\nTeslim edilmi\u015f halde hayvanlara sunulabilir. \u015eeker kuruyana kadar kullan\u0131labilir. Tekrar kullanmadan \u00f6nce besleme kab\u0131n\u0131\/t\u00fcp\u00fcn\u00fc iyice temizleyin.<br \/>\nA\u00e7\u0131lm\u0131\u015f bir paket, belirtilen tarihe kadar (son kullanma tarihi) s\u0131k\u0131ca kapal\u0131 olarak kullan\u0131labilir.<\/p>\n<p><strong>\u0130\u00e7indekiler:<\/strong><br \/>\n\u0130nvert \u015feker 55%<br \/>\nSakkaroz 45%<\/p>\n<p><strong>Depolama:<\/strong> Yemin kalitesinden emin olmak i\u00e7in karanl\u0131k ve kuru bir yerde saklanmal\u0131d\u0131r.<\/p>\n<p><strong>Dikkat edin:<\/strong><br \/>\nBesleme t\u00fcplerinin nas\u0131l kullan\u0131laca\u011f\u0131na ili\u015fkin bilgileri burada bulabilirsiniz: Ba\u011flant\u0131<br \/>\nBile\u015fim, analitik bile\u015fenler, son kullanma tarihi ve lot numaras\u0131 i\u00e7in l\u00fctfen prospekt\u00fcse bak\u0131n\u0131z.<\/p>\n<p>Bilgi Hatt\u0131 +49 30 439703870<\/p>\n<p>Sorumlu veterinerlik ve g\u0131da denetim makam\u0131:<br \/>\nSteglitz Veterinerlik Ofisi<br \/>\nK\u00f6nigin-Luise-Str. 92<br \/>\n14195 Berlin<\/p>","protected":false},"excerpt":{"rendered":"<p>Ek g\u0131da<\/p>","protected":false},"featured_media":3147,"comment_status":"open","ping_status":"closed","template":"","meta":{"_acf_changed":false,"content-type":"","_monsterinsights_skip_tracking":false,"_monsterinsights_sitenote_active":false,"_monsterinsights_sitenote_note":"","_monsterinsights_sitenote_category":0},"product_brand":[],"product_cat":[115,116],"product_tag":[],"class_list":{"0":"post-3158","1":"product","2":"type-product","3":"status-publish","4":"has-post-thumbnail","6":"product_cat-food-and-feeding","7":"product_cat-food","9":"first","10":"instock","11":"taxable","12":"shipping-taxable","13":"purchasable","14":"product-type-simple"},"acf":[],"aioseo_notices":[],"jetpack_sharing_enabled":true,"_links":{"self":[{"href":"https:\/\/antcube.shop\/tr\/wp-json\/wp\/v2\/product\/3158","targetHints":{"allow":["GET"]}}],"collection":[{"href":"https:\/\/antcube.shop\/tr\/wp-json\/wp\/v2\/product"}],"about":[{"href":"https:\/\/antcube.shop\/tr\/wp-json\/wp\/v2\/types\/product"}],"replies":[{"embeddable":true,"href":"https:\/\/antcube.shop\/tr\/wp-json\/wp\/v2\/comments?post=3158"}],"wp:featuredmedia":[{"embeddable":true,"href":"https:\/\/antcube.shop\/tr\/wp-json\/wp\/v2\/media\/3147"}],"wp:attachment":[{"href":"https:\/\/antcube.shop\/tr\/wp-json\/wp\/v2\/media?parent=3158"}],"wp:term":[{"taxonomy":"product_brand","embeddable":true,"href":"https:\/\/antcube.shop\/tr\/wp-json\/wp\/v2\/product_brand?post=3158"},{"taxonomy":"product_cat","embeddable":true,"href":"https:\/\/antcube.shop\/tr\/wp-json\/wp\/v2\/product_cat?post=3158"},{"taxonomy":"product_tag","embeddable":true,"href":"https:\/\/antcube.shop\/tr\/wp-json\/wp\/v2\/product_tag?post=3158"}],"curies":[{"name":"wp","href":"https:\/\/api.w.org\/{rel}","templated":true}]}}