{"id":3154,"date":"2021-11-08T10:45:55","date_gmt":"2021-11-08T09:45:55","guid":{"rendered":"https:\/\/antcube.shop\/produkt\/kornerfutter-major-in-2ml-futterrohrchen-10-st\/"},"modified":"2026-04-14T12:07:39","modified_gmt":"2026-04-14T10:07:39","slug":"tahil-gida-ana-icinde-2ml-besleme-tupleri","status":"publish","type":"product","link":"https:\/\/antcube.shop\/tr\/urun\/tahil-gida-ana-icinde-2ml-besleme-tupleri\/","title":{"rendered":"2ml besleme t\u00fcplerinde tah\u0131l mamas\u0131 major - 10 adet."},"content":{"rendered":"<p><strong>\u0130\u00e7erik:<\/strong> 10x 2 ml<\/p>\n<p><strong>A\u00e7\u0131klama:<\/strong> Messor cinsi gibi tah\u0131l toplayan kar\u0131nca t\u00fcrlerinin daha b\u00fcy\u00fck kolonileri i\u00e7in daha b\u00fcy\u00fck tah\u0131llar\/tohumlar, ki bu kolonilerde zaten b\u00fcy\u00fck i\u015f\u00e7i kar\u0131ncalar vard\u0131r.<\/p>\n<p><strong>Uygulama:<\/strong> Besin t\u00fcp\u00fc bir b\u00fct\u00fcn olarak formikaryuma yerle\u015ftirilebilir, alternatif olarak gerekti\u011finde\/koloni b\u00fcy\u00fckl\u00fc\u011f\u00fcne g\u00f6re bir besin kab\u0131na daha k\u00fc\u00e7\u00fck miktarlarda eklenebilir. Tah\u0131l yemi \u00f6ncelikle Messor cinsi veya Pheidole gibi tah\u0131l toplayan t\u00fcrler taraf\u0131ndan kabul edilir.<\/p>\n<p><strong>Dikkat edin:<\/strong><br \/>\nBeslenme t\u00fcplerinin kullan\u0131m\u0131na ili\u015fkin bilgileri burada bulabilirsiniz: Ba\u011flant\u0131<br \/>\nGranivor kar\u0131ncalar i\u00e7in ek besin.<br \/>\nBile\u015fim, analitik bile\u015fenler, son kullanma tarihi ve lot numaras\u0131 i\u00e7in l\u00fctfen prospekt\u00fcse bak\u0131n\u0131z.<\/p>\n<p>Bilgi Hatt\u0131 +49 30 439703870<\/p>\n<p>Sorumlu veterinerlik ve g\u0131da denetim makam\u0131:<br \/>\nSteglitz Veterinerlik Ofisi<br \/>\nK\u00f6nigin-Luise-Str. 92<br \/>\n14195 Berlin<\/p>","protected":false},"excerpt":{"rendered":"<p>Ek g\u0131da<\/p>","protected":false},"featured_media":3151,"comment_status":"open","ping_status":"closed","template":"","meta":{"_acf_changed":false,"content-type":"","_monsterinsights_skip_tracking":false,"_monsterinsights_sitenote_active":false,"_monsterinsights_sitenote_note":"","_monsterinsights_sitenote_category":0},"product_brand":[],"product_cat":[115,116],"product_tag":[],"class_list":{"0":"post-3154","1":"product","2":"type-product","3":"status-publish","4":"has-post-thumbnail","6":"product_cat-food-and-feeding","7":"product_cat-food","9":"first","10":"instock","11":"taxable","12":"shipping-taxable","13":"purchasable","14":"product-type-simple"},"acf":[],"aioseo_notices":[],"jetpack_sharing_enabled":true,"_links":{"self":[{"href":"https:\/\/antcube.shop\/tr\/wp-json\/wp\/v2\/product\/3154","targetHints":{"allow":["GET"]}}],"collection":[{"href":"https:\/\/antcube.shop\/tr\/wp-json\/wp\/v2\/product"}],"about":[{"href":"https:\/\/antcube.shop\/tr\/wp-json\/wp\/v2\/types\/product"}],"replies":[{"embeddable":true,"href":"https:\/\/antcube.shop\/tr\/wp-json\/wp\/v2\/comments?post=3154"}],"wp:featuredmedia":[{"embeddable":true,"href":"https:\/\/antcube.shop\/tr\/wp-json\/wp\/v2\/media\/3151"}],"wp:attachment":[{"href":"https:\/\/antcube.shop\/tr\/wp-json\/wp\/v2\/media?parent=3154"}],"wp:term":[{"taxonomy":"product_brand","embeddable":true,"href":"https:\/\/antcube.shop\/tr\/wp-json\/wp\/v2\/product_brand?post=3154"},{"taxonomy":"product_cat","embeddable":true,"href":"https:\/\/antcube.shop\/tr\/wp-json\/wp\/v2\/product_cat?post=3154"},{"taxonomy":"product_tag","embeddable":true,"href":"https:\/\/antcube.shop\/tr\/wp-json\/wp\/v2\/product_tag?post=3154"}],"curies":[{"name":"wp","href":"https:\/\/api.w.org\/{rel}","templated":true}]}}