{"id":3152,"date":"2021-11-08T10:45:38","date_gmt":"2021-11-08T09:45:38","guid":{"rendered":"https:\/\/antcube.shop\/produkt\/antcube-ameisenfarm-xl-20x20-stehend\/"},"modified":"2026-04-10T09:16:05","modified_gmt":"2026-04-10T07:16:05","slug":"antcube-antfarm-xl-20x20-standing","status":"publish","type":"product","link":"https:\/\/antcube.shop\/tr\/urun\/antcube-antfarm-xl-20x20-standing\/","title":{"rendered":"ANTCUBE - Antfarm - XL - 20\u00d720 - ayakta"},"content":{"rendered":"<p><strong>Boyutlar (LxWxH):<\/strong><br \/>\nd\u0131\u015f:190x58x199 mm<br \/>\ni\u00e7: 184x50x190 mm<\/p>\n<p><strong>Malzeme:<\/strong><br \/>\nFloat cam, plastik<\/p>\n<p><strong>Renk:<\/strong><br \/>\nkristal berrakl\u0131\u011f\u0131nda<\/p>\n<p><strong>\u0130\u00e7erik:<\/strong><br \/>\n1x ANTCUBE kar\u0131nca \u00e7iftli\u011fi - 52mm plaka aral\u0131\u011f\u0131.<br \/>\n1x Kar\u0131nca \u00e7iftli\u011fi \u00f6rt\u00fcs\u00fc XL 20\u00d76<br \/>\n2x fi\u015f 4mm<\/p>\n<p><strong>Ba\u011flant\u0131:<\/strong><br \/>\nHer iki tarafta da 27 mm'lik bir delik bulacaks\u0131n\u0131z, bu nedenle bu \u00e7iftlik 28 mm'lik bir hortumla veya \"27 mm'lik delikler i\u00e7in hortumlu tank konekt\u00f6r\u00fc\" ile ba\u011flanabilir.<br \/>\n4 mm tapal\u0131 2x 4 mm delik.<\/p>\n<p><strong>A\u00e7\u0131klama:<\/strong><br \/>\nBu tamamen \u015feffaf kar\u0131nca \u00e7iftli\u011fi a\u015fa\u011f\u0131dakiler i\u00e7in uygundur <strong>XL<\/strong> boyut kar\u0131nca t\u00fcrleri.<\/p>\n<p><strong>\u00dcretim hakk\u0131nda notlar<\/strong><br \/>\nCam DIN 1249'a g\u00f6re +\/- 1 mm toleransla kesilmi\u015ftir. \u00c7ok k\u00fc\u00e7\u00fck kar\u0131nca t\u00fcrleri i\u00e7in ek bir kopma korumas\u0131 gereklidir.<\/p>\n<p><strong>\u00c7iftlik hakk\u0131nda not<\/strong><br \/>\nHortumlar\u0131 takarken l\u00fctfen a\u015fa\u011f\u0131dakilere dikkat edin:<br \/>\nHortumun konekt\u00f6r burcuna tak\u0131lmas\u0131 \u00e7ok zorsa, bur\u00e7 bir damla kopma koruma ya\u011f\u0131 veya tozuyla hafif\u00e7e ovulmal\u0131d\u0131r. Daha sonra hortum, yukar\u0131 ve a\u015fa\u011f\u0131 hareketlerle burca y\u00fcklenmeden, b\u00fckme veya vidalama hareketleriyle burcun \u00fczerine itilmelidir.<\/p>","protected":false},"excerpt":{"rendered":"<p>Boyut: <span style=\"font-size: small;\"><span style=\"font-family: Arial;\"><strong>XL<\/strong><\/span><\/span><\/p>","protected":false},"featured_media":3129,"comment_status":"open","ping_status":"closed","template":"","meta":{"_acf_changed":false,"content-type":"","_monsterinsights_skip_tracking":false,"_monsterinsights_sitenote_active":false,"_monsterinsights_sitenote_note":"","_monsterinsights_sitenote_category":0},"product_brand":[],"product_cat":[80,84],"product_tag":[],"class_list":{"0":"post-3152","1":"product","2":"type-product","3":"status-publish","4":"has-post-thumbnail","6":"product_cat-antfarms","7":"product_cat-antfarms-xl","9":"first","10":"instock","11":"taxable","12":"shipping-taxable","13":"purchasable","14":"product-type-simple"},"acf":[],"aioseo_notices":[],"jetpack_sharing_enabled":true,"_links":{"self":[{"href":"https:\/\/antcube.shop\/tr\/wp-json\/wp\/v2\/product\/3152","targetHints":{"allow":["GET"]}}],"collection":[{"href":"https:\/\/antcube.shop\/tr\/wp-json\/wp\/v2\/product"}],"about":[{"href":"https:\/\/antcube.shop\/tr\/wp-json\/wp\/v2\/types\/product"}],"replies":[{"embeddable":true,"href":"https:\/\/antcube.shop\/tr\/wp-json\/wp\/v2\/comments?post=3152"}],"wp:featuredmedia":[{"embeddable":true,"href":"https:\/\/antcube.shop\/tr\/wp-json\/wp\/v2\/media\/3129"}],"wp:attachment":[{"href":"https:\/\/antcube.shop\/tr\/wp-json\/wp\/v2\/media?parent=3152"}],"wp:term":[{"taxonomy":"product_brand","embeddable":true,"href":"https:\/\/antcube.shop\/tr\/wp-json\/wp\/v2\/product_brand?post=3152"},{"taxonomy":"product_cat","embeddable":true,"href":"https:\/\/antcube.shop\/tr\/wp-json\/wp\/v2\/product_cat?post=3152"},{"taxonomy":"product_tag","embeddable":true,"href":"https:\/\/antcube.shop\/tr\/wp-json\/wp\/v2\/product_tag?post=3152"}],"curies":[{"name":"wp","href":"https:\/\/api.w.org\/{rel}","templated":true}]}}