{"id":3087,"date":"2021-10-21T13:24:43","date_gmt":"2021-10-21T11:24:43","guid":{"rendered":"https:\/\/antcube.shop\/produkt\/tranke-2ml-front-dosierbar\/"},"modified":"2026-04-13T09:29:59","modified_gmt":"2026-04-13T07:29:59","slug":"drinking-trough-2ml-front-dosing","status":"publish","type":"product","link":"https:\/\/antcube.shop\/tr\/urun\/drinking-trough-2ml-front-dosing\/","title":{"rendered":"\u0130\u00e7me teknesi 2ml - \u00f6nden dozajlama"},"content":{"rendered":"<p><strong>Boyutlar:<\/strong> 30x40x52 mm, 2 ml<\/p>\n<p><strong>\u0130\u00e7indekiler:<\/strong><br \/>\n1x 5mm a\u00e7\u0131kl\u0131\u011fa sahip 1x ayak (0-1mm dozlanabilir).<br \/>\n1x kar\u0131nca yemi t\u00fcp\u00fc<\/p>\n<p><strong>Malzeme:<\/strong> PMMA, PS<\/p>\n<p><strong>A\u00e7\u0131klama:<\/strong> Bu, kar\u0131ncalar\u0131n bir formikaryum i\u00e7inde kendilerine yeterli nemi sa\u011flamalar\u0131na olanak tan\u0131r. Tatil sezonu i\u00e7in de idealdir. 2 ml'lik kar\u0131nca yemi t\u00fcpleri art\u0131k ayak i\u00e7ine yerle\u015ftirilebilir. Yerle\u015ftirme derinli\u011fi nedeniyle, mama miktar\u0131 dozlanabilir.<\/p>\n<p><strong>Renkler:<\/strong> \u015feffaf<\/p>","protected":false},"excerpt":{"rendered":"<p>Boyutlar: 30x40x52 mm, 2 ml<\/p>","protected":false},"featured_media":3136,"comment_status":"open","ping_status":"closed","template":"","meta":{"_acf_changed":false,"content-type":"","_monsterinsights_skip_tracking":false,"_monsterinsights_sitenote_active":false,"_monsterinsights_sitenote_note":"","_monsterinsights_sitenote_category":0},"product_brand":[],"product_cat":[115,117],"product_tag":[],"class_list":{"0":"post-3087","1":"product","2":"type-product","3":"status-publish","4":"has-post-thumbnail","6":"product_cat-food-and-feeding","7":"product_cat-drinkers-for-ants","9":"first","10":"instock","11":"taxable","12":"shipping-taxable","13":"purchasable","14":"product-type-simple"},"acf":[],"aioseo_notices":[],"jetpack_sharing_enabled":true,"_links":{"self":[{"href":"https:\/\/antcube.shop\/tr\/wp-json\/wp\/v2\/product\/3087","targetHints":{"allow":["GET"]}}],"collection":[{"href":"https:\/\/antcube.shop\/tr\/wp-json\/wp\/v2\/product"}],"about":[{"href":"https:\/\/antcube.shop\/tr\/wp-json\/wp\/v2\/types\/product"}],"replies":[{"embeddable":true,"href":"https:\/\/antcube.shop\/tr\/wp-json\/wp\/v2\/comments?post=3087"}],"wp:featuredmedia":[{"embeddable":true,"href":"https:\/\/antcube.shop\/tr\/wp-json\/wp\/v2\/media\/3136"}],"wp:attachment":[{"href":"https:\/\/antcube.shop\/tr\/wp-json\/wp\/v2\/media?parent=3087"}],"wp:term":[{"taxonomy":"product_brand","embeddable":true,"href":"https:\/\/antcube.shop\/tr\/wp-json\/wp\/v2\/product_brand?post=3087"},{"taxonomy":"product_cat","embeddable":true,"href":"https:\/\/antcube.shop\/tr\/wp-json\/wp\/v2\/product_cat?post=3087"},{"taxonomy":"product_tag","embeddable":true,"href":"https:\/\/antcube.shop\/tr\/wp-json\/wp\/v2\/product_tag?post=3087"}],"curies":[{"name":"wp","href":"https:\/\/api.w.org\/{rel}","templated":true}]}}