{"id":2871,"date":"2021-10-13T18:46:51","date_gmt":"2021-10-13T16:46:51","guid":{"rendered":"https:\/\/antcube.shop\/produkt\/beckenverbinder-b-27-und-s-10-16-mm-m25-set\/"},"modified":"2026-04-24T09:50:18","modified_gmt":"2026-04-24T07:50:18","slug":"beckenverbinder-b-27-und-s-10-16-mm-m25-set","status":"publish","type":"product","link":"https:\/\/antcube.shop\/tr\/urun\/beckenverbinder-b-27-und-s-10-16-mm-m25-set\/","title":{"rendered":"Havza konekt\u00f6r\u00fc B-27 ve S-10-16 mm M25 - set"},"content":{"rendered":"<p><strong>Boyutlar:<\/strong> delik 27 ve hortum 10-16 mm i\u00e7in<\/p>\n<p><strong>\u0130\u00e7indekiler:<\/strong><br \/>\n1x vida adapt\u00f6r\u00fc<br \/>\n1x kilit somunu<\/p>\n<p><strong>A\u00e7\u0131klama:<\/strong> Bu lavabo konekt\u00f6r\u00fc, delikten ge\u00e7irilir ve ekteki kilit somunu ile vidalan\u0131r. Bu, ba\u011flant\u0131n\u0131n kopmaya kar\u015f\u0131 korumal\u0131 olmas\u0131n\u0131 ve lavabolar\u0131 ta\u015f\u0131rken de g\u00fcvenli bir \u015fekilde durmas\u0131n\u0131 sa\u011flar. Di\u011fer uca uygun bir hortum tak\u0131l\u0131r.<\/p>","protected":false},"excerpt":{"rendered":"<p>Boyutlar: delik 27 ve hortum 10-16 mm i\u00e7in \u0130\u00e7indekiler: 1x vida adapt\u00f6r\u00fc 1x kilit somunu A\u00e7\u0131klama: Bu lavabo konekt\u00f6r\u00fc, delikten sokulur ve ekteki kilit somunu ile vidalan\u0131r. Bu, ba\u011flant\u0131n\u0131n kopmaya kar\u015f\u0131 korumal\u0131 olmas\u0131n\u0131 ve lavabolar\u0131 ta\u015f\u0131rken de g\u00fcvenli bir \u015fekilde durmas\u0131n\u0131 sa\u011flar. Di\u011fer uca uygun bir hortum tak\u0131l\u0131r.<\/p>","protected":false},"featured_media":2991,"comment_status":"open","ping_status":"closed","template":"","meta":{"_acf_changed":false,"content-type":"","_monsterinsights_skip_tracking":false,"_monsterinsights_sitenote_active":false,"_monsterinsights_sitenote_note":"","_monsterinsights_sitenote_category":0},"product_brand":[],"product_cat":[121],"product_tag":[],"class_list":{"0":"post-2871","1":"product","2":"type-product","3":"status-publish","4":"has-post-thumbnail","6":"product_cat-connectors","8":"first","9":"instock","10":"taxable","11":"shipping-taxable","12":"purchasable","13":"product-type-simple"},"acf":[],"aioseo_notices":[],"jetpack_sharing_enabled":true,"_links":{"self":[{"href":"https:\/\/antcube.shop\/tr\/wp-json\/wp\/v2\/product\/2871","targetHints":{"allow":["GET"]}}],"collection":[{"href":"https:\/\/antcube.shop\/tr\/wp-json\/wp\/v2\/product"}],"about":[{"href":"https:\/\/antcube.shop\/tr\/wp-json\/wp\/v2\/types\/product"}],"replies":[{"embeddable":true,"href":"https:\/\/antcube.shop\/tr\/wp-json\/wp\/v2\/comments?post=2871"}],"wp:featuredmedia":[{"embeddable":true,"href":"https:\/\/antcube.shop\/tr\/wp-json\/wp\/v2\/media\/2991"}],"wp:attachment":[{"href":"https:\/\/antcube.shop\/tr\/wp-json\/wp\/v2\/media?parent=2871"}],"wp:term":[{"taxonomy":"product_brand","embeddable":true,"href":"https:\/\/antcube.shop\/tr\/wp-json\/wp\/v2\/product_brand?post=2871"},{"taxonomy":"product_cat","embeddable":true,"href":"https:\/\/antcube.shop\/tr\/wp-json\/wp\/v2\/product_cat?post=2871"},{"taxonomy":"product_tag","embeddable":true,"href":"https:\/\/antcube.shop\/tr\/wp-json\/wp\/v2\/product_tag?post=2871"}],"curies":[{"name":"wp","href":"https:\/\/api.w.org\/{rel}","templated":true}]}}