{"id":2869,"date":"2021-10-13T18:46:31","date_gmt":"2021-10-13T16:46:31","guid":{"rendered":"https:\/\/antcube.shop\/produkt\/antcube-gipsnest-20x20-liegend\/"},"modified":"2026-04-14T09:34:55","modified_gmt":"2026-04-14T07:34:55","slug":"antcube-gipsnest-20x20-liegend","status":"publish","type":"product","link":"https:\/\/antcube.shop\/tr\/urun\/antcube-gipsnest-20x20-liegend\/","title":{"rendered":"ANTCUBE - al\u00e7\u0131 yuva 20\u00d720 - yatar"},"content":{"rendered":"<p><strong>Boyutlar:<\/strong><br \/>\n<strong>Al\u00e7\u0131 yuva: <\/strong>190 x 190 x 20mm<br \/>\n<strong>Cam kapak:<\/strong> 179 x 179 x 4mm<\/p>\n<p><strong>Malzeme:<\/strong> Al\u00e7\u0131<\/p>\n<p><strong>\u0130\u00e7indekiler:<\/strong><br \/>\n1x al\u00e7\u0131 yuva 20\u00d720, iki ba\u011flant\u0131 soketli M 10\/08<br \/>\n50 mm delikli 1x cam kapak<br \/>\n1x akrilik - 27mm delik i\u00e7in 50mm halka<br \/>\n1x Formikaryum taban\u0131 20\u00d720<br \/>\n2x \u0131zgara kapa\u011f\u0131 - 10mm - paslanmaz \u00e7elik<br \/>\n1x \u0131zgara ek par\u00e7as\u0131 - 27mm - paslanmaz \u00e7elik<\/p>\n<p><strong>A\u00e7\u0131klama:<\/strong> Prefabrik ge\u00e7itlere ve odac\u0131klara sahip al\u00e7\u0131 yuvam\u0131z, \u00f6zellikle yuvalar\u0131n\u0131 \u00e7ok kumlu veya ta\u015fl\u0131 topraklarda in\u015fa eden t\u00fcrler i\u00e7in olmak \u00fczere bir\u00e7ok kar\u0131nca t\u00fcr\u00fc i\u00e7in uygundur. Yuvaya eri\u015fim i\u00e7in bir deli\u011fi vard\u0131r. Al\u00e7\u0131n\u0131n suyu emme \u00f6zelli\u011fi vard\u0131r, bu nedenle belirli bir miktar nem depolan\u0131r. Bununla birlikte, al\u00e7\u0131 yuva s\u00fcrekli nemli olarak kullan\u0131lmamal\u0131d\u0131r \u00e7\u00fcnk\u00fc aksi takdirde k\u00fcflenmeye yol a\u00e7abilir (yiyecek kal\u0131nt\u0131lar\u0131 veya kar\u0131ncalar\u0131n d\u0131\u015fk\u0131s\u0131 nedeniyle). Bu nedenle, m\u00fcmk\u00fcnse olduk\u00e7a kuru b\u00f6lgelerden gelen t\u00fcrler burada tutulmal\u0131d\u0131r. \u00d6rne\u011fin Akdeniz veya \u00e7\u00f6l b\u00f6lgelerinden gelen t\u00fcrler gibi.<\/p>\n<p><strong>Not:<\/strong> Yap\u0131lar\u0131 nedeniyle \u00e7ok k\u00fc\u00e7\u00fck t\u00fcrler i\u00e7in uygun de\u011fildirler (\u00f6rne\u011fin: Pheidole t\u00fcrleri, Temnothorax t\u00fcrleri), 0,3 - 0,5 mm'lik bo\u015fluklar olu\u015fabilir.<\/p>\n<p>Ba\u011flant\u0131 soketleri hakk\u0131nda not<br \/>\nHortumlar\u0131 takarken veya \u00e7\u0131kar\u0131rken l\u00fctfen a\u015fa\u011f\u0131dakilere dikkat edin:<br \/>\nHortumun konekt\u00f6r burcuna tak\u0131lmas\u0131 \u00e7ok zorsa, bur\u00e7 bir damla kopma koruma ya\u011f\u0131 veya tozuyla hafif\u00e7e ovulmal\u0131d\u0131r. Daha sonra hortum, yukar\u0131 ve a\u015fa\u011f\u0131 hareketlerle burcu zorlamadan, b\u00fckme veya vidalama hareketleriyle burcun \u00fczerine itilmelidir. Ayn\u0131 durum hortumlar\u0131 \u00e7iftli\u011fin ba\u011flant\u0131 burcundan \u00e7\u0131kar\u0131rken de ge\u00e7erlidir. L\u00fctfen basit\u00e7e \u00e7ekip \u00e7\u0131karmay\u0131n!<\/p>\n<p>&nbsp;<\/p>\n<p>&nbsp;<\/p>","protected":false},"excerpt":{"rendered":"<p>Boyutlar: Al\u00e7\u0131 yuva: 190 x 190 x 20mm Cam kapak: 179 x 179 x 4mm Malzeme: Al\u00e7\u0131 \u0130\u00e7indekiler: 1x al\u00e7\u0131 yuva 20\u00d720 iki ba\u011flant\u0131 soketli M 10\/08 1x 50mm delikli cam kapak 1x akrilik - 27mm delik i\u00e7in halka 50mm 1x Formicarium taban 20\u00d720 2x \u0131zgara kapa\u011f\u0131 - 10mm - paslanmaz \u00e7elik 1x [...]","protected":false},"featured_media":3194,"comment_status":"open","ping_status":"closed","template":"","meta":{"_acf_changed":false,"content-type":"","_monsterinsights_skip_tracking":false,"_monsterinsights_sitenote_active":false,"_monsterinsights_sitenote_note":"","_monsterinsights_sitenote_category":0},"product_brand":[],"product_cat":[80,86],"product_tag":[],"class_list":{"0":"post-2869","1":"product","2":"type-product","3":"status-publish","4":"has-post-thumbnail","6":"product_cat-antfarms","7":"product_cat-formicariums","9":"first","10":"instock","11":"taxable","12":"shipping-taxable","13":"purchasable","14":"product-type-simple"},"acf":[],"aioseo_notices":[],"jetpack_sharing_enabled":true,"_links":{"self":[{"href":"https:\/\/antcube.shop\/tr\/wp-json\/wp\/v2\/product\/2869","targetHints":{"allow":["GET"]}}],"collection":[{"href":"https:\/\/antcube.shop\/tr\/wp-json\/wp\/v2\/product"}],"about":[{"href":"https:\/\/antcube.shop\/tr\/wp-json\/wp\/v2\/types\/product"}],"replies":[{"embeddable":true,"href":"https:\/\/antcube.shop\/tr\/wp-json\/wp\/v2\/comments?post=2869"}],"wp:featuredmedia":[{"embeddable":true,"href":"https:\/\/antcube.shop\/tr\/wp-json\/wp\/v2\/media\/3194"}],"wp:attachment":[{"href":"https:\/\/antcube.shop\/tr\/wp-json\/wp\/v2\/media?parent=2869"}],"wp:term":[{"taxonomy":"product_brand","embeddable":true,"href":"https:\/\/antcube.shop\/tr\/wp-json\/wp\/v2\/product_brand?post=2869"},{"taxonomy":"product_cat","embeddable":true,"href":"https:\/\/antcube.shop\/tr\/wp-json\/wp\/v2\/product_cat?post=2869"},{"taxonomy":"product_tag","embeddable":true,"href":"https:\/\/antcube.shop\/tr\/wp-json\/wp\/v2\/product_tag?post=2869"}],"curies":[{"name":"wp","href":"https:\/\/api.w.org\/{rel}","templated":true}]}}