{"id":2868,"date":"2021-10-13T18:43:30","date_gmt":"2021-10-13T16:43:30","guid":{"rendered":"https:\/\/antcube.shop\/produkt\/antcube-gipsnest-20x20-stehend\/"},"modified":"2026-04-05T22:20:14","modified_gmt":"2026-04-05T20:20:14","slug":"antcube-gipsnest-20x20-stehend","status":"publish","type":"product","link":"https:\/\/antcube.shop\/tr\/urun\/antcube-gipsnest-20x20-stehend\/","title":{"rendered":"ANTCUBE - Al\u00e7\u0131 yuva 20\u00d720 - ayakta"},"content":{"rendered":"<p><strong>Boyutlar:<\/strong> 182 x 159 x 19,5 mm<\/p>\n<p><strong>Malzeme:<\/strong> Al\u00e7\u0131 \/ S\u0131va<\/p>\n<p>Sadece kar\u0131nca \u00e7iftli\u011fi \u00f6l\u00e7\u00fclerimize uyar <strong>L<\/strong><\/p>\n<p><strong>A\u00e7\u0131klama:<\/strong> Prefabrik ge\u00e7itlere ve odac\u0131klara sahip al\u00e7\u0131 yuvam\u0131z, \u00f6zellikle yuvalar\u0131n\u0131 \u00e7ok kumlu veya ta\u015fl\u0131 topraklarda in\u015fa eden t\u00fcrler i\u00e7in olmak \u00fczere bir\u00e7ok kar\u0131nca t\u00fcr\u00fc i\u00e7in uygundur. Yuvaya eri\u015fim i\u00e7in bir deli\u011fi vard\u0131r. Al\u00e7\u0131n\u0131n suyu emme \u00f6zelli\u011fi vard\u0131r, bu nedenle belirli bir miktar nem depolan\u0131r. Bununla birlikte, al\u00e7\u0131 yuva s\u00fcrekli nemli olarak kullan\u0131lmamal\u0131d\u0131r \u00e7\u00fcnk\u00fc aksi takdirde k\u00fcflenmeye yol a\u00e7abilir (yiyecek kal\u0131nt\u0131lar\u0131 veya kar\u0131ncalar\u0131n d\u0131\u015fk\u0131s\u0131 nedeniyle). Bu nedenle, m\u00fcmk\u00fcnse olduk\u00e7a kuru b\u00f6lgelerden gelen t\u00fcrler burada tutulmal\u0131d\u0131r. \u00d6rne\u011fin Akdeniz veya \u00e7\u00f6l b\u00f6lgelerinden gelen t\u00fcrler gibi.<\/p>\n<p>&nbsp;<\/p>","protected":false},"excerpt":{"rendered":"<p>Sadece kar\u0131nca \u00e7iftli\u011fi \u00f6l\u00e7\u00fclerimize uyar <strong>L<\/strong><\/p>","protected":false},"featured_media":351,"comment_status":"open","ping_status":"closed","template":"","meta":{"_acf_changed":false,"content-type":"","_monsterinsights_skip_tracking":false,"_monsterinsights_sitenote_active":false,"_monsterinsights_sitenote_note":"","_monsterinsights_sitenote_category":0},"product_brand":[],"product_cat":[87,90],"product_tag":[],"class_list":{"0":"post-2868","1":"product","2":"type-product","3":"status-publish","4":"has-post-thumbnail","6":"product_cat-nest-insets","7":"product_cat-gypsum","9":"first","10":"instock","11":"taxable","12":"shipping-taxable","13":"purchasable","14":"product-type-simple"},"acf":[],"aioseo_notices":[],"jetpack_sharing_enabled":true,"_links":{"self":[{"href":"https:\/\/antcube.shop\/tr\/wp-json\/wp\/v2\/product\/2868","targetHints":{"allow":["GET"]}}],"collection":[{"href":"https:\/\/antcube.shop\/tr\/wp-json\/wp\/v2\/product"}],"about":[{"href":"https:\/\/antcube.shop\/tr\/wp-json\/wp\/v2\/types\/product"}],"replies":[{"embeddable":true,"href":"https:\/\/antcube.shop\/tr\/wp-json\/wp\/v2\/comments?post=2868"}],"wp:featuredmedia":[{"embeddable":true,"href":"https:\/\/antcube.shop\/tr\/wp-json\/wp\/v2\/media\/351"}],"wp:attachment":[{"href":"https:\/\/antcube.shop\/tr\/wp-json\/wp\/v2\/media?parent=2868"}],"wp:term":[{"taxonomy":"product_brand","embeddable":true,"href":"https:\/\/antcube.shop\/tr\/wp-json\/wp\/v2\/product_brand?post=2868"},{"taxonomy":"product_cat","embeddable":true,"href":"https:\/\/antcube.shop\/tr\/wp-json\/wp\/v2\/product_cat?post=2868"},{"taxonomy":"product_tag","embeddable":true,"href":"https:\/\/antcube.shop\/tr\/wp-json\/wp\/v2\/product_tag?post=2868"}],"curies":[{"name":"wp","href":"https:\/\/api.w.org\/{rel}","templated":true}]}}