{"id":2866,"date":"2021-10-13T18:43:01","date_gmt":"2021-10-13T16:43:01","guid":{"rendered":"https:\/\/antcube.shop\/produkt\/antcube-rote-folie-20x20-selbstklebend\/"},"modified":"2025-10-19T21:05:19","modified_gmt":"2025-10-19T19:05:19","slug":"antcube-kirmizi-folyo-20x20-kendinden-yapiskanli","status":"publish","type":"product","link":"https:\/\/antcube.shop\/tr\/urun\/antcube-kirmizi-folyo-20x20-kendinden-yapiskanli\/","title":{"rendered":"ANTCUBE - K\u0131rm\u0131z\u0131 folyo 20\u00d720 - kendinden yap\u0131\u015fkanl\u0131"},"content":{"rendered":"<p><strong>Boyutlar:<\/strong> 19x19cm<\/p>\n<p><strong>Malzeme:<\/strong> PVC<\/p>\n<p><strong>A\u00e7\u0131klama:<\/strong> Kendinden yap\u0131\u015fkanl\u0131 k\u0131rm\u0131z\u0131 \u015feffaf film, kar\u0131ncalara yeralt\u0131 hissi vermek i\u00e7in kullan\u0131l\u0131r. Bu nedenle bu \u00fcr\u00fcn\u00fc en az\u0131ndan k\u0131smen yuva alan\u0131nda kullanman\u0131z\u0131 tavsiye ederiz. Bununla birlikte, kar\u0131ncalar\u0131 yuva i\u00e7inde iyi bir \u015fekilde g\u00f6zlemleyebilirsiniz. ANTCUBE \"Kar\u0131nca \u00e7iftli\u011fi 20x20cm i\u00e7in hassas kesim <strong>S\/M\/L<\/strong> - ayakta\".<\/p>","protected":false},"excerpt":{"rendered":"<p>Boyutlar: 29x29cm Malzeme: PVC A\u00e7\u0131klama: Kendinden yap\u0131\u015fkanl\u0131 k\u0131rm\u0131z\u0131 \u015feffaf film, kar\u0131ncalara yeralt\u0131 hissi vermek i\u00e7in kullan\u0131l\u0131r. Bu nedenle bu \u00fcr\u00fcn\u00fc en az\u0131ndan k\u0131smen yuva alan\u0131nda kullanman\u0131z\u0131 \u00f6neririz. Bununla birlikte, kar\u0131ncalar\u0131 yuva i\u00e7inde iyi bir \u015fekilde g\u00f6zlemleyebilirsiniz. \"Kar\u0131nca \u00e7iftli\u011fi 30x30cm S\/M\/L - ayakta\" ANTCUBE'a uyacak \u015fekilde tam olarak kesilmi\u015ftir.<\/p>","protected":false},"featured_media":302,"comment_status":"open","ping_status":"closed","template":"","meta":{"_acf_changed":false,"content-type":"","_monsterinsights_skip_tracking":false,"_monsterinsights_sitenote_active":false,"_monsterinsights_sitenote_note":"","_monsterinsights_sitenote_category":0},"product_brand":[],"product_cat":[119,239],"product_tag":[],"class_list":{"0":"post-2866","1":"product","2":"type-product","3":"status-publish","4":"has-post-thumbnail","6":"product_cat-formicarium-components","7":"product_cat-useful-additions","9":"first","10":"outofstock","11":"taxable","12":"shipping-taxable","13":"purchasable","14":"product-type-simple"},"acf":[],"aioseo_notices":[],"jetpack_sharing_enabled":true,"_links":{"self":[{"href":"https:\/\/antcube.shop\/tr\/wp-json\/wp\/v2\/product\/2866","targetHints":{"allow":["GET"]}}],"collection":[{"href":"https:\/\/antcube.shop\/tr\/wp-json\/wp\/v2\/product"}],"about":[{"href":"https:\/\/antcube.shop\/tr\/wp-json\/wp\/v2\/types\/product"}],"replies":[{"embeddable":true,"href":"https:\/\/antcube.shop\/tr\/wp-json\/wp\/v2\/comments?post=2866"}],"wp:featuredmedia":[{"embeddable":true,"href":"https:\/\/antcube.shop\/tr\/wp-json\/wp\/v2\/media\/302"}],"wp:attachment":[{"href":"https:\/\/antcube.shop\/tr\/wp-json\/wp\/v2\/media?parent=2866"}],"wp:term":[{"taxonomy":"product_brand","embeddable":true,"href":"https:\/\/antcube.shop\/tr\/wp-json\/wp\/v2\/product_brand?post=2866"},{"taxonomy":"product_cat","embeddable":true,"href":"https:\/\/antcube.shop\/tr\/wp-json\/wp\/v2\/product_cat?post=2866"},{"taxonomy":"product_tag","embeddable":true,"href":"https:\/\/antcube.shop\/tr\/wp-json\/wp\/v2\/product_tag?post=2866"}],"curies":[{"name":"wp","href":"https:\/\/api.w.org\/{rel}","templated":true}]}}