{"id":2865,"date":"2021-10-13T18:42:51","date_gmt":"2021-10-13T16:42:51","guid":{"rendered":"https:\/\/antcube.shop\/produkt\/futterspender-2ml-dosierbar\/"},"modified":"2026-04-20T18:20:33","modified_gmt":"2026-04-20T16:20:33","slug":"futterspender-2ml-dosierbar","status":"publish","type":"product","link":"https:\/\/antcube.shop\/tr\/urun\/futterspender-2ml-dosierbar\/","title":{"rendered":"Yem da\u011f\u0131t\u0131c\u0131 2ml - dozlanabilir"},"content":{"rendered":"<p><strong>Boyutlar:<\/strong> 30x40x50 mm, 2 ml<\/p>\n<p><strong>\u0130\u00e7indekiler:<\/strong><br \/>\n1x 2,5 mm a\u00e7\u0131kl\u0131\u011fa sahip 1x ayak (1-2 mm dozlanabilir).<br \/>\n1x kar\u0131nca yemi t\u00fcp\u00fc<\/p>\n<p><strong>Malzeme:<\/strong> PMMA, PS<\/p>\n<p><strong>A\u00e7\u0131klama:<\/strong> Bu da\u011f\u0131t\u0131c\u0131 ile bir formikaryum i\u00e7indeki kar\u0131ncalar sunulan yiyeceklerle kendilerini besleyebilirler. Tatil sezonu i\u00e7in de idealdir. 2 ml'lik kar\u0131nca yemi t\u00fcpleri tabana yerle\u015ftirilebilir. Yerle\u015ftirme derinli\u011fine ba\u011fl\u0131 olarak, mevcut yiyecek miktar\u0131 dozlanabilir. 2,5 mm geni\u015fli\u011findeki \u00e7\u0131k\u0131\u015fa sahip da\u011f\u0131t\u0131c\u0131, toz halindeki t\u00fcm yiyeceklerimizin yan\u0131 s\u0131ra k\u00fc\u00e7\u00fck ve ortam tah\u0131l kar\u0131\u015f\u0131mlar\u0131 i\u00e7in de uygundur.<\/p>\n<p><strong>Renkler:<\/strong> \u015feffaf<\/p>","protected":false},"excerpt":{"rendered":"<p>Boyutlar: 30x40x50 mm, 2 ml<\/p>","protected":false},"featured_media":306,"comment_status":"open","ping_status":"closed","template":"","meta":{"_acf_changed":false,"content-type":"","_monsterinsights_skip_tracking":false,"_monsterinsights_sitenote_active":false,"_monsterinsights_sitenote_note":"","_monsterinsights_sitenote_category":0},"product_brand":[],"product_cat":[115,118],"product_tag":[],"class_list":{"0":"post-2865","1":"product","2":"type-product","3":"status-publish","4":"has-post-thumbnail","6":"product_cat-food-and-feeding","7":"product_cat-feeding-bowls","9":"first","10":"instock","11":"taxable","12":"shipping-taxable","13":"purchasable","14":"product-type-simple"},"acf":[],"aioseo_notices":[],"jetpack_sharing_enabled":true,"_links":{"self":[{"href":"https:\/\/antcube.shop\/tr\/wp-json\/wp\/v2\/product\/2865","targetHints":{"allow":["GET"]}}],"collection":[{"href":"https:\/\/antcube.shop\/tr\/wp-json\/wp\/v2\/product"}],"about":[{"href":"https:\/\/antcube.shop\/tr\/wp-json\/wp\/v2\/types\/product"}],"replies":[{"embeddable":true,"href":"https:\/\/antcube.shop\/tr\/wp-json\/wp\/v2\/comments?post=2865"}],"wp:featuredmedia":[{"embeddable":true,"href":"https:\/\/antcube.shop\/tr\/wp-json\/wp\/v2\/media\/306"}],"wp:attachment":[{"href":"https:\/\/antcube.shop\/tr\/wp-json\/wp\/v2\/media?parent=2865"}],"wp:term":[{"taxonomy":"product_brand","embeddable":true,"href":"https:\/\/antcube.shop\/tr\/wp-json\/wp\/v2\/product_brand?post=2865"},{"taxonomy":"product_cat","embeddable":true,"href":"https:\/\/antcube.shop\/tr\/wp-json\/wp\/v2\/product_cat?post=2865"},{"taxonomy":"product_tag","embeddable":true,"href":"https:\/\/antcube.shop\/tr\/wp-json\/wp\/v2\/product_tag?post=2865"}],"curies":[{"name":"wp","href":"https:\/\/api.w.org\/{rel}","templated":true}]}}