{"id":2863,"date":"2021-10-13T18:42:31","date_gmt":"2021-10-13T16:42:31","guid":{"rendered":"https:\/\/antcube.shop\/produkt\/antcube-digfix-platte-20x20-l\/"},"modified":"2026-03-28T09:07:20","modified_gmt":"2026-03-28T08:07:20","slug":"antcube-digfix-plate-20x20-l","status":"publish","type":"product","link":"https:\/\/antcube.shop\/tr\/urun\/antcube-digfix-plate-20x20-l\/","title":{"rendered":"ANTCUBE - Digfix plaka 20\u00d720 - L"},"content":{"rendered":"<p><strong>Boyutlar:<\/strong> 183x160x20 mm<\/p>\n<p><strong>Malzeme:<\/strong> Digfix<\/p>\n<p><strong>A\u00e7\u0131klama:<\/strong> Digfix plakas\u0131, mezara uygun malzemeden yap\u0131lm\u0131\u015ft\u0131r ve ANTCUBE kar\u0131nca \u00e7iftliklerimize m\u00fckemmel uyum sa\u011flar. Hem kuru hem de \u0131slak olarak kullan\u0131labilir. \u00d6zellikle kumda ve (\u00f6l\u00fc) ah\u015fapta yuvalayanlar olmak \u00fczere bir\u00e7ok kar\u0131nca t\u00fcr\u00fc i\u00e7in de uygundur. Kum-t\u0131n kar\u0131\u015f\u0131mlar\u0131 veya mantardan yap\u0131lm\u0131\u015f yuva ekleri yerine kullan\u0131labilir. Mantar yuvalara g\u00f6re b\u00fcy\u00fck bir avantaj\u0131, Digfix'in \u0131slakken bile k\u00fcflenmemesidir. Bu, y\u00fcksek nem gereksinimi olan kar\u0131nca t\u00fcrlerine herhangi bir sorun olmadan yeterli su sa\u011flanabilece\u011fi anlam\u0131na gelir. Digfix ayr\u0131ca kaz\u0131c\u0131 kar\u0131nca t\u00fcrlerinin kazarken yuvalar\u0131n\u0131n cam b\u00f6lmelerini toprakla kirletmemesi avantaj\u0131na sahiptir, bu da yuvaya m\u00fckemmel bir g\u00f6r\u00fc\u015f sa\u011flar.<\/p>\n<p><strong>Not:<\/strong> Do\u011fal renk tonu ye\u015filimsi \/ grimsi kahverengi ile topraks\u0131 kahverengi aras\u0131nda de\u011fi\u015febilir. Renk tonu kaliteyi etkilemez.<br \/>\n\u00dcretim nedeniyle boyutlar +\/- 1mm de\u011fi\u015febilir<\/p>","protected":false},"excerpt":{"rendered":"<p>Boyut: <strong>L<\/strong><\/p>","protected":false},"featured_media":344,"comment_status":"open","ping_status":"closed","template":"","meta":{"_acf_changed":false,"content-type":"","_monsterinsights_skip_tracking":false,"_monsterinsights_sitenote_active":false,"_monsterinsights_sitenote_note":"","_monsterinsights_sitenote_category":0},"product_brand":[],"product_cat":[87,88],"product_tag":[],"class_list":{"0":"post-2863","1":"product","2":"type-product","3":"status-publish","4":"has-post-thumbnail","6":"product_cat-nest-insets","7":"product_cat-digfix","9":"first","10":"instock","11":"taxable","12":"shipping-taxable","13":"purchasable","14":"product-type-simple"},"acf":[],"aioseo_notices":[],"jetpack_sharing_enabled":true,"_links":{"self":[{"href":"https:\/\/antcube.shop\/tr\/wp-json\/wp\/v2\/product\/2863","targetHints":{"allow":["GET"]}}],"collection":[{"href":"https:\/\/antcube.shop\/tr\/wp-json\/wp\/v2\/product"}],"about":[{"href":"https:\/\/antcube.shop\/tr\/wp-json\/wp\/v2\/types\/product"}],"replies":[{"embeddable":true,"href":"https:\/\/antcube.shop\/tr\/wp-json\/wp\/v2\/comments?post=2863"}],"wp:featuredmedia":[{"embeddable":true,"href":"https:\/\/antcube.shop\/tr\/wp-json\/wp\/v2\/media\/344"}],"wp:attachment":[{"href":"https:\/\/antcube.shop\/tr\/wp-json\/wp\/v2\/media?parent=2863"}],"wp:term":[{"taxonomy":"product_brand","embeddable":true,"href":"https:\/\/antcube.shop\/tr\/wp-json\/wp\/v2\/product_brand?post=2863"},{"taxonomy":"product_cat","embeddable":true,"href":"https:\/\/antcube.shop\/tr\/wp-json\/wp\/v2\/product_cat?post=2863"},{"taxonomy":"product_tag","embeddable":true,"href":"https:\/\/antcube.shop\/tr\/wp-json\/wp\/v2\/product_tag?post=2863"}],"curies":[{"name":"wp","href":"https:\/\/api.w.org\/{rel}","templated":true}]}}