{"id":2860,"date":"2021-10-13T18:42:02","date_gmt":"2021-10-13T16:42:02","guid":{"rendered":"https:\/\/antcube.shop\/produkt\/antcube-korknest-20x20-stehend\/"},"modified":"2026-04-07T00:42:13","modified_gmt":"2026-04-06T22:42:13","slug":"karinca-kupu-mantar-yuvasi-20x20-ayakta","status":"publish","type":"product","link":"https:\/\/antcube.shop\/tr\/urun\/karinca-kupu-mantar-yuvasi-20x20-ayakta\/","title":{"rendered":"ANTCUBE - Mantar yuva 20\u00d720 - ayakta"},"content":{"rendered":"<p><strong>Boyutlar:<\/strong> 183 x 160 x 20 mm<\/p>\n<p><strong>Malzeme:<\/strong> Mantar (ince)<\/p>\n<p>Sadece kar\u0131nca \u00e7iftli\u011fi bedenimize uyar <strong>L<\/strong><\/p>\n<p><strong>A\u00e7\u0131klama:<\/strong> Prefabrik ge\u00e7itlere ve odac\u0131klara sahip bu mantar yuva, \u00f6zellikle (\u00f6l\u00fc) ah\u015fapta yuva yapan t\u00fcrler olmak \u00fczere \u00e7e\u015fitli kar\u0131nca t\u00fcrleri i\u00e7in uygundur. Yuvaya eri\u015fim i\u00e7in bir deli\u011fi vard\u0131r.<br \/>\nMantar kimyasal olarak n\u00f6trd\u00fcr. Yap\u0131s\u0131 sadece s\u0131v\u0131lara kar\u015f\u0131 ge\u00e7irimsiz olmakla kalmaz, ayn\u0131 zamanda herhangi bir kimyasal reaksiyona neden olmaz ve bu nedenle zarar g\u00f6rmez. Bununla birlikte, \u00e7ok fazla nem uzun vadede \u00e7\u00fcr\u00fcmeye neden olabilir ve yuvan\u0131n uzun \u00f6m\u00fcrl\u00fcl\u00fc\u011f\u00fcn\u00fc azaltabilir. Bununla birlikte, mantar \u00e7\u00fcr\u00fcmeye, mantar ve k\u00fcf sald\u0131r\u0131s\u0131na kar\u015f\u0131 \u00e7ok dayan\u0131kl\u0131d\u0131r. Bunun nedeni, mantarlar\u0131n kolonile\u015fmesi i\u00e7in iyi bir \u00fcreme zemini sa\u011flamayan y\u00fczeyi ve yap\u0131s\u0131d\u0131r. Bununla birlikte, yiyecek art\u0131klar\u0131 ve hayvan d\u0131\u015fk\u0131lar\u0131 ile di\u011fer organik maddeler k\u00fcf olu\u015fumunu te\u015fvik edebilir.<\/p>\n<p>Bu nedenle, \u00e7o\u011funlukla kuru b\u00f6lgelerden gelen t\u00fcrlerin mantar i\u00e7inde tutulmas\u0131n\u0131 \u00f6neriyoruz. Nemli habitatlardan gelen t\u00fcrler yine de bu sette tutulabilir, \u00e7\u00fcnk\u00fc \u00e7\u00fcr\u00fcme \u00e7o\u011fu t\u00fcr i\u00e7in bir sorun de\u011fildir. Ayr\u0131ca Camponotus herculeanus veya Formica fusca gibi Kuzey Avrupa'dan bir\u00e7ok kar\u0131nca \u00e7\u00fcr\u00fcm\u00fc\u015f ah\u015fapta ya\u015far.<\/p>\n<p>&nbsp;<\/p>","protected":false},"excerpt":{"rendered":"<p><strong>Sadece uyuyor<\/strong> kar\u0131nca \u00e7iftliklerimizde <strong>L<\/strong><\/p>\n<p><strong>Boyutlar:<\/strong> 183 x 160 x 20 mm<\/p>","protected":false},"featured_media":350,"comment_status":"open","ping_status":"closed","template":"","meta":{"_acf_changed":false,"content-type":"","_monsterinsights_skip_tracking":false,"_monsterinsights_sitenote_active":false,"_monsterinsights_sitenote_note":"","_monsterinsights_sitenote_category":0},"product_brand":[],"product_cat":[87,89],"product_tag":[],"class_list":{"0":"post-2860","1":"product","2":"type-product","3":"status-publish","4":"has-post-thumbnail","6":"product_cat-nest-insets","7":"product_cat-cork","9":"first","10":"instock","11":"taxable","12":"shipping-taxable","13":"purchasable","14":"product-type-simple"},"acf":[],"aioseo_notices":[],"jetpack_sharing_enabled":true,"_links":{"self":[{"href":"https:\/\/antcube.shop\/tr\/wp-json\/wp\/v2\/product\/2860","targetHints":{"allow":["GET"]}}],"collection":[{"href":"https:\/\/antcube.shop\/tr\/wp-json\/wp\/v2\/product"}],"about":[{"href":"https:\/\/antcube.shop\/tr\/wp-json\/wp\/v2\/types\/product"}],"replies":[{"embeddable":true,"href":"https:\/\/antcube.shop\/tr\/wp-json\/wp\/v2\/comments?post=2860"}],"wp:featuredmedia":[{"embeddable":true,"href":"https:\/\/antcube.shop\/tr\/wp-json\/wp\/v2\/media\/350"}],"wp:attachment":[{"href":"https:\/\/antcube.shop\/tr\/wp-json\/wp\/v2\/media?parent=2860"}],"wp:term":[{"taxonomy":"product_brand","embeddable":true,"href":"https:\/\/antcube.shop\/tr\/wp-json\/wp\/v2\/product_brand?post=2860"},{"taxonomy":"product_cat","embeddable":true,"href":"https:\/\/antcube.shop\/tr\/wp-json\/wp\/v2\/product_cat?post=2860"},{"taxonomy":"product_tag","embeddable":true,"href":"https:\/\/antcube.shop\/tr\/wp-json\/wp\/v2\/product_tag?post=2860"}],"curies":[{"name":"wp","href":"https:\/\/api.w.org\/{rel}","templated":true}]}}