{"id":2859,"date":"2021-10-13T18:41:44","date_gmt":"2021-10-13T16:41:44","guid":{"rendered":"https:\/\/antcube.shop\/produkt\/tranke-klar-20ml-schwamm\/"},"modified":"2026-05-08T22:22:19","modified_gmt":"2026-05-08T20:22:19","slug":"icme-oluk-seffaf-20ml-sunger","status":"publish","type":"product","link":"https:\/\/antcube.shop\/tr\/urun\/icme-oluk-seffaf-20ml-sunger\/","title":{"rendered":"\u0130\u00e7me yala\u011f\u0131 \u015feffaf 20ml - s\u00fcnger"},"content":{"rendered":"<p><strong>Boyutlar:<\/strong> 40x50x68 mm, 20 ml<\/p>\n<p><strong>\u0130\u00e7indekiler:<\/strong><br \/>\n4x 3mm a\u00e7\u0131kl\u0131\u011fa ve entegre s\u00fcngere sahip 1x taban.<br \/>\n1x su tank\u0131 62x22mm (20ml)<br \/>\n1x s\u00fcnger 30mm<\/p>\n<p><strong>Malzeme:<\/strong> PS, PMMA, k\u00f6p\u00fck (son derece ince g\u00f6zenekli ve emici)<\/p>\n<p><strong>A\u00e7\u0131klama:<\/strong> Bu, kar\u0131ncalar\u0131n bir formikaryum i\u00e7inde kendilerine yeterli nemi sa\u011flamalar\u0131na olanak tan\u0131r. Tatil sezonu i\u00e7in de idealdir. 20 ml'lik su tank\u0131 aya\u011f\u0131n i\u00e7ine yerle\u015ftirilebilir (Dikkat: Su beslemesini kesmemek i\u00e7in tank\u0131 sonuna kadar de\u011fil, sadece s\u00fcnger seviyesine kadar yerle\u015ftirin). Tak\u0131l\u0131 tanktan daha b\u00fcy\u00fck \u00e7apl\u0131 s\u00fcnger, nemin tabana s\u0131zmas\u0131n\u0131 sa\u011flar. Tabanda d\u00f6rt ana y\u00f6ne yerle\u015ftirilmi\u015f 4 adet 18 mm'lik ince a\u00e7\u0131kl\u0131k, \u00e7ok say\u0131da hayvana sahip kolonilerin beslenmesine olanak sa\u011flar. Hayvanlar k\u00f6p\u00fc\u011f\u00fc \u00e7\u0131kararak yeterli miktarda s\u0131v\u0131 tedarik edilmesini sa\u011flar.<\/p>\n<p><strong>Renkler:<\/strong> kristal berrakl\u0131\u011f\u0131nda, gri<\/p>\n<p>&nbsp;<\/p>","protected":false},"excerpt":{"rendered":"<p><strong>Boyutlar:<\/strong> 40x50x68 mm, 20 ml<\/p>","protected":false},"featured_media":3004,"comment_status":"open","ping_status":"closed","template":"","meta":{"_acf_changed":false,"content-type":"","_monsterinsights_skip_tracking":false,"_monsterinsights_sitenote_active":false,"_monsterinsights_sitenote_note":"","_monsterinsights_sitenote_category":0},"product_brand":[],"product_cat":[115,117],"product_tag":[],"class_list":{"0":"post-2859","1":"product","2":"type-product","3":"status-publish","4":"has-post-thumbnail","6":"product_cat-food-and-feeding","7":"product_cat-drinkers-for-ants","9":"first","10":"instock","11":"taxable","12":"shipping-taxable","13":"purchasable","14":"product-type-simple"},"acf":[],"aioseo_notices":[],"jetpack_sharing_enabled":true,"_links":{"self":[{"href":"https:\/\/antcube.shop\/tr\/wp-json\/wp\/v2\/product\/2859","targetHints":{"allow":["GET"]}}],"collection":[{"href":"https:\/\/antcube.shop\/tr\/wp-json\/wp\/v2\/product"}],"about":[{"href":"https:\/\/antcube.shop\/tr\/wp-json\/wp\/v2\/types\/product"}],"replies":[{"embeddable":true,"href":"https:\/\/antcube.shop\/tr\/wp-json\/wp\/v2\/comments?post=2859"}],"wp:featuredmedia":[{"embeddable":true,"href":"https:\/\/antcube.shop\/tr\/wp-json\/wp\/v2\/media\/3004"}],"wp:attachment":[{"href":"https:\/\/antcube.shop\/tr\/wp-json\/wp\/v2\/media?parent=2859"}],"wp:term":[{"taxonomy":"product_brand","embeddable":true,"href":"https:\/\/antcube.shop\/tr\/wp-json\/wp\/v2\/product_brand?post=2859"},{"taxonomy":"product_cat","embeddable":true,"href":"https:\/\/antcube.shop\/tr\/wp-json\/wp\/v2\/product_cat?post=2859"},{"taxonomy":"product_tag","embeddable":true,"href":"https:\/\/antcube.shop\/tr\/wp-json\/wp\/v2\/product_tag?post=2859"}],"curies":[{"name":"wp","href":"https:\/\/api.w.org\/{rel}","templated":true}]}}