{"id":2853,"date":"2021-10-13T18:40:45","date_gmt":"2021-10-13T16:40:45","guid":{"rendered":"https:\/\/antcube.shop\/produkt\/gittereinsatz-50mm-edelstahl\/"},"modified":"2026-04-07T19:55:34","modified_gmt":"2026-04-07T17:55:34","slug":"gittereinsatz-50mm-edelstahl","status":"publish","type":"product","link":"https:\/\/antcube.shop\/tr\/urun\/gittereinsatz-50mm-edelstahl\/","title":{"rendered":"Izgara ek par\u00e7as\u0131 - 50mm - paslanmaz \u00e7elik"},"content":{"rendered":"<p><strong>Miktar:<\/strong> 1 adet<\/p>\n<p><strong>Boyutlar:<\/strong> 50 mm (i\u00e7 \u00e7ap), 56\u00d74 mm (d\u0131\u015f boyutlar)<\/p>\n<p><strong>Renk:<\/strong> \u015feffaf<\/p>\n<p><strong>Malzeme:<\/strong> paslanmaz \u00e7elik, akrilik cam<\/p>\n<p><strong>A\u00e7\u0131klama:<\/strong><br \/>\n\u00c7ok ince paslanmaz \u00e7elik \u0131zgaral\u0131 (0,2 mm) bu \u0131zgara ek par\u00e7as\u0131 50 mm'lik deliklere yerle\u015ftirilebilir ve kar\u0131ncalar d\u0131\u015far\u0131 \u00e7\u0131kmadan iyi bir formikaryum havaland\u0131rmas\u0131 sa\u011flar.<br \/>\nYanal ba\u011flant\u0131 durumunda, olas\u0131 \u015foklar nedeniyle d\u00fc\u015fmeyi \u00f6nlemek i\u00e7in piyasada bulunan yap\u0131\u015ft\u0131r\u0131c\u0131larla ek sabitleme yap\u0131lmas\u0131n\u0131 \u00f6neririz.<\/p>\n<p><strong>Not:<\/strong> Yaprak kesen kar\u0131ncalar gibi \u00e7ok g\u00fc\u00e7l\u00fc \u0131s\u0131ran t\u00fcrler i\u00e7in de uygundur!<\/p>\n<p>&nbsp;<\/p>","protected":false},"excerpt":{"rendered":"<p>Miktar 1 adet Boyutlar: 50 mm (i\u00e7 \u00e7ap), 56x4 mm (d\u0131\u015f boyutlar) Renk: \u015feffaf Malzeme: paslanmaz \u00e7elik, akrilik cam A\u00e7\u0131klama: \u00c7ok ince paslanmaz \u00e7elik \u0131zgaral\u0131 (0,2 mm) bu \u0131zgara ek par\u00e7as\u0131 50 mm'lik deliklere yerle\u015ftirilebilir ve kar\u0131ncalar d\u0131\u015far\u0131 \u00e7\u0131kmadan iyi bir formikaryum havaland\u0131rmas\u0131 sa\u011flar. Yanal ba\u011flant\u0131 durumunda, biz","protected":false},"featured_media":338,"comment_status":"open","ping_status":"closed","template":"","meta":{"_acf_changed":false,"content-type":"","_monsterinsights_skip_tracking":false,"_monsterinsights_sitenote_active":false,"_monsterinsights_sitenote_note":"","_monsterinsights_sitenote_category":0},"product_brand":[],"product_cat":[238],"product_tag":[],"class_list":{"0":"post-2853","1":"product","2":"type-product","3":"status-publish","4":"has-post-thumbnail","6":"product_cat-grid-caps-plugs-and-inserts","8":"first","9":"outofstock","10":"taxable","11":"shipping-taxable","12":"purchasable","13":"product-type-simple"},"acf":[],"aioseo_notices":[],"jetpack_sharing_enabled":true,"_links":{"self":[{"href":"https:\/\/antcube.shop\/tr\/wp-json\/wp\/v2\/product\/2853","targetHints":{"allow":["GET"]}}],"collection":[{"href":"https:\/\/antcube.shop\/tr\/wp-json\/wp\/v2\/product"}],"about":[{"href":"https:\/\/antcube.shop\/tr\/wp-json\/wp\/v2\/types\/product"}],"replies":[{"embeddable":true,"href":"https:\/\/antcube.shop\/tr\/wp-json\/wp\/v2\/comments?post=2853"}],"wp:featuredmedia":[{"embeddable":true,"href":"https:\/\/antcube.shop\/tr\/wp-json\/wp\/v2\/media\/338"}],"wp:attachment":[{"href":"https:\/\/antcube.shop\/tr\/wp-json\/wp\/v2\/media?parent=2853"}],"wp:term":[{"taxonomy":"product_brand","embeddable":true,"href":"https:\/\/antcube.shop\/tr\/wp-json\/wp\/v2\/product_brand?post=2853"},{"taxonomy":"product_cat","embeddable":true,"href":"https:\/\/antcube.shop\/tr\/wp-json\/wp\/v2\/product_cat?post=2853"},{"taxonomy":"product_tag","embeddable":true,"href":"https:\/\/antcube.shop\/tr\/wp-json\/wp\/v2\/product_tag?post=2853"}],"curies":[{"name":"wp","href":"https:\/\/api.w.org\/{rel}","templated":true}]}}