{"id":2852,"date":"2021-10-13T18:40:35","date_gmt":"2021-10-13T16:40:35","guid":{"rendered":"https:\/\/antcube.shop\/produkt\/gittereinsatz-27mm-edelstahl\/"},"modified":"2026-04-10T09:16:36","modified_gmt":"2026-04-10T07:16:36","slug":"gittereinsatz-27mm-edelstahl","status":"publish","type":"product","link":"https:\/\/antcube.shop\/tr\/urun\/gittereinsatz-27mm-edelstahl\/","title":{"rendered":"Izgara ek par\u00e7as\u0131 - 27mm - paslanmaz \u00e7elik"},"content":{"rendered":"<p><strong>Miktar:<\/strong> 1 adet<\/p>\n<p><strong>Boyutlar:<\/strong> 27 mm (i\u00e7 \u00e7ap), 33\u00d74 mm (d\u0131\u015f boyutlar)<\/p>\n<p><strong>Renk:<\/strong> \u015feffaf<\/p>\n<p><strong>Malzeme:<\/strong> paslanmaz \u00e7elik, akrilik<\/p>\n<p><strong>A\u00e7\u0131klama:<\/strong><br \/>\n\u00c7ok ince paslanmaz \u00e7elik \u0131zgaral\u0131 (0,2 mm) bu \u0131zgara ek par\u00e7as\u0131 27 mm'lik deliklere yerle\u015ftirilebilir ve kar\u0131ncalar d\u0131\u015far\u0131 \u00e7\u0131kmadan iyi bir formikaryum havaland\u0131rmas\u0131 sa\u011flar.<br \/>\nYanal ba\u011flant\u0131 durumunda, olas\u0131 \u015foklar nedeniyle d\u00fc\u015fmeyi \u00f6nlemek i\u00e7in piyasada bulunan yap\u0131\u015ft\u0131r\u0131c\u0131larla ek sabitleme yap\u0131lmas\u0131n\u0131 \u00f6neririz.<\/p>\n<p><strong>Not:<\/strong> Yaprak kesen kar\u0131ncalar gibi \u00e7ok g\u00fc\u00e7l\u00fc \u0131s\u0131ran t\u00fcrler i\u00e7in de uygundur!<\/p>","protected":false},"excerpt":{"rendered":"<p>Miktar 1 adet Boyutlar: 27 mm (i\u00e7 \u00e7ap), 33x4 mm (d\u0131\u015f boyutlar) Renk: \u015feffaf Malzeme: paslanmaz \u00e7elik, akrilik A\u00e7\u0131klama: \u00c7ok ince paslanmaz \u00e7elik \u0131zgaral\u0131 (0,2 mm) bu \u0131zgara ek par\u00e7as\u0131 27 mm'lik deliklere yerle\u015ftirilebilir ve kar\u0131ncalar d\u0131\u015far\u0131 \u00e7\u0131kmadan iyi bir formikaryum havaland\u0131rmas\u0131 sa\u011flar. Yanal ba\u011flant\u0131 durumunda \u015funlar\u0131 \u00f6neririz","protected":false},"featured_media":337,"comment_status":"open","ping_status":"closed","template":"","meta":{"_acf_changed":false,"content-type":"","_monsterinsights_skip_tracking":false,"_monsterinsights_sitenote_active":false,"_monsterinsights_sitenote_note":"","_monsterinsights_sitenote_category":0},"product_brand":[],"product_cat":[238],"product_tag":[],"class_list":{"0":"post-2852","1":"product","2":"type-product","3":"status-publish","4":"has-post-thumbnail","6":"product_cat-grid-caps-plugs-and-inserts","8":"first","9":"instock","10":"taxable","11":"shipping-taxable","12":"purchasable","13":"product-type-simple"},"acf":[],"aioseo_notices":[],"jetpack_sharing_enabled":true,"_links":{"self":[{"href":"https:\/\/antcube.shop\/tr\/wp-json\/wp\/v2\/product\/2852","targetHints":{"allow":["GET"]}}],"collection":[{"href":"https:\/\/antcube.shop\/tr\/wp-json\/wp\/v2\/product"}],"about":[{"href":"https:\/\/antcube.shop\/tr\/wp-json\/wp\/v2\/types\/product"}],"replies":[{"embeddable":true,"href":"https:\/\/antcube.shop\/tr\/wp-json\/wp\/v2\/comments?post=2852"}],"wp:featuredmedia":[{"embeddable":true,"href":"https:\/\/antcube.shop\/tr\/wp-json\/wp\/v2\/media\/337"}],"wp:attachment":[{"href":"https:\/\/antcube.shop\/tr\/wp-json\/wp\/v2\/media?parent=2852"}],"wp:term":[{"taxonomy":"product_brand","embeddable":true,"href":"https:\/\/antcube.shop\/tr\/wp-json\/wp\/v2\/product_brand?post=2852"},{"taxonomy":"product_cat","embeddable":true,"href":"https:\/\/antcube.shop\/tr\/wp-json\/wp\/v2\/product_cat?post=2852"},{"taxonomy":"product_tag","embeddable":true,"href":"https:\/\/antcube.shop\/tr\/wp-json\/wp\/v2\/product_tag?post=2852"}],"curies":[{"name":"wp","href":"https:\/\/api.w.org\/{rel}","templated":true}]}}