{"id":2849,"date":"2021-10-13T18:40:06","date_gmt":"2021-10-13T16:40:06","guid":{"rendered":"https:\/\/antcube.shop\/produkt\/gitterkappe-6mm-edelstahl\/"},"modified":"2026-04-02T17:33:33","modified_gmt":"2026-04-02T15:33:33","slug":"izgara-kapagi-6mm-paslanmaz-celik","status":"publish","type":"product","link":"https:\/\/antcube.shop\/tr\/urun\/izgara-kapagi-6mm-paslanmaz-celik\/","title":{"rendered":"Izgara kapa\u011f\u0131 - 6mm - Paslanmaz \u00e7elik"},"content":{"rendered":"<p><strong>Miktar:<\/strong> 1 adet<\/p>\n<p><strong>Boyutlar:<\/strong> 6mm (i\u00e7 \u00e7ap), 10\u00d74 mm (d\u0131\u015f boyutlar)<\/p>\n<p><strong>Renk:<\/strong> \u015feffaf<\/p>\n<p><strong>Malzeme:<\/strong> paslanmaz \u00e7elik, akrilik<\/p>\n<p><strong>A\u00e7\u0131klama:<\/strong><br \/>\n\u00c7ok ince paslanmaz \u00e7elik \u0131zgaral\u0131 (0,2 mm) bu \u0131zgara kapa\u011f\u0131 bir soket, t\u00fcp veya hortum ucuna tak\u0131labilir ve kar\u0131ncalar d\u0131\u015far\u0131 \u00e7\u0131kmadan iyi bir formikaryum havaland\u0131rmas\u0131 sa\u011flar. Hem paslanmaz \u00e7elik \u0131zgara hem de akrilik cam \u00e7er\u00e7eve \u015feffaft\u0131r.<\/p>\n<p><strong>Not:<\/strong> Yaprak kesen kar\u0131ncalar gibi \u00e7ok g\u00fc\u00e7l\u00fc \u0131s\u0131ran t\u00fcrler i\u00e7in de uygundur!<\/p>\n<p>&nbsp;<\/p>","protected":false},"excerpt":{"rendered":"<p>Miktar 1 adet Boyutlar: 16 mm (i\u00e7 \u00e7ap), 20x4 mm (d\u0131\u015f boyutlar) Renk: \u015feffaf Malzeme: paslanmaz \u00e7elik, akrilik A\u00e7\u0131klama: \u00c7ok ince paslanmaz \u00e7elik \u0131zgaral\u0131 (0,2 mm) bu \u0131zgara kapa\u011f\u0131 bir sokete, t\u00fcpe veya hortum ucuna tak\u0131labilir ve kar\u0131ncalar d\u0131\u015far\u0131 \u00e7\u0131kmadan iyi bir formikaryum havaland\u0131rmas\u0131 sa\u011flar. Her ikisi de","protected":false},"featured_media":334,"comment_status":"open","ping_status":"closed","template":"","meta":{"_acf_changed":false,"content-type":"","_monsterinsights_skip_tracking":false,"_monsterinsights_sitenote_active":false,"_monsterinsights_sitenote_note":"","_monsterinsights_sitenote_category":0},"product_brand":[],"product_cat":[238],"product_tag":[],"class_list":{"0":"post-2849","1":"product","2":"type-product","3":"status-publish","4":"has-post-thumbnail","6":"product_cat-grid-caps-plugs-and-inserts","8":"first","9":"instock","10":"taxable","11":"shipping-taxable","12":"purchasable","13":"product-type-simple"},"acf":[],"aioseo_notices":[],"jetpack_sharing_enabled":true,"_links":{"self":[{"href":"https:\/\/antcube.shop\/tr\/wp-json\/wp\/v2\/product\/2849","targetHints":{"allow":["GET"]}}],"collection":[{"href":"https:\/\/antcube.shop\/tr\/wp-json\/wp\/v2\/product"}],"about":[{"href":"https:\/\/antcube.shop\/tr\/wp-json\/wp\/v2\/types\/product"}],"replies":[{"embeddable":true,"href":"https:\/\/antcube.shop\/tr\/wp-json\/wp\/v2\/comments?post=2849"}],"wp:featuredmedia":[{"embeddable":true,"href":"https:\/\/antcube.shop\/tr\/wp-json\/wp\/v2\/media\/334"}],"wp:attachment":[{"href":"https:\/\/antcube.shop\/tr\/wp-json\/wp\/v2\/media?parent=2849"}],"wp:term":[{"taxonomy":"product_brand","embeddable":true,"href":"https:\/\/antcube.shop\/tr\/wp-json\/wp\/v2\/product_brand?post=2849"},{"taxonomy":"product_cat","embeddable":true,"href":"https:\/\/antcube.shop\/tr\/wp-json\/wp\/v2\/product_cat?post=2849"},{"taxonomy":"product_tag","embeddable":true,"href":"https:\/\/antcube.shop\/tr\/wp-json\/wp\/v2\/product_tag?post=2849"}],"curies":[{"name":"wp","href":"https:\/\/api.w.org\/{rel}","templated":true}]}}