{"id":2848,"date":"2021-10-13T18:39:56","date_gmt":"2021-10-13T16:39:56","guid":{"rendered":"https:\/\/antcube.shop\/produkt\/tranke-2ml-360-grad\/"},"modified":"2026-04-13T20:05:16","modified_gmt":"2026-04-13T18:05:16","slug":"drinking-trough-2ml-360-degrees","status":"publish","type":"product","link":"https:\/\/antcube.shop\/tr\/urun\/drinking-trough-2ml-360-degrees\/","title":{"rendered":"\u0130\u00e7me olu\u011fu 2ml - 360 derece"},"content":{"rendered":"<p><strong>Boyutlar:<\/strong> 30x40x52 mm, 2 ml<\/p>\n<p><strong>\u0130\u00e7indekiler:<\/strong><br \/>\n24x 0,5 mm a\u00e7\u0131kl\u0131\u011fa sahip 1x ayak<br \/>\n1x kar\u0131nca yemi t\u00fcp\u00fc<\/p>\n<p><strong>Malzeme:<\/strong> PLA, PS, PMMA<\/p>\n<p><strong>A\u00e7\u0131klama:<\/strong> Bu, kar\u0131ncalar\u0131n bir formikaryum i\u00e7inde kendilerine yeterli nemi sa\u011flamalar\u0131na olanak tan\u0131r. Tatil sezonu i\u00e7in de idealdir. 2 ml'lik kar\u0131nca yemi t\u00fcpleri art\u0131k ayak i\u00e7ine yerle\u015ftirilebilir. 360\u00b0 yerle\u015ftirilmi\u015f 24 ince 0,5 mm a\u00e7\u0131kl\u0131k sayesinde \u00e7ok say\u0131da ve \u00e7ok k\u00fc\u00e7\u00fck t\u00fcrlere sahip koloniler beslenebilir.<\/p>\n<p><strong>Renk:<\/strong> \u015feffaf<\/p>\n<p>&nbsp;<\/p>","protected":false},"excerpt":{"rendered":"<p>Boyutlar: 30x40x52 mm, 2 ml<\/p>","protected":false},"featured_media":305,"comment_status":"open","ping_status":"closed","template":"","meta":{"_acf_changed":false,"content-type":"","_monsterinsights_skip_tracking":false,"_monsterinsights_sitenote_active":false,"_monsterinsights_sitenote_note":"","_monsterinsights_sitenote_category":0},"product_brand":[],"product_cat":[115,117],"product_tag":[],"class_list":{"0":"post-2848","1":"product","2":"type-product","3":"status-publish","4":"has-post-thumbnail","6":"product_cat-food-and-feeding","7":"product_cat-drinkers-for-ants","9":"first","10":"instock","11":"taxable","12":"shipping-taxable","13":"purchasable","14":"product-type-simple"},"acf":[],"aioseo_notices":[],"jetpack_sharing_enabled":true,"_links":{"self":[{"href":"https:\/\/antcube.shop\/tr\/wp-json\/wp\/v2\/product\/2848","targetHints":{"allow":["GET"]}}],"collection":[{"href":"https:\/\/antcube.shop\/tr\/wp-json\/wp\/v2\/product"}],"about":[{"href":"https:\/\/antcube.shop\/tr\/wp-json\/wp\/v2\/types\/product"}],"replies":[{"embeddable":true,"href":"https:\/\/antcube.shop\/tr\/wp-json\/wp\/v2\/comments?post=2848"}],"wp:featuredmedia":[{"embeddable":true,"href":"https:\/\/antcube.shop\/tr\/wp-json\/wp\/v2\/media\/305"}],"wp:attachment":[{"href":"https:\/\/antcube.shop\/tr\/wp-json\/wp\/v2\/media?parent=2848"}],"wp:term":[{"taxonomy":"product_brand","embeddable":true,"href":"https:\/\/antcube.shop\/tr\/wp-json\/wp\/v2\/product_brand?post=2848"},{"taxonomy":"product_cat","embeddable":true,"href":"https:\/\/antcube.shop\/tr\/wp-json\/wp\/v2\/product_cat?post=2848"},{"taxonomy":"product_tag","embeddable":true,"href":"https:\/\/antcube.shop\/tr\/wp-json\/wp\/v2\/product_tag?post=2848"}],"curies":[{"name":"wp","href":"https:\/\/api.w.org\/{rel}","templated":true}]}}