{"id":2847,"date":"2021-10-13T18:38:27","date_gmt":"2021-10-13T16:38:27","guid":{"rendered":"https:\/\/antcube.shop\/produkt\/formicariengranulat-200ml-weis\/"},"modified":"2026-04-05T21:18:12","modified_gmt":"2026-04-05T19:18:12","slug":"formicarium-granul-200ml-beyaz","status":"publish","type":"product","link":"https:\/\/antcube.shop\/tr\/urun\/formicarium-granul-200ml-beyaz\/","title":{"rendered":"Formicarium gran\u00fcl 200ml - beyaz"},"content":{"rendered":"<p><strong>\u0130\u00e7erik:<\/strong> 200ml (~16g'a e\u015fde\u011fer)<\/p>\n<p><strong>Tane b\u00fcy\u00fckl\u00fc\u011f\u00fc:<\/strong> 1 - 6 mm<\/p>\n<p><strong>Renk:<\/strong> beyaz<\/p>\n<p><strong>Taban malzemesi:<\/strong> \u00f6zel volkanik obsidyen\/perlit kar\u0131\u015f\u0131m\u0131<\/p>\n<p><strong>A\u00e7\u0131klama:<\/strong> Malzeme nemi tutar ve formikaryumda iyi bir toprak havaland\u0131rmas\u0131 sa\u011flayarak su basmas\u0131na ve \u00e7\u00fcr\u00fcmeye kar\u015f\u0131 koruma sa\u011flar. Gran\u00fcl katman, bir \u00e7iftlikteki en alt toprak katman\u0131 olarak yakla\u015f\u0131k 1-2 cm kullan\u0131lmal\u0131d\u0131r.<\/p>\n<p><strong>\u00d6zellikler:<\/strong><br \/>\n- inorganik, mineral \u00fcr\u00fcn<br \/>\n- biyolojik ve kimyasal olarak n\u00f6tr<br \/>\n- yap\u0131sal olarak sa\u011flam<br \/>\n- nem depolar<\/p>\n<p>&nbsp;<\/p>","protected":false},"excerpt":{"rendered":"<p>N\u00f6tr veya hafif kum\/kil alt tabaka i\u00e7in<\/p>","protected":false},"featured_media":388,"comment_status":"open","ping_status":"closed","template":"","meta":{"_acf_changed":false,"content-type":"","_monsterinsights_skip_tracking":false,"_monsterinsights_sitenote_active":false,"_monsterinsights_sitenote_note":"","_monsterinsights_sitenote_category":0},"product_brand":[],"product_cat":[241],"product_tag":[],"class_list":{"0":"post-2847","1":"product","2":"type-product","3":"status-publish","4":"has-post-thumbnail","6":"product_cat-granules","8":"first","9":"instock","10":"taxable","11":"shipping-taxable","12":"purchasable","13":"product-type-simple"},"acf":[],"aioseo_notices":[],"jetpack_sharing_enabled":true,"_links":{"self":[{"href":"https:\/\/antcube.shop\/tr\/wp-json\/wp\/v2\/product\/2847","targetHints":{"allow":["GET"]}}],"collection":[{"href":"https:\/\/antcube.shop\/tr\/wp-json\/wp\/v2\/product"}],"about":[{"href":"https:\/\/antcube.shop\/tr\/wp-json\/wp\/v2\/types\/product"}],"replies":[{"embeddable":true,"href":"https:\/\/antcube.shop\/tr\/wp-json\/wp\/v2\/comments?post=2847"}],"wp:featuredmedia":[{"embeddable":true,"href":"https:\/\/antcube.shop\/tr\/wp-json\/wp\/v2\/media\/388"}],"wp:attachment":[{"href":"https:\/\/antcube.shop\/tr\/wp-json\/wp\/v2\/media?parent=2847"}],"wp:term":[{"taxonomy":"product_brand","embeddable":true,"href":"https:\/\/antcube.shop\/tr\/wp-json\/wp\/v2\/product_brand?post=2847"},{"taxonomy":"product_cat","embeddable":true,"href":"https:\/\/antcube.shop\/tr\/wp-json\/wp\/v2\/product_cat?post=2847"},{"taxonomy":"product_tag","embeddable":true,"href":"https:\/\/antcube.shop\/tr\/wp-json\/wp\/v2\/product_tag?post=2847"}],"curies":[{"name":"wp","href":"https:\/\/api.w.org\/{rel}","templated":true}]}}