{"id":2841,"date":"2021-10-13T18:37:30","date_gmt":"2021-10-13T16:37:30","guid":{"rendered":"https:\/\/antcube.shop\/produkt\/food-mix-set-standard\/"},"modified":"2026-04-13T22:40:10","modified_gmt":"2026-04-13T20:40:10","slug":"food-mix-set-standard","status":"publish","type":"product","link":"https:\/\/antcube.shop\/tr\/urun\/food-mix-set-standard\/","title":{"rendered":"G\u0131da Kar\u0131\u015f\u0131m Seti - Standart"},"content":{"rendered":"<p><strong>\u0130\u00e7erik:<\/strong> Besleme t\u00fcp\u00fc ba\u015f\u0131na 2ml<br \/>\n2x proteinli g\u0131da (PP)<br \/>\n2x proteinli g\u0131da FD b\u00f6cekleri (PI)<br \/>\n2x karbonhidratl\u0131 g\u0131da (K)<br \/>\n2x meyve mamas\u0131 (F)<br \/>\n2x \u015feker bal \u00e7\u00f6zeltisi (ZH)<br \/>\n1x s\u00fcnger<\/p>\n<p><span data-text-color=\"alert\"><strong>Dikkat:<\/strong> <\/span>Kurudu\u011funda hayvanlar taraf\u0131ndan kabul edilmedi\u011finden, l\u00fctfen tozu bir damla su ile kar\u0131\u015ft\u0131r\u0131n!<\/p>\n<p><strong>A\u00e7\u0131klama:<\/strong><br \/>\nBu, karbonhidrat ve proteinlerle beslenen \u00e7e\u015fitli kar\u0131nca t\u00fcrleri i\u00e7in G\u0131da Kar\u0131\u015f\u0131m Setidir. Kar\u0131ncalar\u0131n dengeli bir beslenme i\u00e7in ihtiya\u00e7 duyduklar\u0131 her \u015feyi i\u00e7erir. Bireysel g\u0131da rasyonlar\u0131 ayr\u0131 t\u00fcplere dolduruldu\u011fundan, dozajlanmas\u0131 kolayd\u0131r. Protein, karbonhidrat ve meyve mamalar\u0131n\u0131n az miktarda su ile nemlendirilmesi tavsiye edilir. Bu ayn\u0131 zamanda delikteki \"merkez\" formikaryumda kullan\u0131ld\u0131\u011f\u0131nda tozun d\u0131\u015far\u0131 akmas\u0131n\u0131 \u00f6nleyecektir.<\/p>\n<p><strong>Kullan\u0131m\/Uygulama:<\/strong><br \/>\nProteinli besin = b\u00f6cek\u00e7il kar\u0131nca t\u00fcrleri (Eulipotyphla) i\u00e7in.<br \/>\nEk yemdir (karma yem)<br \/>\nBir damla su ile kar\u0131\u015ft\u0131r\u0131lmal\u0131 ve daha sonra \u0131slakken sadece 1 g\u00fcn saklanabilir. Tekrar kullanmadan \u00f6nce besleme kab\u0131n\u0131\/t\u00fcp\u00fcn\u00fc iyice temizleyin.<br \/>\nA\u00e7\u0131lm\u0131\u015f bir paket, belirtilen tarihe kadar (son kullanma tarihi) iyice kapal\u0131 olarak (kuru olarak saklan\u0131rsa) kullan\u0131lmal\u0131d\u0131r.<\/p>\n<p>Protein yemi FD = b\u00f6cek\u00e7il kar\u0131nca t\u00fcrleri (Eulipotyphla) i\u00e7in<br \/>\nTamamlay\u0131c\u0131 bir yemdir (karma yem).<br \/>\nBir damla su ile kar\u0131\u015ft\u0131r\u0131lmal\u0131 ve daha sonra \u0131slakken sadece 1 g\u00fcn saklanabilir. Tekrar kullanmadan \u00f6nce besleme kab\u0131n\u0131\/t\u00fcp\u00fcn\u00fc iyice temizleyin.<br \/>\nA\u00e7\u0131lm\u0131\u015f bir paket, belirtilen tarihe kadar (son kullanma tarihi) iyice kapal\u0131 olarak (kuru olarak saklan\u0131rsa) kullan\u0131lmal\u0131d\u0131r.<\/p>\n<p>Karbonhidratl\u0131 g\u0131da = \u015feker\/bal yiyen kar\u0131nca t\u00fcrleri i\u00e7in<br \/>\nTamamlay\u0131c\u0131 bir yemdir (karma yem)<br \/>\nBir damla su ile kar\u0131\u015ft\u0131r\u0131labilir ve \u0131sland\u0131\u011f\u0131nda 3 g\u00fcnl\u00fck raf \u00f6mr\u00fcne sahiptir. Tekrar kullanmadan \u00f6nce besleme kab\u0131n\u0131\/t\u00fcp\u00fcn\u00fc iyice temizleyin.<br \/>\nA\u00e7\u0131lm\u0131\u015f bir paket, belirtilen tarihe kadar (son kullanma tarihi) iyice kapal\u0131 olarak (kuru olarak saklan\u0131rsa) kullan\u0131lmal\u0131d\u0131r.<\/p>\n<p>Meyve yiyece\u011fi = meyve yiyen kar\u0131nca t\u00fcrleri (frugivorlar) i\u00e7in<br \/>\nEk yemdir (tek yem)<br \/>\nBir damla su ile kar\u0131\u015ft\u0131r\u0131labilir ve \u0131slakken 3 g\u00fcnl\u00fck raf \u00f6mr\u00fcne sahiptir. Tekrar kullanmadan \u00f6nce besleme kab\u0131n\u0131\/t\u00fcp\u00fcn\u00fc iyice temizleyin.<br \/>\nA\u00e7\u0131lm\u0131\u015f bir paket, belirtilen tarihe kadar (son kullanma tarihi) iyice kapal\u0131 olarak (kuru olarak saklan\u0131rsa) kullan\u0131lmal\u0131d\u0131r.<\/p>\n<p>\u015eeker bal \u00e7\u00f6zeltisi = \u015feker\/bal yiyen kar\u0131nca t\u00fcrleri i\u00e7in.<br \/>\nTamamlay\u0131c\u0131 bir yemdir (karma yem)<br \/>\nHayvanlara teslim edilmi\u015f halde sunulabilir. Nem \u015feker konsantrasyonunu azaltt\u0131\u011f\u0131ndan ve bir fermantasyon s\u00fcreci ba\u015flad\u0131\u011f\u0131ndan, mama her 3 g\u00fcnde bir de\u011fi\u015ftirilmelidir. Tekrar kullanmadan \u00f6nce mama kab\u0131n\u0131\/t\u00fcp\u00fcn\u00fc iyice temizleyin.<br \/>\nA\u00e7\u0131lm\u0131\u015f bir paket, belirtilen tarihe kadar (son kullanma tarihi) s\u0131k\u0131ca kapal\u0131 olarak kullan\u0131lmal\u0131d\u0131r.<\/p>\n<p><strong>Dikkat edin:<\/strong><br \/>\nBeslenme t\u00fcplerinin nas\u0131l kullan\u0131laca\u011f\u0131na ili\u015fkin bilgileri burada bulabilirsiniz: Ba\u011flant\u0131<br \/>\nB\u00f6cek\u00e7il kar\u0131ncalar i\u00e7in komple yem.<br \/>\nBile\u015fim, analitik bile\u015fenler, son kullanma tarihi ve lot numaras\u0131 i\u00e7in l\u00fctfen prospekt\u00fcse bak\u0131n\u0131z.<\/p>\n<p>Bilgi Hatt\u0131 +49 30 439703870<\/p>\n<p>Sorumlu veterinerlik ve g\u0131da denetim makam\u0131:<br \/>\nSteglitz Veterinerlik Ofisi<br \/>\nK\u00f6nigin-Luise-Str. 92<br \/>\n14195 Berlin<\/p>","protected":false},"excerpt":{"rendered":"<p>Tam yem<\/p>","protected":false},"featured_media":309,"comment_status":"open","ping_status":"closed","template":"","meta":{"_acf_changed":false,"content-type":"","_monsterinsights_skip_tracking":false,"_monsterinsights_sitenote_active":false,"_monsterinsights_sitenote_note":"","_monsterinsights_sitenote_category":0},"product_brand":[],"product_cat":[115,116],"product_tag":[],"class_list":{"0":"post-2841","1":"product","2":"type-product","3":"status-publish","4":"has-post-thumbnail","6":"product_cat-food-and-feeding","7":"product_cat-food","9":"first","10":"instock","11":"taxable","12":"shipping-taxable","13":"purchasable","14":"product-type-simple"},"acf":[],"aioseo_notices":[],"jetpack_sharing_enabled":true,"_links":{"self":[{"href":"https:\/\/antcube.shop\/tr\/wp-json\/wp\/v2\/product\/2841","targetHints":{"allow":["GET"]}}],"collection":[{"href":"https:\/\/antcube.shop\/tr\/wp-json\/wp\/v2\/product"}],"about":[{"href":"https:\/\/antcube.shop\/tr\/wp-json\/wp\/v2\/types\/product"}],"replies":[{"embeddable":true,"href":"https:\/\/antcube.shop\/tr\/wp-json\/wp\/v2\/comments?post=2841"}],"wp:featuredmedia":[{"embeddable":true,"href":"https:\/\/antcube.shop\/tr\/wp-json\/wp\/v2\/media\/309"}],"wp:attachment":[{"href":"https:\/\/antcube.shop\/tr\/wp-json\/wp\/v2\/media?parent=2841"}],"wp:term":[{"taxonomy":"product_brand","embeddable":true,"href":"https:\/\/antcube.shop\/tr\/wp-json\/wp\/v2\/product_brand?post=2841"},{"taxonomy":"product_cat","embeddable":true,"href":"https:\/\/antcube.shop\/tr\/wp-json\/wp\/v2\/product_cat?post=2841"},{"taxonomy":"product_tag","embeddable":true,"href":"https:\/\/antcube.shop\/tr\/wp-json\/wp\/v2\/product_tag?post=2841"}],"curies":[{"name":"wp","href":"https:\/\/api.w.org\/{rel}","templated":true}]}}