{"id":2839,"date":"2021-10-13T18:37:12","date_gmt":"2021-10-13T16:37:12","guid":{"rendered":"https:\/\/antcube.shop\/produkt\/bodengrund-regenwald-1-kg\/"},"modified":"2026-04-17T21:44:09","modified_gmt":"2026-04-17T19:44:09","slug":"substrat-yagmur-ormani-1-kg","status":"publish","type":"product","link":"https:\/\/antcube.shop\/tr\/urun\/substrat-yagmur-ormani-1-kg\/","title":{"rendered":"Substrat - Ya\u011fmur Orman\u0131 - 1 Kg"},"content":{"rendered":"<p><strong>\u0130\u00e7erik:<\/strong> 1 Kg<\/p>\n<p><strong>Malzeme:<\/strong> kum, turba, humus, kil<\/p>\n<p><strong>Renk:<\/strong> kahverengi, bej<\/p>\n<p><strong>A\u00e7\u0131klama:<\/strong> Bu do\u011fal ya\u011fmur orman\u0131 topra\u011f\u0131 kum, turba, humus ve kil kar\u0131\u015f\u0131m\u0131ndan olu\u015fur.<br \/>\nNormal ya\u011fmur orman\u0131 topra\u011f\u0131ndan biraz daha d\u00fc\u015f\u00fck kil i\u00e7eri\u011fine sahiptir, ancak bu kar\u0131ncalar\u0131n kazmas\u0131n\u0131 kolayla\u015ft\u0131r\u0131r ve kar\u0131ncalar taraf\u0131ndan \u00e7ok daha iyi kabul edilir. Ya\u011fmur orman\u0131 topra\u011f\u0131nda veya genel olarak nemli tropikal habitatlarda ya\u015fayan t\u00fcm kar\u0131nca t\u00fcrleri i\u00e7in uygundur.<\/p>\n<p><strong>Uygulama:<\/strong> Yuva ve arena alan\u0131 i\u00e7in kazma topra\u011f\u0131 kullan\u0131labilir!<\/p>\n<p><strong>Not:<\/strong> bu tamamen do\u011fal bi\u0307r \u00fcr\u00fcn oldu\u011fundan, renk ve yapida etki\u0307leyemeyece\u011fi\u0307mi\u0307z k\u00fc\u00e7\u00fck farkliliklar olabi\u0307li\u0307r.<\/p>\n<p><strong>\u00d6nemli:<\/strong> L\u00fctfen kullanmadan \u00f6nce alt tabakay\u0131 nemlendirin, b\u00f6ylece kar\u0131\u015f\u0131m kar\u0131nca \u00e7iftli\u011finde birle\u015febilir ve sa\u011flam bir tutu\u015f geli\u015ftirebilir. Ayr\u0131ca, \u00e7ok kuru ve tozlu alt tabaka kar\u0131ncalar\u0131n solunum yollar\u0131n\u0131n t\u0131kanmas\u0131na ve en k\u00f6t\u00fc durumda hayvanlar\u0131n bo\u011fulmas\u0131na neden olabilir.<\/p>","protected":false},"excerpt":{"rendered":"<p>Do\u011fal \u00f6zel habitat topra\u011f\u0131\/ substrat\u0131<\/p>","protected":false},"featured_media":5501,"comment_status":"open","ping_status":"closed","template":"","meta":{"_acf_changed":false,"content-type":"","_monsterinsights_skip_tracking":false,"_monsterinsights_sitenote_active":false,"_monsterinsights_sitenote_note":"","_monsterinsights_sitenote_category":0},"product_brand":[],"product_cat":[96],"product_tag":[],"class_list":{"0":"post-2839","1":"product","2":"type-product","3":"status-publish","4":"has-post-thumbnail","6":"product_cat-soil","8":"first","9":"instock","10":"taxable","11":"shipping-taxable","12":"purchasable","13":"product-type-simple"},"acf":[],"aioseo_notices":[],"jetpack_sharing_enabled":true,"_links":{"self":[{"href":"https:\/\/antcube.shop\/tr\/wp-json\/wp\/v2\/product\/2839","targetHints":{"allow":["GET"]}}],"collection":[{"href":"https:\/\/antcube.shop\/tr\/wp-json\/wp\/v2\/product"}],"about":[{"href":"https:\/\/antcube.shop\/tr\/wp-json\/wp\/v2\/types\/product"}],"replies":[{"embeddable":true,"href":"https:\/\/antcube.shop\/tr\/wp-json\/wp\/v2\/comments?post=2839"}],"wp:featuredmedia":[{"embeddable":true,"href":"https:\/\/antcube.shop\/tr\/wp-json\/wp\/v2\/media\/5501"}],"wp:attachment":[{"href":"https:\/\/antcube.shop\/tr\/wp-json\/wp\/v2\/media?parent=2839"}],"wp:term":[{"taxonomy":"product_brand","embeddable":true,"href":"https:\/\/antcube.shop\/tr\/wp-json\/wp\/v2\/product_brand?post=2839"},{"taxonomy":"product_cat","embeddable":true,"href":"https:\/\/antcube.shop\/tr\/wp-json\/wp\/v2\/product_cat?post=2839"},{"taxonomy":"product_tag","embeddable":true,"href":"https:\/\/antcube.shop\/tr\/wp-json\/wp\/v2\/product_tag?post=2839"}],"curies":[{"name":"wp","href":"https:\/\/api.w.org\/{rel}","templated":true}]}}