{"id":2838,"date":"2021-10-13T18:37:02","date_gmt":"2021-10-13T16:37:02","guid":{"rendered":"https:\/\/antcube.shop\/produkt\/bodengrund-wiese-1-kg\/"},"modified":"2026-04-04T20:31:22","modified_gmt":"2026-04-04T18:31:22","slug":"substrat-cayir-1-kg","status":"publish","type":"product","link":"https:\/\/antcube.shop\/tr\/urun\/substrat-cayir-1-kg\/","title":{"rendered":"Substrat - \u00e7ay\u0131r - 1 Kg"},"content":{"rendered":"<p><strong>\u0130\u00e7erik:<\/strong> 1 Kg<\/p>\n<p><strong>Malzeme:<\/strong> kum, turba, humus, kil, elenmi\u015f<\/p>\n<p><strong>Renk:<\/strong> kahverengi, bej<\/p>\n<p><strong>A\u00e7\u0131klama:<\/strong> Bu \u00e7ay\u0131r topra\u011f\u0131, hafif kil i\u00e7eri\u011fi ve do\u011fal lifli bile\u015fenler ile esas olarak kumdan olu\u015fur.<br \/>\nTarlalarda veya \u00e7ay\u0131rlarda ya\u015fayan t\u00fcm kar\u0131nca t\u00fcrleri i\u00e7in do\u011fal bir toprakt\u0131r.<\/p>\n<p><strong>Uygulama:<\/strong> yuvalanabi\u0307li\u0307r toprak yuva ve arena alanlari i\u0307\u00e7i\u0307n kullanilabi\u0307li\u0307r!<\/p>\n<p><strong>Not:<\/strong> bu tamamen do\u011fal bi\u0307r \u00fcr\u00fcn oldu\u011fundan, renk ve yapida etki\u0307leyemeyece\u011fi\u0307mi\u0307z k\u00fc\u00e7\u00fck farkliliklar olabi\u0307li\u0307r.<\/p>\n<p><strong>\u00d6nemli:<\/strong> L\u00fctfen kullanmadan \u00f6nce alt tabakay\u0131 nemlendirin, b\u00f6ylece kar\u0131\u015f\u0131m kar\u0131nca \u00e7iftli\u011finde birle\u015febilir ve sa\u011flam bir tutu\u015f geli\u015ftirebilir. Ayr\u0131ca, \u00e7ok kuru ve tozlu alt tabaka kar\u0131ncalar\u0131n solunum yollar\u0131n\u0131n t\u0131kanmas\u0131na ve en k\u00f6t\u00fc durumda hayvanlar\u0131n bo\u011fulmas\u0131na neden olabilir.<\/p>","protected":false},"excerpt":{"rendered":"<p>Do\u011fal \u00f6zel habitat topra\u011f\u0131\/ substrat\u0131<\/p>","protected":false},"featured_media":5506,"comment_status":"open","ping_status":"closed","template":"","meta":{"_acf_changed":false,"content-type":"","_monsterinsights_skip_tracking":false,"_monsterinsights_sitenote_active":false,"_monsterinsights_sitenote_note":"","_monsterinsights_sitenote_category":0},"product_brand":[],"product_cat":[96],"product_tag":[],"class_list":{"0":"post-2838","1":"product","2":"type-product","3":"status-publish","4":"has-post-thumbnail","6":"product_cat-soil","8":"first","9":"instock","10":"taxable","11":"shipping-taxable","12":"purchasable","13":"product-type-simple"},"acf":[],"aioseo_notices":[],"jetpack_sharing_enabled":true,"_links":{"self":[{"href":"https:\/\/antcube.shop\/tr\/wp-json\/wp\/v2\/product\/2838","targetHints":{"allow":["GET"]}}],"collection":[{"href":"https:\/\/antcube.shop\/tr\/wp-json\/wp\/v2\/product"}],"about":[{"href":"https:\/\/antcube.shop\/tr\/wp-json\/wp\/v2\/types\/product"}],"replies":[{"embeddable":true,"href":"https:\/\/antcube.shop\/tr\/wp-json\/wp\/v2\/comments?post=2838"}],"wp:featuredmedia":[{"embeddable":true,"href":"https:\/\/antcube.shop\/tr\/wp-json\/wp\/v2\/media\/5506"}],"wp:attachment":[{"href":"https:\/\/antcube.shop\/tr\/wp-json\/wp\/v2\/media?parent=2838"}],"wp:term":[{"taxonomy":"product_brand","embeddable":true,"href":"https:\/\/antcube.shop\/tr\/wp-json\/wp\/v2\/product_brand?post=2838"},{"taxonomy":"product_cat","embeddable":true,"href":"https:\/\/antcube.shop\/tr\/wp-json\/wp\/v2\/product_cat?post=2838"},{"taxonomy":"product_tag","embeddable":true,"href":"https:\/\/antcube.shop\/tr\/wp-json\/wp\/v2\/product_tag?post=2838"}],"curies":[{"name":"wp","href":"https:\/\/api.w.org\/{rel}","templated":true}]}}