{"id":2835,"date":"2021-10-13T18:36:34","date_gmt":"2021-10-13T16:36:34","guid":{"rendered":"https:\/\/antcube.shop\/produkt\/fotoruckwand-regenwald-20x10-quer\/"},"modified":"2026-04-16T09:54:42","modified_gmt":"2026-04-16T07:54:42","slug":"fotograf-arka-duvar-yagmur-orman-20x10-manzara","status":"publish","type":"product","link":"https:\/\/antcube.shop\/tr\/urun\/fotograf-arka-duvar-yagmur-orman-20x10-manzara\/","title":{"rendered":"Foto\u011fraf arka duvar\u0131 - Ya\u011fmur Orman\u0131 - 20\u00d710 - manzara"},"content":{"rendered":"<p><strong>Boyutlar:<\/strong> 20x10cm<\/p>\n<p><strong>Malzeme:<\/strong> Parlak folyo ka\u011f\u0131t<\/p>\n<p><strong>\u0130\u00e7erik:<\/strong> 1x foto\u011fraf arka duvar\u0131<\/p>\n<p><strong>A\u00e7\u0131klama:<\/strong> Bu foto\u011fraf arka duvar\u0131, kar\u0131ncalar\u0131n do\u011fal ya\u015fam alanlar\u0131na kar\u015f\u0131l\u0131k gelen bir ortam izlenimi vermek i\u00e7in formikaryumun arkas\u0131na d\u0131\u015far\u0131dan yap\u0131\u015ft\u0131r\u0131lm\u0131\u015ft\u0131r.<\/p>","protected":false},"excerpt":{"rendered":"<p>Malzeme: Parlak folyo ka\u011f\u0131t<\/p>","protected":false},"featured_media":5541,"comment_status":"open","ping_status":"closed","template":"","meta":{"_acf_changed":false,"content-type":"","_monsterinsights_skip_tracking":false,"_monsterinsights_sitenote_active":false,"_monsterinsights_sitenote_note":"","_monsterinsights_sitenote_category":0},"product_brand":[],"product_cat":[97,106],"product_tag":[],"class_list":{"0":"post-2835","1":"product","2":"type-product","3":"status-publish","4":"has-post-thumbnail","6":"product_cat-photo-backwalls","7":"product_cat-rainforest-photo-backwall","9":"first","10":"instock","11":"taxable","12":"shipping-taxable","13":"purchasable","14":"product-type-simple"},"acf":[],"aioseo_notices":[],"jetpack_sharing_enabled":true,"_links":{"self":[{"href":"https:\/\/antcube.shop\/tr\/wp-json\/wp\/v2\/product\/2835","targetHints":{"allow":["GET"]}}],"collection":[{"href":"https:\/\/antcube.shop\/tr\/wp-json\/wp\/v2\/product"}],"about":[{"href":"https:\/\/antcube.shop\/tr\/wp-json\/wp\/v2\/types\/product"}],"replies":[{"embeddable":true,"href":"https:\/\/antcube.shop\/tr\/wp-json\/wp\/v2\/comments?post=2835"}],"wp:featuredmedia":[{"embeddable":true,"href":"https:\/\/antcube.shop\/tr\/wp-json\/wp\/v2\/media\/5541"}],"wp:attachment":[{"href":"https:\/\/antcube.shop\/tr\/wp-json\/wp\/v2\/media?parent=2835"}],"wp:term":[{"taxonomy":"product_brand","embeddable":true,"href":"https:\/\/antcube.shop\/tr\/wp-json\/wp\/v2\/product_brand?post=2835"},{"taxonomy":"product_cat","embeddable":true,"href":"https:\/\/antcube.shop\/tr\/wp-json\/wp\/v2\/product_cat?post=2835"},{"taxonomy":"product_tag","embeddable":true,"href":"https:\/\/antcube.shop\/tr\/wp-json\/wp\/v2\/product_tag?post=2835"}],"curies":[{"name":"wp","href":"https:\/\/api.w.org\/{rel}","templated":true}]}}