{"id":2829,"date":"2021-10-13T18:35:37","date_gmt":"2021-10-13T16:35:37","guid":{"rendered":"https:\/\/antcube.shop\/produkt\/formicarienstopfen-fur-50mm-bohrung\/"},"modified":"2026-04-05T20:47:14","modified_gmt":"2026-04-05T18:47:14","slug":"formicarienstopfen-fur-50mm-bohrung","status":"publish","type":"product","link":"https:\/\/antcube.shop\/tr\/urun\/formicarienstopfen-fur-50mm-bohrung\/","title":{"rendered":"50mm delik i\u00e7in formikaryum tapas\u0131"},"content":{"rendered":"<p><strong>Miktar:<\/strong> 1 adet<\/p>\n<p><strong>Boyutlar:<\/strong> 59 x 10mm<\/p>\n<p><strong>Malzeme:<\/strong> PE plastik<\/p>\n<p><strong>Renk:<\/strong> \u015feffaf, s\u00fctl\u00fc<\/p>\n<p><strong>A\u00e7\u0131klama:<\/strong> 27mm \u00e7apl\u0131 formikaryumlardaki yuvarlak a\u00e7\u0131kl\u0131klar\u0131 kapatmak i\u00e7in.<\/p>\n<p><strong>\u0130ste\u011fe ba\u011fl\u0131 delikli:<\/strong><br \/>\n- 20 mm delik, 27 mm - 14, 16, 20 mm - \u015feffaf tank t\u00fcp\u00fc konekt\u00f6rlerine uyar.<br \/>\n- 27 mm delik 3\/4 in\u00e7 ve M25 ba\u011flant\u0131 par\u00e7alar\u0131 i\u00e7in uygundur<\/p>","protected":false},"excerpt":{"rendered":"<p>Miktar 1 adet Boyutlar: 59 x 10mm Malzeme: PE plastik Renk: \u015feffaf, s\u00fctl\u00fc A\u00e7\u0131klama: 50mm \u00e7apl\u0131 formikaryumlardaki yuvarlak a\u00e7\u0131kl\u0131klar\u0131 kapatmak i\u00e7in. Delikli opsiyonel: - 20 mm delik, 27 mm - 14, 16, 20 mm - \u015feffaf tank borusu konekt\u00f6rlerine uyar. - 27mm delik 3\/4 in\u00e7 ve M25 ba\u011flant\u0131 par\u00e7alar\u0131 i\u00e7in uygundur<\/p>","protected":false},"featured_media":343,"comment_status":"open","ping_status":"closed","template":"","meta":{"_acf_changed":false,"content-type":"","_monsterinsights_skip_tracking":false,"_monsterinsights_sitenote_active":false,"_monsterinsights_sitenote_note":"","_monsterinsights_sitenote_category":0},"product_brand":[],"product_cat":[238],"product_tag":[],"class_list":{"0":"post-2829","1":"product","2":"type-product","3":"status-publish","4":"has-post-thumbnail","6":"product_cat-grid-caps-plugs-and-inserts","8":"first","9":"instock","10":"taxable","11":"shipping-taxable","12":"purchasable","13":"product-type-simple"},"acf":[],"aioseo_notices":[],"jetpack_sharing_enabled":true,"_links":{"self":[{"href":"https:\/\/antcube.shop\/tr\/wp-json\/wp\/v2\/product\/2829","targetHints":{"allow":["GET"]}}],"collection":[{"href":"https:\/\/antcube.shop\/tr\/wp-json\/wp\/v2\/product"}],"about":[{"href":"https:\/\/antcube.shop\/tr\/wp-json\/wp\/v2\/types\/product"}],"replies":[{"embeddable":true,"href":"https:\/\/antcube.shop\/tr\/wp-json\/wp\/v2\/comments?post=2829"}],"wp:featuredmedia":[{"embeddable":true,"href":"https:\/\/antcube.shop\/tr\/wp-json\/wp\/v2\/media\/343"}],"wp:attachment":[{"href":"https:\/\/antcube.shop\/tr\/wp-json\/wp\/v2\/media?parent=2829"}],"wp:term":[{"taxonomy":"product_brand","embeddable":true,"href":"https:\/\/antcube.shop\/tr\/wp-json\/wp\/v2\/product_brand?post=2829"},{"taxonomy":"product_cat","embeddable":true,"href":"https:\/\/antcube.shop\/tr\/wp-json\/wp\/v2\/product_cat?post=2829"},{"taxonomy":"product_tag","embeddable":true,"href":"https:\/\/antcube.shop\/tr\/wp-json\/wp\/v2\/product_tag?post=2829"}],"curies":[{"name":"wp","href":"https:\/\/api.w.org\/{rel}","templated":true}]}}