{"id":2828,"date":"2021-10-13T18:35:27","date_gmt":"2021-10-13T16:35:27","guid":{"rendered":"https:\/\/antcube.shop\/produkt\/formicarienstopfen-fur-27mm-bohrung\/"},"modified":"2026-04-14T12:07:23","modified_gmt":"2026-04-14T10:07:23","slug":"formicarienstopfen-fur-27mm-bohrung","status":"publish","type":"product","link":"https:\/\/antcube.shop\/tr\/urun\/formicarienstopfen-fur-27mm-bohrung\/","title":{"rendered":"27mm delik i\u00e7in formikaryum tapas\u0131"},"content":{"rendered":"<p><strong>Miktar:<\/strong> 1 adet<\/p>\n<p><strong>Boyutlar:<\/strong> 31 x 10mm<\/p>\n<p><strong>Malzeme:<\/strong> PE plastik<\/p>\n<p><strong>Renk:<\/strong> \u015feffaf, s\u00fctl\u00fc<\/p>\n<p><strong>A\u00e7\u0131klama:<\/strong> 27mm \u00e7apl\u0131 formikaryumlardaki yuvarlak a\u00e7\u0131kl\u0131klar\u0131 kapatmak i\u00e7in.<br \/>\nEk bir \u00fccret kar\u015f\u0131l\u0131\u011f\u0131nda, talep \u00fczerine tapada delikler a\u00e7may\u0131 da teklif ediyoruz.<\/p>","protected":false},"excerpt":{"rendered":"<p>Miktar 1 adet Boyutlar: 31 x 10mm Malzeme: PE plastik Renk: \u015feffaf, s\u00fctl\u00fc A\u00e7\u0131klama: 27mm \u00e7ap\u0131ndaki formikaryumlardaki yuvarlak a\u00e7\u0131kl\u0131klar\u0131 kapatmak i\u00e7in. Ek bir \u00fccret kar\u015f\u0131l\u0131\u011f\u0131nda, talep \u00fczerine tapada delikler a\u00e7may\u0131 da teklif ediyoruz.<\/p>","protected":false},"featured_media":342,"comment_status":"open","ping_status":"closed","template":"","meta":{"_acf_changed":false,"content-type":"","_monsterinsights_skip_tracking":false,"_monsterinsights_sitenote_active":false,"_monsterinsights_sitenote_note":"","_monsterinsights_sitenote_category":0},"product_brand":[],"product_cat":[238],"product_tag":[],"class_list":{"0":"post-2828","1":"product","2":"type-product","3":"status-publish","4":"has-post-thumbnail","6":"product_cat-grid-caps-plugs-and-inserts","8":"first","9":"instock","10":"taxable","11":"shipping-taxable","12":"purchasable","13":"product-type-simple"},"acf":[],"aioseo_notices":[],"jetpack_sharing_enabled":true,"_links":{"self":[{"href":"https:\/\/antcube.shop\/tr\/wp-json\/wp\/v2\/product\/2828","targetHints":{"allow":["GET"]}}],"collection":[{"href":"https:\/\/antcube.shop\/tr\/wp-json\/wp\/v2\/product"}],"about":[{"href":"https:\/\/antcube.shop\/tr\/wp-json\/wp\/v2\/types\/product"}],"replies":[{"embeddable":true,"href":"https:\/\/antcube.shop\/tr\/wp-json\/wp\/v2\/comments?post=2828"}],"wp:featuredmedia":[{"embeddable":true,"href":"https:\/\/antcube.shop\/tr\/wp-json\/wp\/v2\/media\/342"}],"wp:attachment":[{"href":"https:\/\/antcube.shop\/tr\/wp-json\/wp\/v2\/media?parent=2828"}],"wp:term":[{"taxonomy":"product_brand","embeddable":true,"href":"https:\/\/antcube.shop\/tr\/wp-json\/wp\/v2\/product_brand?post=2828"},{"taxonomy":"product_cat","embeddable":true,"href":"https:\/\/antcube.shop\/tr\/wp-json\/wp\/v2\/product_cat?post=2828"},{"taxonomy":"product_tag","embeddable":true,"href":"https:\/\/antcube.shop\/tr\/wp-json\/wp\/v2\/product_tag?post=2828"}],"curies":[{"name":"wp","href":"https:\/\/api.w.org\/{rel}","templated":true}]}}