{"id":2826,"date":"2021-10-13T18:34:38","date_gmt":"2021-10-13T16:34:38","guid":{"rendered":"https:\/\/antcube.shop\/produkt\/schaumstoffwischer-150x18x25mm-5er-pack\/"},"modified":"2026-04-13T10:48:33","modified_gmt":"2026-04-13T08:48:33","slug":"foam-wiper-150x18x25mm-pack-of-5","status":"publish","type":"product","link":"https:\/\/antcube.shop\/tr\/urun\/foam-wiper-150x18x25mm-pack-of-5\/","title":{"rendered":"K\u00f6p\u00fck silecek 150x18x2,5mm - 5'li paket"},"content":{"rendered":"<p><strong>Boyutlar:<\/strong> 150mm uzunluk, k\u00f6p\u00fck kafa 40x40x20mm.<\/p>\n<p><strong>Miktar:<\/strong> 5 adet.<\/p>\n<p><strong>Malzeme:<\/strong> k\u00f6p\u00fck, PS<\/p>\n<p><strong>A\u00e7\u0131klama:<\/strong><br \/>\n\u00c7e\u015fitli uygulamalar i\u00e7in kare ba\u015fl\u0131 k\u00f6p\u00fck silecek.<br \/>\n\u00d6rnekler:<br \/>\n1.) pencereleri temizlemek i\u00e7in.<\/p>\n<p>2.) Bal s\u00fcngeri olarak<\/p>\n<p>3.) \u0130\u00e7me yala\u011f\u0131 olarak, su emdi\u011fi i\u00e7in<\/p>\n<p>4.) kopma koruma ya\u011f\u0131n\u0131 uygulamak i\u00e7in<\/p>\n<p>&nbsp;<\/p>","protected":false},"excerpt":{"rendered":"<p>Boyutlar: 150mm uzunluk, k\u00f6p\u00fck kafa 40x40x20mm. Miktar 5 adet. Malzeme: k\u00f6p\u00fck, PS A\u00e7\u0131klama: \u00c7e\u015fitli uygulamalar i\u00e7in kare ba\u015fl\u0131 k\u00f6p\u00fck silecek. \u00d6rnekler: 1.) camlar\u0131 temizlemek i\u00e7in. 2.) Bal s\u00fcngeri olarak 3.) Su emdi\u011fi i\u00e7in bir i\u00e7me teknesi olarak 4.) kopma koruma ya\u011f\u0131n\u0131 uygulamak i\u00e7in &nbsp;<\/p>","protected":false},"featured_media":307,"comment_status":"open","ping_status":"closed","template":"","meta":{"_acf_changed":false,"content-type":"","_monsterinsights_skip_tracking":false,"_monsterinsights_sitenote_active":false,"_monsterinsights_sitenote_note":"","_monsterinsights_sitenote_category":0},"product_brand":[],"product_cat":[237],"product_tag":[],"class_list":{"0":"post-2826","1":"product","2":"type-product","3":"status-publish","4":"has-post-thumbnail","6":"product_cat-tools","8":"first","9":"instock","10":"taxable","11":"shipping-taxable","12":"purchasable","13":"product-type-simple"},"acf":[],"aioseo_notices":[],"jetpack_sharing_enabled":true,"_links":{"self":[{"href":"https:\/\/antcube.shop\/tr\/wp-json\/wp\/v2\/product\/2826","targetHints":{"allow":["GET"]}}],"collection":[{"href":"https:\/\/antcube.shop\/tr\/wp-json\/wp\/v2\/product"}],"about":[{"href":"https:\/\/antcube.shop\/tr\/wp-json\/wp\/v2\/types\/product"}],"replies":[{"embeddable":true,"href":"https:\/\/antcube.shop\/tr\/wp-json\/wp\/v2\/comments?post=2826"}],"wp:featuredmedia":[{"embeddable":true,"href":"https:\/\/antcube.shop\/tr\/wp-json\/wp\/v2\/media\/307"}],"wp:attachment":[{"href":"https:\/\/antcube.shop\/tr\/wp-json\/wp\/v2\/media?parent=2826"}],"wp:term":[{"taxonomy":"product_brand","embeddable":true,"href":"https:\/\/antcube.shop\/tr\/wp-json\/wp\/v2\/product_brand?post=2826"},{"taxonomy":"product_cat","embeddable":true,"href":"https:\/\/antcube.shop\/tr\/wp-json\/wp\/v2\/product_cat?post=2826"},{"taxonomy":"product_tag","embeddable":true,"href":"https:\/\/antcube.shop\/tr\/wp-json\/wp\/v2\/product_tag?post=2826"}],"curies":[{"name":"wp","href":"https:\/\/api.w.org\/{rel}","templated":true}]}}