{"id":2825,"date":"2021-10-13T18:33:32","date_gmt":"2021-10-13T16:33:32","guid":{"rendered":"https:\/\/antcube.shop\/produkt\/ytongnest-20x20\/"},"modified":"2026-04-16T20:25:13","modified_gmt":"2026-04-16T18:25:13","slug":"ytongnest-20x20","status":"publish","type":"product","link":"https:\/\/antcube.shop\/tr\/urun\/ytongnest-20x20\/","title":{"rendered":"Ytongnest - 20\u00d720"},"content":{"rendered":"<p><strong>Malzeme:<\/strong> gaz beton, cam, plastik PMMA ve PVC<\/p>\n<p><strong>Ba\u011flant\u0131:<\/strong> 2x 14mm delikler<\/p>\n<p><strong>\u0130\u00e7erik:<\/strong><br \/>\n1x gaz beton blok 40x20x5 cm, 20 mm derinli\u011finde odac\u0131kl\u0131.<br \/>\n1x 50 mm a\u00e7\u0131kl\u0131\u011fa sahip 20\u00d720 cm cam plaka<br \/>\n27mm a\u00e7\u0131kl\u0131\u011fa sahip 1x 50mm halka<br \/>\n2x Formicarium tapa 13mm<br \/>\n1x Formicarium tapa 27mm<\/p>\n<p><strong>A\u00e7\u0131klama:<\/strong><br \/>\nYtong bir marka ad\u0131d\u0131r, malzemenin kendisine gaz beton denir.<br \/>\nSu tutma \u00f6zelli\u011fi nedeniyle, malzeme kar\u0131nca tutmak i\u00e7in \u00e7ok uygundur.<br \/>\nHem kuru hem de \u0131slak habitatlardan \u00e7ok say\u0131da yuva yapan t\u00fcr\u00fc i\u00e7inde tutmak m\u00fcmk\u00fcnd\u00fcr.<br \/>\nKar\u0131nca t\u00fcr\u00fcne ba\u011fl\u0131 olarak, odalar\u0131n taban\u0131n\u0131n toprak alt tabaka ile kaplanmas\u0131 tavsiye edilir. Baz\u0131 t\u00fcrler bu \u015fekilde daha rahat hisseder ve \u00f6rne\u011fin Ponerinae t\u00fcrleri (Ura kar\u0131ncalar\u0131) larvalar\u0131n\u0131n d\u00fczg\u00fcn bir \u015fekilde pupa olabilmesi i\u00e7in topra\u011fa ihtiya\u00e7 duyar.<br \/>\nTam bir formikaryum olarak kullanmak i\u00e7in yuvaya bir arena eklemenizi \u00f6neririz.<\/p>\n<p><strong>\u0130pucu:<\/strong><br \/>\nYuva alan\u0131n\u0131 nemlendirdikten sonra suyun Ytong'dan d\u0131\u015far\u0131 s\u0131zmas\u0131n\u0131 ve a\u015fa\u011f\u0131daki mobilyalar\u0131n y\u00fczeyinde toplanmas\u0131n\u0131 veya p\u00fcr\u00fczl\u00fc malzemenin y\u00fczeyleri \u00e7izmesini \u00f6nlemek i\u00e7in, Ytong yuvalar\u0131m\u0131zla uyumlu cam k\u00fcvetlerimizden birini sipari\u015f etmenizi \u00f6neririz. Bunlar su ge\u00e7irmezdir ve b\u00f6ylece alttaki y\u00fczeyleri sudan ve \u00e7izilme hasar\u0131ndan etkili bir \u015fekilde korur.<\/p>\n<p><strong>Kullan\u0131m:<\/strong><br \/>\n<strong>M - L boyutundaki kar\u0131nca t\u00fcrleri i\u00e7in.<\/strong><br \/>\nGaz beton \u00e7ok k\u0131r\u0131lgan ve hassas bir malzemedir. Bu nedenle, \u00fcretim s\u00fcreci nedeniyle k\u00f6\u015felerin ve kenarlar\u0131n hafif k\u0131r\u0131lmalar ve d\u00fczensizlikler g\u00f6stermesini \u00f6nlemek m\u00fcmk\u00fcn de\u011fildir.<br \/>\nBu nedenle, Ytong yuvalar\u0131 S boyutundaki \u00e7ok k\u00fc\u00e7\u00fck kar\u0131nca t\u00fcrleri i\u00e7in uygun de\u011fildir, \u00e7\u00fcnk\u00fc bu t\u00fcrler buradan kolayca ka\u00e7abilir.<\/p>","protected":false},"excerpt":{"rendered":"<p>Ba\u011flant\u0131: 2x 14mm a\u00e7\u0131kl\u0131k<br \/>\nBoyut: <strong><span style=\"color: #339966;\">M<\/span><\/strong><strong> &#8211; <span style=\"color: #0000ff;\">L<\/span><\/strong><\/p>","protected":false},"featured_media":3010,"comment_status":"open","ping_status":"closed","template":"","meta":{"_acf_changed":false,"content-type":"","_monsterinsights_skip_tracking":false,"_monsterinsights_sitenote_active":false,"_monsterinsights_sitenote_note":"","_monsterinsights_sitenote_category":0},"product_brand":[],"product_cat":[80,86],"product_tag":[],"class_list":{"0":"post-2825","1":"product","2":"type-product","3":"status-publish","4":"has-post-thumbnail","6":"product_cat-antfarms","7":"product_cat-formicariums","9":"first","10":"instock","11":"taxable","12":"shipping-taxable","13":"purchasable","14":"product-type-simple"},"acf":[],"aioseo_notices":[],"jetpack_sharing_enabled":true,"_links":{"self":[{"href":"https:\/\/antcube.shop\/tr\/wp-json\/wp\/v2\/product\/2825","targetHints":{"allow":["GET"]}}],"collection":[{"href":"https:\/\/antcube.shop\/tr\/wp-json\/wp\/v2\/product"}],"about":[{"href":"https:\/\/antcube.shop\/tr\/wp-json\/wp\/v2\/types\/product"}],"replies":[{"embeddable":true,"href":"https:\/\/antcube.shop\/tr\/wp-json\/wp\/v2\/comments?post=2825"}],"wp:featuredmedia":[{"embeddable":true,"href":"https:\/\/antcube.shop\/tr\/wp-json\/wp\/v2\/media\/3010"}],"wp:attachment":[{"href":"https:\/\/antcube.shop\/tr\/wp-json\/wp\/v2\/media?parent=2825"}],"wp:term":[{"taxonomy":"product_brand","embeddable":true,"href":"https:\/\/antcube.shop\/tr\/wp-json\/wp\/v2\/product_brand?post=2825"},{"taxonomy":"product_cat","embeddable":true,"href":"https:\/\/antcube.shop\/tr\/wp-json\/wp\/v2\/product_cat?post=2825"},{"taxonomy":"product_tag","embeddable":true,"href":"https:\/\/antcube.shop\/tr\/wp-json\/wp\/v2\/product_tag?post=2825"}],"curies":[{"name":"wp","href":"https:\/\/api.w.org\/{rel}","templated":true}]}}