{"id":2824,"date":"2021-10-13T18:33:13","date_gmt":"2021-10-13T16:33:13","guid":{"rendered":"https:\/\/antcube.shop\/produkt\/food-mix-set-fur-kornersammler\/"},"modified":"2026-04-17T16:46:43","modified_gmt":"2026-04-17T14:46:43","slug":"tahil-toplayan-karincalar-icin-gida-karisim-seti","status":"publish","type":"product","link":"https:\/\/antcube.shop\/tr\/urun\/tahil-toplayan-karincalar-icin-gida-karisim-seti\/","title":{"rendered":"G\u0131da Kar\u0131\u015f\u0131m Seti - tah\u0131l toplayan kar\u0131ncalar i\u00e7in"},"content":{"rendered":"<p><strong>\u0130\u00e7erik:<\/strong> Besleme t\u00fcp\u00fc ba\u015f\u0131na 2ml<br \/>\n2x tah\u0131l yemi Min\u00f6r (Mi)<br \/>\n1x tah\u0131ll\u0131 g\u0131da Medya (Ben)<br \/>\n1x tah\u0131ll\u0131 g\u0131da Binba\u015f\u0131 (Ma)<br \/>\n1x \u00e7i\u00e7ek poleni (B)<br \/>\n1x karbonhidratl\u0131 yem (K)<br \/>\n2x Protein yemi (PP)<br \/>\n1x protein yemi FD b\u00f6cekleri Pi)<br \/>\n1x meyve yemi (F)<\/p>\n<p><span data-text-color=\"alert\"><strong>Dikkat:<\/strong> <\/span>Kurudu\u011funda hayvanlar taraf\u0131ndan kabul edilmedi\u011finden, l\u00fctfen tozu bir damla su ile kar\u0131\u015ft\u0131r\u0131n!<\/p>\n<p><strong>A\u00e7\u0131klama:<\/strong> Bu, Messor cinsi gibi tah\u0131l toplayan t\u00fcrler i\u00e7in bir besin setidir ve t\u00fcm i\u015f\u00e7i kutular\u0131 i\u00e7in proteinler, karbonhidratlar ve tah\u0131llar \/ tohumlar i\u00e7erir. Her bir besin rasyonu ayr\u0131 t\u00fcplerde oldu\u011fundan dozajlanmas\u0131 kolayd\u0131r.<\/p>\n<p><strong>Kullan\u0131m \/ Uygulama:<\/strong><br \/>\nProteinli besin = b\u00f6cek\u00e7il kar\u0131nca t\u00fcrleri (Eulipotyphla) i\u00e7in.<br \/>\nEk yemdir (karma yem)<br \/>\nBir damla su ile kar\u0131\u015ft\u0131r\u0131lmal\u0131 ve daha sonra \u0131slak durumda sadece 1 g\u00fcn tutulabilir. Tekrar kullanmadan \u00f6nce besleme kab\u0131n\u0131\/t\u00fcp\u00fcn\u00fc iyice temizleyin.<br \/>\nA\u00e7\u0131lm\u0131\u015f bir paket, belirtilen tarihe kadar (son kullanma tarihi) iyice kapal\u0131 olarak (kuru olarak saklan\u0131rsa) kullan\u0131lmal\u0131d\u0131r.<\/p>\n<p>Protein yemi FD = b\u00f6cek\u00e7il kar\u0131nca t\u00fcrleri (Eulipotyphla) i\u00e7in<br \/>\nTamamlay\u0131c\u0131 bir yemdir (karma yem).<br \/>\nBir damla su ile kar\u0131\u015ft\u0131r\u0131lmal\u0131 ve daha sonra \u0131slakken sadece 1 g\u00fcn saklanabilir. Tekrar kullanmadan \u00f6nce besleme kab\u0131n\u0131\/t\u00fcp\u00fcn\u00fc iyice temizleyin.<br \/>\nA\u00e7\u0131lm\u0131\u015f bir paket, belirtilen tarihe kadar (son kullanma tarihi) iyice kapal\u0131 olarak (kuru olarak saklan\u0131rsa) kullan\u0131lmal\u0131d\u0131r.<\/p>\n<p>Karbonhidratl\u0131 g\u0131da = \u015feker\/bal yiyen kar\u0131nca t\u00fcrleri i\u00e7in<br \/>\nTamamlay\u0131c\u0131 bir yemdir (karma yem)<br \/>\nBir damla su ile kar\u0131\u015ft\u0131r\u0131labilir ve \u0131sland\u0131\u011f\u0131nda 3 g\u00fcnl\u00fck raf \u00f6mr\u00fcne sahiptir. Tekrar kullanmadan \u00f6nce besleme kab\u0131n\u0131\/t\u00fcp\u00fcn\u00fc iyice temizleyin.<br \/>\nA\u00e7\u0131lm\u0131\u015f bir paket, belirtilen tarihe kadar (son kullanma tarihi) iyice kapal\u0131 olarak (kuru olarak saklan\u0131rsa) kullan\u0131lmal\u0131d\u0131r.<\/p>\n<p>Meyve yiyece\u011fi = meyve yiyen kar\u0131nca t\u00fcrleri (frugivorlar) i\u00e7in<br \/>\nEk yemdir (tek yem)<br \/>\nBir damla su ile kar\u0131\u015ft\u0131r\u0131labilir ve \u0131slakken 3 g\u00fcnl\u00fck raf \u00f6mr\u00fcne sahiptir. Tekrar kullanmadan \u00f6nce besleme kab\u0131n\u0131\/t\u00fcp\u00fcn\u00fc iyice temizleyin.<br \/>\nA\u00e7\u0131lm\u0131\u015f bir paket, belirtilen tarihe kadar (son kullanma tarihi) iyice kapal\u0131 olarak (kuru olarak saklan\u0131rsa) kullan\u0131lmal\u0131d\u0131r.<\/p>\n<p>\u00c7i\u00e7ek poleni = \u00e7i\u00e7ek poleni yiyen kar\u0131nca t\u00fcrleri i\u00e7in.<br \/>\nEk yemdir (tek yem)<br \/>\nTeslim edilmi\u015f durumda hayvanlara sunulabilir. Nem k\u0131vam\u0131 yumu\u015fatt\u0131\u011f\u0131 i\u00e7in mama her 5 g\u00fcnde bir de\u011fi\u015ftirilmelidir. Tekrar kullanmadan \u00f6nce besleme kab\u0131n\u0131\/t\u00fcp\u00fcn\u00fc iyice temizleyiniz.<br \/>\nA\u00e7\u0131lm\u0131\u015f bir paket, belirtilen tarihe kadar (son kullanma tarihi) iyice kapal\u0131 olarak (kuru olarak saklan\u0131rsa) kullan\u0131lmal\u0131d\u0131r.<\/p>\n<p>Tah\u0131l yemi Min\u00f6r<br \/>\nTah\u0131l yemi Medya<br \/>\nTah\u0131l yiyece\u011fi Major = tah\u0131l yiyen kar\u0131nca t\u00fcrleri i\u00e7in = (granivorlar)<br \/>\nEk yemdir (karma yem)<br \/>\nTeslim edilmi\u015f durumda hayvanlara sunulabilir. Yem kab\u0131\/t\u00fcp\u00fc kuru bir yere yerle\u015ftirilmelidir. Nemli ortamda taneler (tohumlar) \u00e7imlenmeye ba\u015flayabilir. Bu durum fark edilirse yem de\u011fi\u015ftirilmelidir.<br \/>\nA\u00e7\u0131lm\u0131\u015f bir paket, belirtilen tarihe kadar (son kullanma tarihi) iyice kapal\u0131 olarak (kuru olarak saklan\u0131rsa) kullan\u0131lmal\u0131d\u0131r.<\/p>\n<p><strong>Dikkat edin:<\/strong><br \/>\nBesleme t\u00fcplerinin nas\u0131l kullan\u0131laca\u011f\u0131na ili\u015fkin bilgileri burada bulabilirsiniz: Ba\u011flant\u0131<br \/>\nGranivor kar\u0131ncalar i\u00e7in komple yem.<br \/>\nBile\u015fim, analitik bile\u015fenler, son kullanma tarihi ve lot numaras\u0131 i\u00e7in l\u00fctfen prospekt\u00fcse bak\u0131n\u0131z.<\/p>\n<p>Bilgi Hatt\u0131 +49 30 439703870<\/p>\n<p>Sorumlu veterinerlik ve g\u0131da denetim makam\u0131:<br \/>\nSteglitz Veterinerlik Ofisi<br \/>\nK\u00f6nigin-Luise-Str. 92<br \/>\n14195 Berlin<\/p>\n<p>&nbsp;<\/p>","protected":false},"excerpt":{"rendered":"<p>Tam yem<\/p>","protected":false},"featured_media":308,"comment_status":"open","ping_status":"closed","template":"","meta":{"_acf_changed":false,"content-type":"","_monsterinsights_skip_tracking":false,"_monsterinsights_sitenote_active":false,"_monsterinsights_sitenote_note":"","_monsterinsights_sitenote_category":0},"product_brand":[],"product_cat":[115,116],"product_tag":[],"class_list":{"0":"post-2824","1":"product","2":"type-product","3":"status-publish","4":"has-post-thumbnail","6":"product_cat-food-and-feeding","7":"product_cat-food","9":"first","10":"instock","11":"taxable","12":"shipping-taxable","13":"purchasable","14":"product-type-simple"},"acf":[],"aioseo_notices":[],"jetpack_sharing_enabled":true,"_links":{"self":[{"href":"https:\/\/antcube.shop\/tr\/wp-json\/wp\/v2\/product\/2824","targetHints":{"allow":["GET"]}}],"collection":[{"href":"https:\/\/antcube.shop\/tr\/wp-json\/wp\/v2\/product"}],"about":[{"href":"https:\/\/antcube.shop\/tr\/wp-json\/wp\/v2\/types\/product"}],"replies":[{"embeddable":true,"href":"https:\/\/antcube.shop\/tr\/wp-json\/wp\/v2\/comments?post=2824"}],"wp:featuredmedia":[{"embeddable":true,"href":"https:\/\/antcube.shop\/tr\/wp-json\/wp\/v2\/media\/308"}],"wp:attachment":[{"href":"https:\/\/antcube.shop\/tr\/wp-json\/wp\/v2\/media?parent=2824"}],"wp:term":[{"taxonomy":"product_brand","embeddable":true,"href":"https:\/\/antcube.shop\/tr\/wp-json\/wp\/v2\/product_brand?post=2824"},{"taxonomy":"product_cat","embeddable":true,"href":"https:\/\/antcube.shop\/tr\/wp-json\/wp\/v2\/product_cat?post=2824"},{"taxonomy":"product_tag","embeddable":true,"href":"https:\/\/antcube.shop\/tr\/wp-json\/wp\/v2\/product_tag?post=2824"}],"curies":[{"name":"wp","href":"https:\/\/api.w.org\/{rel}","templated":true}]}}