{"id":2823,"date":"2021-10-13T18:33:03","date_gmt":"2021-10-13T16:33:03","guid":{"rendered":"https:\/\/antcube.shop\/produkt\/becken-schlauchverbinder-27mm-14-16-20-mm-transparent\/"},"modified":"2026-04-12T23:25:17","modified_gmt":"2026-04-12T21:25:17","slug":"becken-schlauchverbinder-27mm-14-16-20-mm-seffaf","status":"publish","type":"product","link":"https:\/\/antcube.shop\/tr\/urun\/becken-schlauchverbinder-27mm-14-16-20-mm-seffaf\/","title":{"rendered":"Lavabo hortum ba\u011flant\u0131s\u0131 27mm - 14, 16, 20 mm - \u015feffaf"},"content":{"rendered":"<p><strong>Boyutlar:\u00a0<\/strong><br \/>\n\u0130\u00e7 \u00e7ap = 14mm<br \/>\nD\u0131\u015f \u00e7ap = 16mm (birinci a\u015fama), 20mm (ikinci a\u015fama)<br \/>\nUzunluk = 36mm<\/p>\n<p><strong>\u0130\u00e7indekiler:<\/strong><br \/>\n1x lavabo hortum ba\u011flant\u0131s\u0131<br \/>\n1x s\u0131k\u0131\u015ft\u0131rma halkas\u0131<\/p>\n<p><strong>Ba\u011flant\u0131:<\/strong><br \/>\nLavabo: 4mm duvar kal\u0131nl\u0131\u011f\u0131na sahip 27mm (3\/4\u2033) deliklere uyar!<br \/>\nHortumlar: 14\/10-hortum 14mm sokete s\u0131k\u0131ca yerle\u015ftirilir<br \/>\n20\/16 hortum ilk 16 mm'lik basama\u011fa s\u0131k\u0131ca tak\u0131l\u0131r<br \/>\n22\/18-hortum ikinci 20 mm'lik basama\u011fa sabitlenir<br \/>\n24\/20-hortum ikinci 20 mm'lik basama\u011fa gev\u015fek bir \u015fekilde tak\u0131l\u0131r<\/p>\n<p><strong>A\u00e7\u0131klama:<\/strong><br \/>\nBu lavabo konekt\u00f6r\u00fc, 4 mm cam duvar kal\u0131nl\u0131\u011f\u0131na sahip 27 mm'lik delikten tak\u0131lacakt\u0131r. Bir s\u0131k\u0131\u015ft\u0131rma halkas\u0131 konekt\u00f6r\u00fc cam lavaboya sabitler. Burcun di\u011fer ucuna 14mm d\u0131\u015f \u00e7apl\u0131 veya 16mm veya 20mm i\u00e7 \u00e7apl\u0131 boru tak\u0131labilir.<\/p>","protected":false},"excerpt":{"rendered":"<p>Boyutlar: \u0130\u00e7 \u00e7ap = 14mm D\u0131\u015f \u00e7ap = 16mm (birinci kademe), 20mm (ikinci kademe) Uzunluk = 36mm \u0130\u00e7indekiler: 1x lavabo hortum ba\u011flant\u0131s\u0131 1x s\u0131k\u0131\u015ft\u0131rma halkas\u0131 Ba\u011flant\u0131: Lavabo: 4mm duvar kal\u0131nl\u0131\u011f\u0131na sahip 27mm (3\/4\") deliklere uyar! Hortumlar: 14\/10 hortum sokete s\u0131k\u0131ca yerle\u015ftirilir 14mm 20\/16 hortum sokete s\u0131k\u0131ca tak\u0131l\u0131r","protected":false},"featured_media":357,"comment_status":"open","ping_status":"closed","template":"","meta":{"_acf_changed":false,"content-type":"","_monsterinsights_skip_tracking":false,"_monsterinsights_sitenote_active":false,"_monsterinsights_sitenote_note":"","_monsterinsights_sitenote_category":0},"product_brand":[],"product_cat":[121],"product_tag":[],"class_list":{"0":"post-2823","1":"product","2":"type-product","3":"status-publish","4":"has-post-thumbnail","6":"product_cat-connectors","8":"first","9":"instock","10":"taxable","11":"shipping-taxable","12":"purchasable","13":"product-type-simple"},"acf":[],"aioseo_notices":[],"jetpack_sharing_enabled":true,"_links":{"self":[{"href":"https:\/\/antcube.shop\/tr\/wp-json\/wp\/v2\/product\/2823","targetHints":{"allow":["GET"]}}],"collection":[{"href":"https:\/\/antcube.shop\/tr\/wp-json\/wp\/v2\/product"}],"about":[{"href":"https:\/\/antcube.shop\/tr\/wp-json\/wp\/v2\/types\/product"}],"replies":[{"embeddable":true,"href":"https:\/\/antcube.shop\/tr\/wp-json\/wp\/v2\/comments?post=2823"}],"wp:featuredmedia":[{"embeddable":true,"href":"https:\/\/antcube.shop\/tr\/wp-json\/wp\/v2\/media\/357"}],"wp:attachment":[{"href":"https:\/\/antcube.shop\/tr\/wp-json\/wp\/v2\/media?parent=2823"}],"wp:term":[{"taxonomy":"product_brand","embeddable":true,"href":"https:\/\/antcube.shop\/tr\/wp-json\/wp\/v2\/product_brand?post=2823"},{"taxonomy":"product_cat","embeddable":true,"href":"https:\/\/antcube.shop\/tr\/wp-json\/wp\/v2\/product_cat?post=2823"},{"taxonomy":"product_tag","embeddable":true,"href":"https:\/\/antcube.shop\/tr\/wp-json\/wp\/v2\/product_tag?post=2823"}],"curies":[{"name":"wp","href":"https:\/\/api.w.org\/{rel}","templated":true}]}}