{"id":2822,"date":"2021-10-13T18:31:19","date_gmt":"2021-10-13T16:31:19","guid":{"rendered":"https:\/\/antcube.shop\/produkt\/schlauch-transparent-10-06-mm\/"},"modified":"2026-04-22T10:31:29","modified_gmt":"2026-04-22T08:31:29","slug":"hose-transparent-10-06-mm","status":"publish","type":"product","link":"https:\/\/antcube.shop\/tr\/urun\/hose-transparent-10-06-mm\/","title":{"rendered":"Hortum \u015feffaf 10\/06 mm"},"content":{"rendered":"<p><strong>Boyutlar:<\/strong><br \/>\nD\u0131\u015f \u00e7ap: 10 mm<br \/>\n\u0130\u00e7 \u00e7ap: 6 mm<br \/>\nDuvar kal\u0131nl\u0131\u011f\u0131: 2 mm<\/p>\n<p><strong>Uzunluk:<\/strong> 1 metre (tek par\u00e7a halinde 100 metreye kadar m\u00fcmk\u00fcn)<\/p>\n<p><strong>A\u00e7\u0131klama:<\/strong> \u015feffaf PVC t\u00fcpler <strong>etiketleme olmadan<\/strong>. Kar\u0131nca yollar\u0131 d\u00f6\u015femek veya formikaryumlar\u0131 ba\u011flamak i\u00e7in idealdir.<\/p>\n<p><strong>Not:<\/strong> Bunlar toksik olmayan g\u0131da hortumlar\u0131d\u0131r.<\/p>","protected":false},"excerpt":{"rendered":"<p><img decoding=\"async\" src=\"\/shop\/images\/rolle-1m.gif\" alt=\"\" \/><\/p>","protected":false},"featured_media":358,"comment_status":"open","ping_status":"closed","template":"","meta":{"_acf_changed":false,"content-type":"","_monsterinsights_skip_tracking":false,"_monsterinsights_sitenote_active":false,"_monsterinsights_sitenote_note":"","_monsterinsights_sitenote_category":0},"product_brand":[],"product_cat":[120],"product_tag":[],"class_list":{"0":"post-2822","1":"product","2":"type-product","3":"status-publish","4":"has-post-thumbnail","6":"product_cat-hoses","8":"first","9":"instock","10":"taxable","11":"shipping-taxable","12":"purchasable","13":"product-type-simple"},"acf":[],"aioseo_notices":[],"jetpack_sharing_enabled":true,"_links":{"self":[{"href":"https:\/\/antcube.shop\/tr\/wp-json\/wp\/v2\/product\/2822","targetHints":{"allow":["GET"]}}],"collection":[{"href":"https:\/\/antcube.shop\/tr\/wp-json\/wp\/v2\/product"}],"about":[{"href":"https:\/\/antcube.shop\/tr\/wp-json\/wp\/v2\/types\/product"}],"replies":[{"embeddable":true,"href":"https:\/\/antcube.shop\/tr\/wp-json\/wp\/v2\/comments?post=2822"}],"wp:featuredmedia":[{"embeddable":true,"href":"https:\/\/antcube.shop\/tr\/wp-json\/wp\/v2\/media\/358"}],"wp:attachment":[{"href":"https:\/\/antcube.shop\/tr\/wp-json\/wp\/v2\/media?parent=2822"}],"wp:term":[{"taxonomy":"product_brand","embeddable":true,"href":"https:\/\/antcube.shop\/tr\/wp-json\/wp\/v2\/product_brand?post=2822"},{"taxonomy":"product_cat","embeddable":true,"href":"https:\/\/antcube.shop\/tr\/wp-json\/wp\/v2\/product_cat?post=2822"},{"taxonomy":"product_tag","embeddable":true,"href":"https:\/\/antcube.shop\/tr\/wp-json\/wp\/v2\/product_tag?post=2822"}],"curies":[{"name":"wp","href":"https:\/\/api.w.org\/{rel}","templated":true}]}}