{"id":2821,"date":"2021-10-13T18:28:32","date_gmt":"2021-10-13T16:28:32","guid":{"rendered":"https:\/\/antcube.shop\/produkt\/handlupe-2fach-30mm\/"},"modified":"2026-04-16T17:07:38","modified_gmt":"2026-04-16T15:07:38","slug":"el-buyuteci-2x-30mm","status":"publish","type":"product","link":"https:\/\/antcube.shop\/tr\/urun\/el-buyuteci-2x-30mm\/","title":{"rendered":"El b\u00fcy\u00fcteci - 2x - 30mm"},"content":{"rendered":"<p><strong>Boyutlar (LxWxH):<\/strong> 80x36x2 mm<\/p>\n<p><strong>Malzeme:<\/strong> plastik<\/p>\n<p><strong>Renk:<\/strong> \u015feffaf<\/p>\n<p><strong>\u0130\u00e7indekiler:<\/strong><br \/>\n<strong>1x<\/strong> el b\u00fcy\u00fcteci<\/p>\n<p><strong>Teknik \u00f6zellikler:<\/strong><br \/>\nB\u00fcy\u00fctme = 2x<\/p>\n<p><strong>A\u00e7\u0131klama \/ Uygulama:<\/strong><br \/>\nKar\u0131ncalar\u0131 kontrol etmek veya b\u00f6cekleri beslemek i\u00e7in el b\u00fcy\u00fcteci.<\/p>\n<p><strong>Dikkat edin:<\/strong><br \/>\nBasit i\u015fleme ve basit kalite, \u00e7\u00fcnk\u00fc plastikten yap\u0131lm\u0131\u015ft\u0131r ve \u00e7izilmelere kar\u015f\u0131 hassast\u0131r.<\/p>","protected":false},"excerpt":{"rendered":"<p>Boyutlar (UxGxY): 80x36x2 mm Malzeme: plastik Renk: \u015feffaf \u0130\u00e7indekiler: 1x el b\u00fcy\u00fcteci Teknik \u00f6zellikler: B\u00fcy\u00fctme = 2x A\u00e7\u0131klama \/ Uygulama: Kar\u0131ncalar\u0131 kontrol etmek veya b\u00f6cekleri beslemek i\u00e7in el b\u00fcy\u00fcteci. Uyar\u0131: Basit i\u015fleme ve basit kalite, \u00e7\u00fcnk\u00fc plastikten yap\u0131lm\u0131\u015ft\u0131r ve \u00e7izilmelere kar\u015f\u0131 hassast\u0131r.<\/p>","protected":false},"featured_media":310,"comment_status":"open","ping_status":"closed","template":"","meta":{"_acf_changed":false,"content-type":"","_monsterinsights_skip_tracking":false,"_monsterinsights_sitenote_active":false,"_monsterinsights_sitenote_note":"","_monsterinsights_sitenote_category":0},"product_brand":[],"product_cat":[237],"product_tag":[],"class_list":{"0":"post-2821","1":"product","2":"type-product","3":"status-publish","4":"has-post-thumbnail","6":"product_cat-tools","8":"first","9":"instock","10":"taxable","11":"shipping-taxable","12":"purchasable","13":"product-type-simple"},"acf":[],"aioseo_notices":[],"jetpack_sharing_enabled":true,"_links":{"self":[{"href":"https:\/\/antcube.shop\/tr\/wp-json\/wp\/v2\/product\/2821","targetHints":{"allow":["GET"]}}],"collection":[{"href":"https:\/\/antcube.shop\/tr\/wp-json\/wp\/v2\/product"}],"about":[{"href":"https:\/\/antcube.shop\/tr\/wp-json\/wp\/v2\/types\/product"}],"replies":[{"embeddable":true,"href":"https:\/\/antcube.shop\/tr\/wp-json\/wp\/v2\/comments?post=2821"}],"wp:featuredmedia":[{"embeddable":true,"href":"https:\/\/antcube.shop\/tr\/wp-json\/wp\/v2\/media\/310"}],"wp:attachment":[{"href":"https:\/\/antcube.shop\/tr\/wp-json\/wp\/v2\/media?parent=2821"}],"wp:term":[{"taxonomy":"product_brand","embeddable":true,"href":"https:\/\/antcube.shop\/tr\/wp-json\/wp\/v2\/product_brand?post=2821"},{"taxonomy":"product_cat","embeddable":true,"href":"https:\/\/antcube.shop\/tr\/wp-json\/wp\/v2\/product_cat?post=2821"},{"taxonomy":"product_tag","embeddable":true,"href":"https:\/\/antcube.shop\/tr\/wp-json\/wp\/v2\/product_tag?post=2821"}],"curies":[{"name":"wp","href":"https:\/\/api.w.org\/{rel}","templated":true}]}}