{"id":2820,"date":"2021-10-13T18:28:23","date_gmt":"2021-10-13T16:28:23","guid":{"rendered":"https:\/\/antcube.shop\/produkt\/ameisen-ausbruchsschutz-ol-10ml\/"},"modified":"2026-04-20T18:20:43","modified_gmt":"2026-04-20T16:20:43","slug":"ameisen-ausbruchsschutz-ol-10ml","status":"publish","type":"product","link":"https:\/\/antcube.shop\/tr\/urun\/ameisen-ausbruchsschutz-ol-10ml\/","title":{"rendered":"Kar\u0131nca ka\u00e7\u0131\u015f koruma ya\u011f\u0131 10ml"},"content":{"rendered":"<p><strong>\u0130\u00e7erik:<\/strong> 10 ml (2 cm geni\u015fli\u011finde bir \u015feridin yakla\u015f\u0131k 10-15 metresi i\u00e7in yeterli)<\/p>\n<p><strong>Renk:<\/strong> \u015feffaf, renksiz<\/p>\n<p><strong>Malzeme:<\/strong> parafin ya\u011f\u0131 bazl\u0131<\/p>\n<p><strong>Avantaj:<\/strong> Cam veya plastik gibi t\u00fcm p\u00fcr\u00fczs\u00fcz y\u00fczeylere uygulanabilir:<\/p>\n<p><strong>Dezavantaj:<\/strong> B\u00fcy\u00fck koloniler halinde, hayvanlar ya\u011f y\u00fczeyinde y\u00fcr\u00fcyerek ya\u011f\u0131 b\u00f6lmenin \u00fczerine yayabilir, bu nedenle b\u00f6lmenin zamanla temizlenmesi gerekir.<\/p>\n<p><strong>Uygulama:<\/strong> Film i\u00e7 kenarda kar\u0131ncalar\u0131n uzunlu\u011funun yakla\u015f\u0131k 3 kat\u0131 geni\u015fli\u011finde olmal\u0131 ve damlatmadan uygulanmal\u0131d\u0131r.<\/p>\n<p><strong>Yenileme:<\/strong> Koloni b\u00fcy\u00fckl\u00fc\u011f\u00fcne ve mevsime ba\u011fl\u0131 olarak 2-4 ay.<\/p>\n<p><strong>Not:<\/strong> Hayvanlar\u0131n sadece \"ayaklar\u0131\" ya\u011f ile temas halinde olmal\u0131d\u0131r. B\u00fcy\u00fck damla olu\u015fumu durumunda, hayvanlar\u0131n kafalar\u0131n\u0131 damlaya sokma ve ya\u011fda bo\u011fulma riski vard\u0131r.<\/p>\n<p><a href=\"https:\/\/antcube.shop\/wp-content\/uploads\/2022\/02\/ant_escape_protection_oil_en.pdf\">Kar\u0131nca Kopmas\u0131na Kar\u015f\u0131 Koruma Ya\u011f\u0131 i\u00e7in Malzeme G\u00fcvenlik Bilgi Formu, (PDF 0,1 MB)<\/a><br \/>\n(\u0130\u00e7indekiler: G\u00fcvenlik talimatlar\u0131)<\/p>\n<p>&nbsp;<\/p>","protected":false},"excerpt":{"rendered":"<p>\u0130\u00e7erik: 10 ml (2 cm geni\u015fli\u011finde bir \u015feridin yakla\u015f\u0131k 10-15 metresi i\u00e7in yeterli) Renk: \u015feffaf, renksiz Malzeme: parafin ya\u011f\u0131 bazl\u0131 Avantaj\u0131: Cam veya plastik gibi t\u00fcm p\u00fcr\u00fczs\u00fcz y\u00fczeylere uygulanabilir: Dezavantaj: B\u00fcy\u00fck koloniler halinde, hayvanlar ya\u011f y\u00fczeyinde y\u00fcr\u00fcyerek ya\u011f\u0131 b\u00f6lmenin \u00fczerine yayabilir,","protected":false},"featured_media":303,"comment_status":"open","ping_status":"closed","template":"","meta":{"_acf_changed":false,"content-type":"","_monsterinsights_skip_tracking":false,"_monsterinsights_sitenote_active":false,"_monsterinsights_sitenote_note":"","_monsterinsights_sitenote_category":0},"product_brand":[],"product_cat":[237],"product_tag":[],"class_list":{"0":"post-2820","1":"product","2":"type-product","3":"status-publish","4":"has-post-thumbnail","6":"product_cat-tools","8":"first","9":"instock","10":"taxable","11":"shipping-taxable","12":"purchasable","13":"product-type-simple"},"acf":[],"aioseo_notices":[],"jetpack_sharing_enabled":true,"_links":{"self":[{"href":"https:\/\/antcube.shop\/tr\/wp-json\/wp\/v2\/product\/2820","targetHints":{"allow":["GET"]}}],"collection":[{"href":"https:\/\/antcube.shop\/tr\/wp-json\/wp\/v2\/product"}],"about":[{"href":"https:\/\/antcube.shop\/tr\/wp-json\/wp\/v2\/types\/product"}],"replies":[{"embeddable":true,"href":"https:\/\/antcube.shop\/tr\/wp-json\/wp\/v2\/comments?post=2820"}],"wp:featuredmedia":[{"embeddable":true,"href":"https:\/\/antcube.shop\/tr\/wp-json\/wp\/v2\/media\/303"}],"wp:attachment":[{"href":"https:\/\/antcube.shop\/tr\/wp-json\/wp\/v2\/media?parent=2820"}],"wp:term":[{"taxonomy":"product_brand","embeddable":true,"href":"https:\/\/antcube.shop\/tr\/wp-json\/wp\/v2\/product_brand?post=2820"},{"taxonomy":"product_cat","embeddable":true,"href":"https:\/\/antcube.shop\/tr\/wp-json\/wp\/v2\/product_cat?post=2820"},{"taxonomy":"product_tag","embeddable":true,"href":"https:\/\/antcube.shop\/tr\/wp-json\/wp\/v2\/product_tag?post=2820"}],"curies":[{"name":"wp","href":"https:\/\/api.w.org\/{rel}","templated":true}]}}