{"id":2819,"date":"2021-10-13T18:28:04","date_gmt":"2021-10-13T16:28:04","guid":{"rendered":"https:\/\/antcube.shop\/produkt\/pinzette-kunststoff-transparent\/"},"modified":"2026-04-07T13:49:26","modified_gmt":"2026-04-07T11:49:26","slug":"cimbiz-plastik-seffaf","status":"publish","type":"product","link":"https:\/\/antcube.shop\/tr\/urun\/cimbiz-plastik-seffaf\/","title":{"rendered":"C\u0131mb\u0131z plastik \u015feffaf"},"content":{"rendered":"<p><strong>Uzunluk:<\/strong> 125 mm<\/p>\n<p><strong>Malzeme:<\/strong> PP<\/p>\n<p><strong>Renk:<\/strong> a\u00e7\u0131k, \u015feffaf<\/p>","protected":false},"excerpt":{"rendered":"<p>Uzunluk: 125 mm, Malzeme: plastik<\/p>","protected":false},"featured_media":315,"comment_status":"open","ping_status":"closed","template":"","meta":{"_acf_changed":false,"content-type":"","_monsterinsights_skip_tracking":false,"_monsterinsights_sitenote_active":false,"_monsterinsights_sitenote_note":"","_monsterinsights_sitenote_category":0},"product_brand":[],"product_cat":[237],"product_tag":[],"class_list":{"0":"post-2819","1":"product","2":"type-product","3":"status-publish","4":"has-post-thumbnail","6":"product_cat-tools","8":"first","9":"instock","10":"taxable","11":"shipping-taxable","12":"purchasable","13":"product-type-simple"},"acf":[],"aioseo_notices":[],"jetpack_sharing_enabled":true,"_links":{"self":[{"href":"https:\/\/antcube.shop\/tr\/wp-json\/wp\/v2\/product\/2819","targetHints":{"allow":["GET"]}}],"collection":[{"href":"https:\/\/antcube.shop\/tr\/wp-json\/wp\/v2\/product"}],"about":[{"href":"https:\/\/antcube.shop\/tr\/wp-json\/wp\/v2\/types\/product"}],"replies":[{"embeddable":true,"href":"https:\/\/antcube.shop\/tr\/wp-json\/wp\/v2\/comments?post=2819"}],"wp:featuredmedia":[{"embeddable":true,"href":"https:\/\/antcube.shop\/tr\/wp-json\/wp\/v2\/media\/315"}],"wp:attachment":[{"href":"https:\/\/antcube.shop\/tr\/wp-json\/wp\/v2\/media?parent=2819"}],"wp:term":[{"taxonomy":"product_brand","embeddable":true,"href":"https:\/\/antcube.shop\/tr\/wp-json\/wp\/v2\/product_brand?post=2819"},{"taxonomy":"product_cat","embeddable":true,"href":"https:\/\/antcube.shop\/tr\/wp-json\/wp\/v2\/product_cat?post=2819"},{"taxonomy":"product_tag","embeddable":true,"href":"https:\/\/antcube.shop\/tr\/wp-json\/wp\/v2\/product_tag?post=2819"}],"curies":[{"name":"wp","href":"https:\/\/api.w.org\/{rel}","templated":true}]}}