{"id":2816,"date":"2021-10-13T18:27:16","date_gmt":"2021-10-13T16:27:16","guid":{"rendered":"https:\/\/antcube.shop\/produkt\/pinzette-federstahl-breit-weich\/"},"modified":"2026-04-18T22:32:11","modified_gmt":"2026-04-18T20:32:11","slug":"cimbiz-ring-celik-genis-yumusak","status":"publish","type":"product","link":"https:\/\/antcube.shop\/tr\/urun\/cimbiz-ring-celik-genis-yumusak\/","title":{"rendered":"C\u0131mb\u0131z yay \u00e7eli\u011fi - geni\u015f - yumu\u015fak"},"content":{"rendered":"<p><strong>Uzunluk:<\/strong> 115 mm<\/p>\n<p><strong>Malzeme:<\/strong> yay \u00e7eli\u011fi 0,25mm<\/p>\n<p><strong>A\u00e7\u0131klama:<\/strong> Yayl\u0131 \u00e7elik c\u0131mb\u0131zlar. Bu tip c\u0131mb\u0131zlarda bast\u0131rma bas\u0131nc\u0131 biraz s\u0131n\u0131rl\u0131 oldu\u011fundan kar\u0131ncalar\u0131 'toplamak' i\u00e7in idealdir ve bu nedenle kar\u0131ncalar \u00e7ok kolay 'ezilemez'.<\/p>","protected":false},"excerpt":{"rendered":"<p>Uzunluk: 115 mm, Malzeme: yay \u00e7eli\u011fi<\/p>","protected":false},"featured_media":5603,"comment_status":"open","ping_status":"closed","template":"","meta":{"_acf_changed":false,"content-type":"","_monsterinsights_skip_tracking":false,"_monsterinsights_sitenote_active":false,"_monsterinsights_sitenote_note":"","_monsterinsights_sitenote_category":0},"product_brand":[],"product_cat":[237],"product_tag":[],"class_list":{"0":"post-2816","1":"product","2":"type-product","3":"status-publish","4":"has-post-thumbnail","6":"product_cat-tools","8":"first","9":"instock","10":"taxable","11":"shipping-taxable","12":"purchasable","13":"product-type-simple"},"acf":[],"aioseo_notices":[],"jetpack_sharing_enabled":true,"_links":{"self":[{"href":"https:\/\/antcube.shop\/tr\/wp-json\/wp\/v2\/product\/2816","targetHints":{"allow":["GET"]}}],"collection":[{"href":"https:\/\/antcube.shop\/tr\/wp-json\/wp\/v2\/product"}],"about":[{"href":"https:\/\/antcube.shop\/tr\/wp-json\/wp\/v2\/types\/product"}],"replies":[{"embeddable":true,"href":"https:\/\/antcube.shop\/tr\/wp-json\/wp\/v2\/comments?post=2816"}],"wp:featuredmedia":[{"embeddable":true,"href":"https:\/\/antcube.shop\/tr\/wp-json\/wp\/v2\/media\/5603"}],"wp:attachment":[{"href":"https:\/\/antcube.shop\/tr\/wp-json\/wp\/v2\/media?parent=2816"}],"wp:term":[{"taxonomy":"product_brand","embeddable":true,"href":"https:\/\/antcube.shop\/tr\/wp-json\/wp\/v2\/product_brand?post=2816"},{"taxonomy":"product_cat","embeddable":true,"href":"https:\/\/antcube.shop\/tr\/wp-json\/wp\/v2\/product_cat?post=2816"},{"taxonomy":"product_tag","embeddable":true,"href":"https:\/\/antcube.shop\/tr\/wp-json\/wp\/v2\/product_tag?post=2816"}],"curies":[{"name":"wp","href":"https:\/\/api.w.org\/{rel}","templated":true}]}}