{"id":2752,"date":"2021-10-08T12:07:13","date_gmt":"2021-10-08T10:07:13","guid":{"rendered":"https:\/\/antcube.shop\/produkt\/antcube-starter-set-l-20x20-wiese\/"},"modified":"2026-03-23T09:46:52","modified_gmt":"2026-03-23T08:46:52","slug":"antcube-starter-set-l-20x20-meadow","status":"publish","type":"product","link":"https:\/\/antcube.shop\/tr\/urun\/antcube-starter-set-l-20x20-meadow\/","title":{"rendered":"ANTCUBE Ba\u015flang\u0131\u00e7 Seti L - 20\u00d720 - \u00c7ay\u0131r"},"content":{"rendered":"<p><strong>\u0130\u00e7indekiler:<\/strong><br \/>\n1x ANTCUBE - Arena 20x20x10 - d\u00fcz<br \/>\n1x Kar\u0131nca arenas\u0131 \u00e7er\u00e7evesi 20\u00d720<br \/>\n1x kar\u0131nca arenas\u0131 \u00f6rt\u00fcs\u00fc 20\u00d720<br \/>\nArena kapa\u011f\u0131 i\u00e7in 4x sabitleme noktas\u0131<br \/>\n1x ANTCUBE - Kar\u0131nca \u00e7iftli\u011fi - M - 20\u00d720 - dik<\/p>\n<p>1x 0,5m t\u00fcp \u015feffaf 20\/16 mm<br \/>\n1x ANTCUBE - K\u0131rm\u0131z\u0131 folyo 20\u00d720 - filtre<br \/>\n1x yap\u0131\u015fkanl\u0131 kelep\u00e7eler - \u015feffaf 2 adet.<br \/>\n1x substrat - \u00e7ay\u0131r - 1kg<br \/>\n1x Formicarium gran\u00fcl 200ml - bej<\/p>\n<p>2x Grid insert acrylic &#8211; 50 mm with sealing ring<br \/>\n1x Grid insert acrylic &#8211; 27 mm with sealing ring<br \/>\n1x Izgara kapa\u011f\u0131 - 16mm - paslanmaz \u00e7elik<\/p>\n<p>1x tank hortum ba\u011flant\u0131s\u0131 27-14,16,20 mm - \u015feffaf<br \/>\n1x Kar\u0131nca ka\u00e7\u0131\u015f koruma ya\u011f\u0131 10ml<br \/>\n1x C\u0131mb\u0131z yay \u00e7eli\u011fi - geni\u015f - yumu\u015fak<br \/>\n1x C\u0131mb\u0131z plastik \u015feffaf<br \/>\n1x Plastik pipet 3ml<br \/>\n1x el b\u00fcy\u00fcteci - 2x - 30mm<br \/>\n1x k\u00f6p\u00fck silecek 150x18x2.5mm<\/p>\n<p>1x drinking clear 5ml &#8211; sponge<br \/>\n1x Feeding dish white rectangle &#8211; 3 compartments<br \/>\n1x \u0130\u00e7me olu\u011fu 2ml - 360 derece<br \/>\n1x Foil thermometer &#8211; farm<br \/>\n1x Foil thermometer display<br \/>\n1x foto\u011fraf arkas\u0131 - \u00e7ay\u0131r - 20\u00d710<\/p>\n<p><strong>A\u00e7\u0131klama:<\/strong><br \/>\nBu ba\u015flang\u0131\u00e7 seti \u00e7ay\u0131r, \u00e7ay\u0131r ve tarlalarda ya\u015fayan t\u00fcm kar\u0131nca t\u00fcrleri i\u00e7in uygundur.<\/p>\n<p>In the fully transparent farm (nest), the &#8220;Ground &#8211; Meadow&#8221; is used to fill the farm. If required, additional modules can be connected via the 50 mm holes in the cover, e.g. the separately available foggers, fans or lights. Alternatively, suitable formicarium plugs are included to close the openings. If desired, the formicarium can also be operated open by simply attaching the removable frame and applying the ant escape protection oil to the edge. The &#8220;Drinking trough 2ml &#8211; 360 degrees&#8221; is intended for honey\/sugar solution, the &#8220;Drinking trough clear 5ml &#8211; sponge&#8221; for water. The &#8220;Foil thermometer displayr&#8221; can be attached to the frame or the cover and displays the climate values.<\/p>\n<p><strong>\u00d6nemli:<\/strong> L\u00fctfen kullanmadan \u00f6nce alt tabakay\u0131 nemlendirin, b\u00f6ylece kar\u0131\u015f\u0131m ba\u011flanabilir ve kar\u0131nca \u00e7iftli\u011finde sa\u011flam bir tutu\u015f geli\u015ftirebilir. Ayr\u0131ca, alt tabaka \u00e7ok kuru ve tozluysa, kar\u0131ncalar\u0131n solunum yollar\u0131 t\u0131kanabilir ve en k\u00f6t\u00fc durumda hayvanlar bo\u011fulabilir.<\/p>\n<p><strong>\u00d6neri:<\/strong> Hayvanlar\u0131n arenaya yuva yapamamalar\u0131 ve bunun yerine bu ama\u00e7la sa\u011flanan \u00e7iftli\u011fi kullanmalar\u0131 i\u00e7in 2 mm y\u00fcksekli\u011finde bir alt tabaka tabakas\u0131 \u00f6neriyoruz. Ayr\u0131ca \u00e7iftlikteki yuvalama malzemesinin (kum\/kil, Digfix, vb.) hayvanlar\u0131n kazmas\u0131n\u0131 kolayla\u015ft\u0131rmak i\u00e7in bir yerden hafif\u00e7e delinmesini tavsiye ederiz.<\/p>\n<p><strong>\u00dcretim hakk\u0131nda notlar<\/strong><br \/>\nCam, DIN 1249'a g\u00f6re +\/- 1 mm toleransla \u00f6l\u00e7\u00fcye g\u00f6re kesilir. \u00c7ok k\u00fc\u00e7\u00fck kar\u0131nca t\u00fcrleri i\u00e7in ek kopma korumas\u0131 gereklidir.<\/p>\n<p><strong>\u00c7iftlik hakk\u0131nda notlar<\/strong><br \/>\nHortumlar\u0131 takarken veya \u00e7\u0131kar\u0131rken l\u00fctfen a\u015fa\u011f\u0131dakilere dikkat edin:<br \/>\nHortumun ba\u011flant\u0131 soketine oturtulmas\u0131 \u00e7ok zorsa, soket bir damla patlak koruma ya\u011f\u0131 veya tozuyla hafif\u00e7e ovulmal\u0131d\u0131r. Daha sonra hortum, yukar\u0131 ve a\u015fa\u011f\u0131 hareketlerle soketi zorlamadan b\u00fckme veya vidalama hareketleri kullan\u0131larak sokete itilmelidir. Ayn\u0131 durum hortumlar\u0131 \u00e7iftlik ba\u011flant\u0131 soketinden \u00e7\u0131kar\u0131rken de ge\u00e7erlidir. L\u00fctfen basit\u00e7e \u00e7ekip \u00e7\u0131karmay\u0131n!<\/p>\n<p><strong>Talimatlar:<\/strong> (S\u00fcr\u00fcm 2023, 2024 i\u00e7in g\u00fcncellenmi\u015f s\u00fcr\u00fcm en ge\u00e7 04\/2024 tarihine kadar haz\u0131r olacakt\u0131r)<\/p>\n<p>- DE <a href=\"https:\/\/www.antstore.net\/shop\/images\/info\/de\/Gebrauchsanweisung%20Starter%20Set%20Habitat.pdf\" data-cke-saved-href=\"https:\/\/www.antstore.net\/shop\/images\/info\/de\/Gebrauchsanweisung%20Starter%20Set%20Habitat.pdf\">Gebrauchsanweisung Ba\u015flang\u0131\u00e7 Seti Habitat<\/a> (PDF 3,21 MB)<\/p>\n<p>- EN <a href=\"https:\/\/www.antstore.net\/shop\/images\/info\/en\/Instructions%20for%20use%20-%20Starter%20Set%20Habitat.pdf\" data-cke-saved-href=\"https:\/\/www.antstore.net\/shop\/images\/info\/en\/Instructions%20for%20use%20-%20Starter%20Set%20Habitat.pdf\">Kullan\u0131m Talimatlar\u0131 - Ba\u015flang\u0131\u00e7 Seti Habitat<\/a> (PDF 3,21 MB)<\/p>\n<p>- ES <a href=\"https:\/\/www.antstore.net\/shop\/images\/info\/es\/Manual%20de%20instrucciones%20-%20Set%20de%20inicio%20H%C3%A1bitat.pdf\" data-cke-saved-href=\"https:\/\/www.antstore.net\/shop\/images\/info\/es\/Manual%20de%20instrucciones%20-%20Set%20de%20inicio%20H%C3%A1bitat.pdf\">Kullan\u0131m k\u0131lavuzu - Set de inicio H\u00e1bitat<\/a> (PDF 3,21 MB)<\/p>\n<p>- FR <a href=\"https:\/\/www.antstore.net\/shop\/images\/info\/fr\/Manuel%20d'instruction%20-%20Kit%20de%20d%C3%A9marrage%20Habitat.pdf\" data-cke-saved-href=\"https:\/\/www.antstore.net\/shop\/images\/info\/fr\/Manuel%20d'instruction%20-%20Kit%20de%20d%C3%A9marrage%20Habitat.pdf\">Kullan\u0131m k\u0131lavuzu - Habitat kurulum kiti<\/a> (PDF 3,21 MB)<\/p>","protected":false},"excerpt":{"rendered":"<p>The set consists of 26 parts and\u00a0is for all ant species that live in fields or meadows.<br \/>\nBoyut: <span style=\"color: #0000ff;\"><strong>L<\/strong><\/span><\/p>","protected":false},"featured_media":5451,"comment_status":"open","ping_status":"closed","template":"","meta":{"_acf_changed":false,"content-type":"","_monsterinsights_skip_tracking":false,"_monsterinsights_sitenote_active":false,"_monsterinsights_sitenote_note":"","_monsterinsights_sitenote_category":0},"product_brand":[],"product_cat":[73,74],"product_tag":[],"class_list":{"0":"post-2752","1":"product","2":"type-product","3":"status-publish","4":"has-post-thumbnail","6":"product_cat-starter-sets","7":"product_cat-starter-sets-habitat","9":"first","10":"instock","11":"taxable","12":"shipping-taxable","13":"purchasable","14":"product-type-simple"},"acf":[],"aioseo_notices":[],"jetpack_sharing_enabled":true,"_links":{"self":[{"href":"https:\/\/antcube.shop\/tr\/wp-json\/wp\/v2\/product\/2752","targetHints":{"allow":["GET"]}}],"collection":[{"href":"https:\/\/antcube.shop\/tr\/wp-json\/wp\/v2\/product"}],"about":[{"href":"https:\/\/antcube.shop\/tr\/wp-json\/wp\/v2\/types\/product"}],"replies":[{"embeddable":true,"href":"https:\/\/antcube.shop\/tr\/wp-json\/wp\/v2\/comments?post=2752"}],"wp:featuredmedia":[{"embeddable":true,"href":"https:\/\/antcube.shop\/tr\/wp-json\/wp\/v2\/media\/5451"}],"wp:attachment":[{"href":"https:\/\/antcube.shop\/tr\/wp-json\/wp\/v2\/media?parent=2752"}],"wp:term":[{"taxonomy":"product_brand","embeddable":true,"href":"https:\/\/antcube.shop\/tr\/wp-json\/wp\/v2\/product_brand?post=2752"},{"taxonomy":"product_cat","embeddable":true,"href":"https:\/\/antcube.shop\/tr\/wp-json\/wp\/v2\/product_cat?post=2752"},{"taxonomy":"product_tag","embeddable":true,"href":"https:\/\/antcube.shop\/tr\/wp-json\/wp\/v2\/product_tag?post=2752"}],"curies":[{"name":"wp","href":"https:\/\/api.w.org\/{rel}","templated":true}]}}