{"id":2744,"date":"2021-10-08T12:05:54","date_gmt":"2021-10-08T10:05:54","guid":{"rendered":"https:\/\/antcube.shop\/produkt\/antcube-starter-set-s-20x20-wald\/"},"modified":"2026-04-07T10:39:01","modified_gmt":"2026-04-07T08:39:01","slug":"antcube-starter-set-s-20x20-forest","status":"publish","type":"product","link":"https:\/\/antcube.shop\/tr\/urun\/antcube-starter-set-s-20x20-forest\/","title":{"rendered":"ANTCUBE Ba\u015flang\u0131\u00e7 Seti S - 20\u00d720 - Orman"},"content":{"rendered":"<p><strong>\u0130\u00e7indekiler:<\/strong><br \/>\n1x Kriket Re\u00e7eli 25g<br \/>\n1x Orman Bal\u0131 (Wa) - dolum 10ml<\/p>\n<p>1x ANTCUBE - Arena 20x20x10 - d\u00fcz<br \/>\n1x Kar\u0131nca arenas\u0131 \u00e7er\u00e7evesi 20\u00d720<br \/>\n1x kar\u0131nca arenas\u0131 \u00f6rt\u00fcs\u00fc 20\u00d720<br \/>\nArena kapa\u011f\u0131 i\u00e7in 4x sabitleme noktas\u0131<br \/>\n2x ANTCUBE - Kar\u0131nca \u00e7iftli\u011fi - M - 20\u00d720 - dik<\/p>\n<p>1x 0,5m t\u00fcp \u015feffaf 10\/06 mm<br \/>\n1x ANTCUBE - K\u0131rm\u0131z\u0131 folyo 20\u00d720 - filtre<br \/>\n1x yap\u0131\u015fkanl\u0131 kelep\u00e7eler - \u015feffaf 2 adet.<br \/>\n1x substrat - orman - 1kg<br \/>\n1x Formicarien gran\u00fcl 200 ml - siyah<\/p>\n<p>1x \u0131zgara ek par\u00e7as\u0131 - 50mm - paslanmaz \u00e7elik<br \/>\n50 mm delik i\u00e7in 1x Formikaryum tapas\u0131<br \/>\n27mm delik i\u00e7in 1x Formikaryum tapas\u0131<br \/>\n1x 6mm soket i\u00e7in formikaryum kapa\u011f\u0131<\/p>\n<p>1x Havza konekt\u00f6r\u00fc B-27 ve S-10-16 mm M25 - set<br \/>\n1x \u0130\u00e7me olu\u011fu 2ml - 360 derece<br \/>\n1x i\u00e7me teknesi \u015feffaf 20ml - s\u00fcnger<br \/>\n1x \u015feffaf kase 1\u00d720 - s\u00fcnger<br \/>\n1x Mini termo higrometre analog - ekran - as\u0131l\u0131<br \/>\n1x Kar\u0131nca koruma ya\u011f\u0131 10ml<br \/>\n1x C\u0131mb\u0131z yay \u00e7eli\u011fi - geni\u015f - yumu\u015fak<br \/>\n1x C\u0131mb\u0131z plastik \u015feffaf<br \/>\n1x plastik pipet 3ml<br \/>\n1x el b\u00fcy\u00fcteci - 2x - 30mm<br \/>\n1x k\u00f6p\u00fck silecek 150x18x2,5mm<br \/>\n1x foto\u011fraf arkas\u0131 - orman - 20\u00d710<\/p>\n<p><strong>A\u00e7\u0131klama:<\/strong><br \/>\nBu orman ba\u015flang\u0131\u00e7 seti, orman taban\u0131nda ya\u015fayan t\u00fcm kar\u0131nca t\u00fcrleri i\u00e7in uygundur.<\/p>\n<p>Tamamen \u015feffaf \u00e7iftlikte (yuva), \u00e7iftli\u011fi doldurmak i\u00e7in \"Toprak - \u00c7\u00f6l\" kullan\u0131l\u0131r. Gerekirse, kapaktaki 50 mm'lik delikler arac\u0131l\u0131\u011f\u0131yla, \u00f6rne\u011fin ayr\u0131 olarak temin edilebilen sisleyiciler, fanlar veya \u0131\u015f\u0131klar gibi ek mod\u00fcller ba\u011flanabilir. Alternatif olarak, a\u00e7\u0131kl\u0131klar\u0131 kapatmak i\u00e7in uygun formikaryum tapalar\u0131 dahildir. \u0130stenirse, formikaryum sadece \u00e7\u0131kar\u0131labilir \u00e7er\u00e7eve tak\u0131larak ve kenara kar\u0131nca ka\u00e7\u0131\u015f koruma ya\u011f\u0131 uygulanarak a\u00e7\u0131k olarak da \u00e7al\u0131\u015ft\u0131r\u0131labilir. \"\u0130\u00e7me yala\u011f\u0131 2ml - 360 derece\" bal\/\u015feker \u00e7\u00f6zeltisi i\u00e7in, \"\u0130\u00e7me yala\u011f\u0131 \u015feffaf 20ml - s\u00fcnger\" ise su i\u00e7in tasarlanm\u0131\u015ft\u0131r. \"Mini termo-higrometre\" \u00e7er\u00e7eveye veya kapa\u011fa tak\u0131labilir ve iklim de\u011ferlerini g\u00f6sterir.<\/p>\n<p><strong>\u00d6nemli:<\/strong> L\u00fctfen kullanmadan \u00f6nce alt tabakay\u0131 nemlendirin, b\u00f6ylece kar\u0131\u015f\u0131m ba\u011flanabilir ve kar\u0131nca \u00e7iftli\u011finde sa\u011flam bir tutu\u015f geli\u015ftirebilir. Ayr\u0131ca, alt tabaka \u00e7ok kuru ve tozluysa, kar\u0131ncalar\u0131n solunum yollar\u0131 t\u0131kanabilir ve en k\u00f6t\u00fc durumda hayvanlar bo\u011fulabilir.<\/p>\n<p><strong>\u00d6neri:<\/strong> Hayvanlar\u0131n arenaya yuva yapamamalar\u0131 ve bunun yerine bu ama\u00e7la sa\u011flanan \u00e7iftli\u011fi kullanmalar\u0131 i\u00e7in 2 mm y\u00fcksekli\u011finde bir alt tabaka tabakas\u0131 \u00f6neriyoruz. Ayr\u0131ca \u00e7iftlikteki yuvalama malzemesinin (kum\/kil, Digfix, vb.) hayvanlar\u0131n kazmas\u0131n\u0131 kolayla\u015ft\u0131rmak i\u00e7in bir yerden hafif\u00e7e delinmesini tavsiye ederiz.<\/p>\n<p><strong>\u00dcretim hakk\u0131nda notlar<\/strong><br \/>\nCam, DIN 1249'a g\u00f6re +\/- 1 mm toleransla \u00f6l\u00e7\u00fcye g\u00f6re kesilir. \u00c7ok k\u00fc\u00e7\u00fck kar\u0131nca t\u00fcrleri i\u00e7in ek kopma korumas\u0131 gereklidir.<\/p>\n<p><strong>\u00c7iftlik hakk\u0131nda notlar<\/strong><br \/>\nHortumlar\u0131 takarken veya \u00e7\u0131kar\u0131rken l\u00fctfen a\u015fa\u011f\u0131dakilere dikkat edin:<br \/>\nHortumun ba\u011flant\u0131 soketine oturtulmas\u0131 \u00e7ok zorsa, soket bir damla patlak koruma ya\u011f\u0131 veya tozuyla hafif\u00e7e ovulmal\u0131d\u0131r. Daha sonra hortum, yukar\u0131 ve a\u015fa\u011f\u0131 hareketlerle soketi zorlamadan b\u00fckme veya vidalama hareketleri kullan\u0131larak sokete itilmelidir. Ayn\u0131 durum hortumlar\u0131 \u00e7iftlik ba\u011flant\u0131 soketinden \u00e7\u0131kar\u0131rken de ge\u00e7erlidir. L\u00fctfen basit\u00e7e \u00e7ekip \u00e7\u0131karmay\u0131n!<\/p>\n<p><strong>Talimatlar:<\/strong> (S\u00fcr\u00fcm 2023, 2024 i\u00e7in g\u00fcncellenmi\u015f s\u00fcr\u00fcm en ge\u00e7 04\/2024 tarihine kadar haz\u0131r olacakt\u0131r)<\/p>\n<p>- DE <a href=\"https:\/\/www.antstore.net\/shop\/images\/info\/de\/Gebrauchsanweisung%20Starter%20Set%20Habitat.pdf\">Gebrauchsanweisung Ba\u015flang\u0131\u00e7 Seti Habitat<\/a> (PDF 3,21 MB)<\/p>\n<p>- EN <a href=\"https:\/\/www.antstore.net\/shop\/images\/info\/en\/Instructions%20for%20use%20-%20Starter%20Set%20Habitat.pdf\">Kullan\u0131m Talimatlar\u0131 - Ba\u015flang\u0131\u00e7 Seti Habitat<\/a> (PDF 3,21 MB)<\/p>\n<p>- ES <a href=\"https:\/\/www.antstore.net\/shop\/images\/info\/es\/Manual%20de%20instrucciones%20-%20Set%20de%20inicio%20H%C3%A1bitat.pdf\">Kullan\u0131m k\u0131lavuzu - Set de inicio H\u00e1bitat<\/a> (PDF 3,21 MB)<\/p>\n<p>- FR <a href=\"https:\/\/www.antstore.net\/shop\/images\/info\/fr\/Manuel%20d'instruction%20-%20Kit%20de%20d%C3%A9marrage%20Habitat.pdf\">Kullan\u0131m k\u0131lavuzu - Habitat kurulum kiti<\/a> (PDF 3,21 MB)<\/p>\n<p><strong>Notes on Forest Honey (Wa) - dolum paketi 10ml<\/strong><br \/>\n\u0130\u00e7erik 10 ml<\/p>\n<p><strong>A\u00e7\u0131klama:<\/strong> Bu tamamen do\u011fal bir \u00fcr\u00fcnd\u00fcr. Bal ormanlardan gelir ve bu nedenle ormanda ya\u015fayan kar\u0131nca t\u00fcrleri i\u00e7in idealdir.<br \/>\nMama t\u00fcp\u00fc bir b\u00fct\u00fcn olarak formikaryuma yerle\u015ftirilebilir, alternatif olarak gerekti\u011finde\/koloni b\u00fcy\u00fckl\u00fc\u011f\u00fcne g\u00f6re bir mama kab\u0131na daha k\u00fc\u00e7\u00fck miktarlarda eklenebilir. Yiyecekler yakla\u015f\u0131k 3 g\u00fcn i\u00e7inde t\u00fcketilmelidir, aksi takdirde k\u00fcflenme riski vard\u0131r ve ayn\u0131 nedenle yeniden doldurmadan \u00f6nce mama kab\u0131n\u0131 temizleyin.<\/p>\n<p><strong>Kullan:<\/strong><br \/>\nOrman bal\u0131 = bal yiyen kar\u0131nca t\u00fcrleri (Meliphagidae) i\u00e7in<br \/>\nBu bir ek yemdir<br \/>\nHayvanlara tedarik edildi\u011fi \u015fekilde sunulabilir. \u015eeker konsantrasyonu nem nedeniyle azald\u0131\u011f\u0131ndan ve bir fermantasyon s\u00fcreci ba\u015flad\u0131\u011f\u0131ndan, mama her 3 g\u00fcnde bir de\u011fi\u015ftirilmelidir. Tekrar kullanmadan \u00f6nce besleme kab\u0131n\u0131\/t\u00fcp\u00fcn\u00fc iyice temizleyin.<br \/>\nBir paket a\u00e7\u0131ld\u0131ktan sonra, son kullanma tarihine kadar s\u0131k\u0131ca kapal\u0131 tutulmal\u0131d\u0131r.<\/p>\n<p><strong>\u0130\u00e7indekiler:<\/strong> Bal\u0131n i\u00e7eri\u011fi genel olarak, oranlar bal\u0131n t\u00fcr\u00fcne ba\u011fl\u0131 olarak de\u011fi\u015fir.<br \/>\n- yakla\u015f\u0131k 38 % meyve \u015fekeri (fruktoz)<br \/>\n- yakla\u015f\u0131k 32 % dekstroz (glukoz)<br \/>\n- yakla\u015f\u0131k 20 % su<br \/>\n- yakla\u015f\u0131k 5 % polisakkarit<br \/>\n- yakla\u015f\u0131k 5 % vitamin (B1, B2, B6, C, H)<br \/>\nMineraller (potasyum, kalsiyum, bak\u0131r, demir, sodyum, magnezyum, fosfor, \u00e7inko ve di\u011fer eser elementler) Amino asitler (prolin, l\u00f6sin, fenilalanin, alanin, histidin, izol\u00f6sin, glutamik asit, arginin, aspartik asit vb.) Organik asitler Enzimler (fermentler) Aromalar \u0130nhibinler (antibakteriyel maddeler) \u00c7i\u00e7ekler Polen<\/p>\n<p><strong>Depolama:<\/strong> Yemin kalitesinden emin olmak i\u00e7in yem karanl\u0131k ve kuru bir yerde saklanmal\u0131d\u0131r.<\/p>\n<p><strong>Not:<\/strong><br \/>\nBal yiyen kar\u0131ncalar i\u00e7in ek yem.<br \/>\nBile\u015fim, analitik bile\u015fenler, son kullanma tarihi ve parti numaras\u0131 i\u00e7in l\u00fctfen prospekt\u00fcse bak\u0131n\u0131z.<\/p>\n<p>Bilgi hatt\u0131 +49 30 439703870<\/p>\n<p><strong>Sorumlu veterinerlik ve g\u0131da m\u00fcfetti\u015fli\u011fi:<\/strong><br \/>\nSteglitz Veterinerlik Ofisi<br \/>\nK\u00f6nigin-Luise-Str. 92<br \/>\n14195 Berlin<\/p>\n<p><strong>Kriket Re\u00e7eli \u00dczerine Notlar:<\/strong><br \/>\nC\u0131rc\u0131r B\u00f6ce\u011fi Re\u00e7elimiz, canl\u0131 b\u00f6cek beslemek zorunda kalmadan kar\u0131ncalar\u0131n\u0131za taze korunmu\u015f proteinli g\u0131da sa\u011flaman\u0131n kolay bir yoludur. \u0130\u00e7erdi\u011fi c\u0131rc\u0131r b\u00f6cekleri (Acheta domesticus) besin de\u011ferlerinin, tat ve aroman\u0131n korunmas\u0131n\u0131 sa\u011flamak i\u00e7in nazik\u00e7e pi\u015firilmi\u015ftir. Ayr\u0131ca b\u00f6ceklerin kitinli kabu\u011fu da bu \u015fekilde yumu\u015fat\u0131larak daha kolay sindirilmesi sa\u011flanm\u0131\u015ft\u0131r. Kolajen proteinlerinin ba\u011flar\u0131 k\u0131r\u0131larak kar\u0131ncalar\u0131n bunlardan daha iyi faydalanmas\u0131 sa\u011flan\u0131r. Konserve Acheta domesticus canl\u0131 c\u0131rc\u0131r b\u00f6ce\u011fi ile ayn\u0131 besin de\u011ferine sahiptir, ancak sindirimi daha kolayd\u0131r.<\/p>\n<p>Cricket Jam, canl\u0131 yiyecek gerektiren kar\u0131nca t\u00fcrlerini avlamak i\u00e7in uygun de\u011fildir (\u00f6rne\u011fin Harpegnathos veya Odontomachus gibi ponerinler (b\u00fcy\u00fck kar\u0131ncalar))<\/p>\n<p><strong>Daha fazla avantaj:<\/strong><br \/>\nAkar i\u00e7ermeme garantisi<br \/>\nPorsiyonlanabilir ve su ile seyreltilebilir<br \/>\nSterilize edilmi\u015f ve vakumlu paketlenmi\u015f<br \/>\nKatk\u0131 maddesi olmadan<br \/>\nOrganik at\u0131klarla beslenen, s\u00fcrd\u00fcr\u00fclebilir, tamamen organik yeti\u015ftiricilikten elde edilen c\u0131rc\u0131r b\u00f6cekleri<\/p>\n<p><strong>Not:<\/strong><br \/>\nA\u00e7\u0131ld\u0131ktan sonra yakla\u015f\u0131k d\u00f6rt g\u00fcn buzdolab\u0131nda saklanabilir. Dondurulursa daha uzun raf \u00f6mr\u00fc.<br \/>\nDikkat: \u00d6nce porsiyonlay\u0131n, sonra dondurun.<\/p>","protected":false},"excerpt":{"rendered":"<p>Set 42 par\u00e7adan olu\u015fmaktad\u0131r ve orman topra\u011f\u0131nda ya\u015fayan t\u00fcm kar\u0131nca t\u00fcrleri i\u00e7indir.<br \/>\nBoyut: <span style=\"color: #ff8c00;\"><strong>S<\/strong><\/span><\/p>","protected":false},"featured_media":5450,"comment_status":"open","ping_status":"closed","template":"","meta":{"_acf_changed":false,"content-type":"","_monsterinsights_skip_tracking":false,"_monsterinsights_sitenote_active":false,"_monsterinsights_sitenote_note":"","_monsterinsights_sitenote_category":0},"product_brand":[],"product_cat":[73,74],"product_tag":[],"class_list":{"0":"post-2744","1":"product","2":"type-product","3":"status-publish","4":"has-post-thumbnail","6":"product_cat-starter-sets","7":"product_cat-starter-sets-habitat","9":"first","10":"outofstock","11":"taxable","12":"shipping-taxable","13":"purchasable","14":"product-type-simple"},"acf":[],"aioseo_notices":[],"jetpack_sharing_enabled":true,"_links":{"self":[{"href":"https:\/\/antcube.shop\/tr\/wp-json\/wp\/v2\/product\/2744","targetHints":{"allow":["GET"]}}],"collection":[{"href":"https:\/\/antcube.shop\/tr\/wp-json\/wp\/v2\/product"}],"about":[{"href":"https:\/\/antcube.shop\/tr\/wp-json\/wp\/v2\/types\/product"}],"replies":[{"embeddable":true,"href":"https:\/\/antcube.shop\/tr\/wp-json\/wp\/v2\/comments?post=2744"}],"wp:featuredmedia":[{"embeddable":true,"href":"https:\/\/antcube.shop\/tr\/wp-json\/wp\/v2\/media\/5450"}],"wp:attachment":[{"href":"https:\/\/antcube.shop\/tr\/wp-json\/wp\/v2\/media?parent=2744"}],"wp:term":[{"taxonomy":"product_brand","embeddable":true,"href":"https:\/\/antcube.shop\/tr\/wp-json\/wp\/v2\/product_brand?post=2744"},{"taxonomy":"product_cat","embeddable":true,"href":"https:\/\/antcube.shop\/tr\/wp-json\/wp\/v2\/product_cat?post=2744"},{"taxonomy":"product_tag","embeddable":true,"href":"https:\/\/antcube.shop\/tr\/wp-json\/wp\/v2\/product_tag?post=2744"}],"curies":[{"name":"wp","href":"https:\/\/api.w.org\/{rel}","templated":true}]}}