{"id":2737,"date":"2021-10-08T12:04:45","date_gmt":"2021-10-08T10:04:45","guid":{"rendered":"https:\/\/antcube.shop\/produkt\/antcube-starter-set-fur-blattschneiderarten-gros\/"},"modified":"2026-04-01T13:28:05","modified_gmt":"2026-04-01T11:28:05","slug":"antcube-starter-set-fur-blattschneiderarten-gros","status":"publish","type":"product","link":"https:\/\/antcube.shop\/tr\/urun\/antcube-starter-set-fur-blattschneiderarten-gros\/","title":{"rendered":"ANTCUBE - Yaprak Kesici kar\u0131ncalar i\u00e7in Ba\u015flang\u0131\u00e7 Seti - B\u00fcy\u00fck"},"content":{"rendered":"<p><span data-text-color=\"alert\"><strong>Nakliye sadece palet \u00fczerinde y\u00f6nlendirme ile m\u00fcmk\u00fcnd\u00fcr.<\/strong><\/span><\/p>\n<p><strong>\u0130\u00e7erir:<\/strong><\/p>\n<p>1x ANTCUBE Arena 30x30x60, s\u00fcrg\u00fcl\u00fc kap\u0131l\u0131<br \/>\n1x s\u00fcrg\u00fcl\u00fc kap\u0131 i\u00e7in \u00e7er\u00e7eve<br \/>\n2x ANTCUBE Arena 30x30x30cm<br \/>\n3x kar\u0131nca arenas\u0131 \u00e7er\u00e7evesi 30x30cm<br \/>\n3x kar\u0131nca arenas\u0131 \u00f6rt\u00fcs\u00fc 30x30cm<br \/>\nArena kapa\u011f\u0131 i\u00e7in 12x sabitleme noktas\u0131<\/p>\n<p>1x kar\u0131nca t\u00fcp\u00fc - kristal berrakl\u0131\u011f\u0131nda 50mm - 1m (yar\u0131ya b\u00f6l\u00fcnm\u00fc\u015f)<br \/>\n1x substrat - ya\u011fmur orman\u0131 - 1 kg<br \/>\n1x Formicarium gran\u00fcl 200ml - bej<br \/>\n3x Formicarium taban\u0131 30\u00d730<\/p>\n<p>3x Formicarium plug for 50mm hole<br \/>\n8x Grid insert acrylic &#8211; 50 mm with sealing ring<br \/>\n4x tank konekt\u00f6r\u00fc 1 1\/2\u2033 ila 50mm - kristal berrakl\u0131\u011f\u0131nda<br \/>\n4x Formicarium somunu 1 1\/2 in\u00e7 - kristal berrakl\u0131\u011f\u0131nda<\/p>\n<p>1x Foil thermometer Display<br \/>\n1x drinking clear 5ml &#8211; sponge<br \/>\n1x c\u0131mb\u0131z yay \u00e7eli\u011fi - geni\u015f - yumu\u015fak<br \/>\n1x Formicarium c\u0131mb\u0131z - plastik<br \/>\n1x el b\u00fcy\u00fcteci - 2x - 30mm<br \/>\n1x kar\u0131nca ka\u00e7\u0131\u015f koruma ya\u011f\u0131 10ml<br \/>\n1x k\u00f6p\u00fck silecek 150x18x2,5mm<br \/>\nSprey \u015fi\u015fesi p\u00fcsk\u00fcrt\u00fcc\u00fc 0,5 litre - pirin\u00e7 nozul<br \/>\n1x G\u00fcl yapraklar\u0131 100g - kurutulmu\u015f<br \/>\n2x foto\u011fraf arka duvar\u0131 - ya\u011fmur orman\u0131 - 30\u00d730<br \/>\n1x foto\u011fraf arka duvar\u0131 - ya\u011fmur orman\u0131 - 30\u00d760 - y\u00fcksek<\/p>\n<p><strong>A\u00e7\u0131klama:<\/strong><br \/>\nThis expandable starter set for all leafcutter ant species contains, in addition to the optimally adapted formicarium, the appropriate accessories for keeping these ants. The voluminous basins allow easy handling for feeding and cleaning. The large holes (50 mm) and tubes not only make it easy to observe the ants, they also allow the animals to remove large pieces of leaf. The stainless steel mesh inserts ensure good ventilation and are robust against mechanical impact. Even large colonies of leaf-cutter ants, which are very fond of cutting, are unable to penetrate them. The sturdy screw sockets are also absolutely bite-proof.. If necessary, the humidity can be increased using the spray bottle.<\/p>\n<p><strong>\u00d6nemli:<\/strong> L\u00fctfen kullanmadan \u00f6nce alt tabakay\u0131 nemlendirin, b\u00f6ylece kar\u0131\u015f\u0131m ba\u011flanabilir ve kar\u0131nca \u00e7iftli\u011finde sa\u011flam bir tutu\u015f geli\u015ftirebilir. Ayr\u0131ca, alt tabaka \u00e7ok kuru ve tozluysa, kar\u0131ncalar\u0131n solunum yollar\u0131 t\u0131kanabilir ve en k\u00f6t\u00fc durumda hayvanlar bo\u011fulabilir.<\/p>\n<p><strong>\u00dcretim hakk\u0131nda notlar<\/strong><br \/>\nCam, DIN 1249'a uygun olarak +\/- 1 mm toleransla kesilir. \u00c7ok k\u00fc\u00e7\u00fck kar\u0131nca t\u00fcrleri i\u00e7in ek ka\u00e7\u0131\u015f korumas\u0131 gereklidir.<\/p>\n<p><strong>S\u00fcrg\u00fcl\u00fc kap\u0131 arenas\u0131n\u0131n tan\u0131m\u0131: <\/strong>S\u00fcrg\u00fcl\u00fc kap\u0131l\u0131 ANTCUBE arena 30x30x60, tam formikaryumlarda bile rahat\u00e7a \u00e7al\u0131\u015fabilmek i\u00e7in geli\u015ftirilmi\u015ftir. \u00d6zellikle dokumac\u0131 kar\u0131ncalar (Polyrhachis ve Oecophylla) i\u00e7in formikaryum olarak kullan\u0131\u015fl\u0131d\u0131rlar, \u00e7\u00fcnk\u00fc yukar\u0131 do\u011fru in\u015fa etmeyi severler ve bir konak\u00e7\u0131 bitkiye ihtiya\u00e7 duyarlar. Bazen \u00f6rne\u011fin formikaryumun dibindeki hayvanlar\u0131n at\u0131klar\u0131n\u0131 \u00e7\u0131karmak zor olabilir. Bu \u00f6zel olarak uyarlanm\u0131\u015f tankta bu bir sorun de\u011fildir. Kayar kap\u0131, Acromyrmex veya Atta yaprak kesen kar\u0131ncalar i\u00e7in besleme havuzlar\u0131 i\u00e7in de \u00e7ok pratiktir, \u00e7\u00fcnk\u00fc bitki kal\u0131nt\u0131lar\u0131 ve di\u011fer at\u0131klar kolayca at\u0131labilir. Siz \u00e7al\u0131\u015f\u0131rken hayvanlar\u0131n ka\u00e7mas\u0131n\u0131 \u00f6nlemek i\u00e7in s\u00fcrg\u00fcl\u00fc kap\u0131 \u00e7er\u00e7evesini (\u00fcr\u00fcn no. 1005648) de kullanabilirsiniz.<\/p>","protected":false},"excerpt":{"rendered":"<p>The set consists of 47 parts and is suitable for all leaf cutter ant species.<br \/>\nBoyut: <span style=\"color: #ed1c24;\"><strong>XL<\/strong><\/span><\/p>","protected":false},"featured_media":7665,"comment_status":"open","ping_status":"closed","template":"","meta":{"_acf_changed":false,"content-type":"","_monsterinsights_skip_tracking":false,"_monsterinsights_sitenote_active":false,"_monsterinsights_sitenote_note":"","_monsterinsights_sitenote_category":0},"product_brand":[484],"product_cat":[73,79],"product_tag":[],"class_list":{"0":"post-2737","1":"product","2":"type-product","3":"status-publish","4":"has-post-thumbnail","6":"product_brand-antcube","7":"product_cat-starter-sets","8":"product_cat-starter-sets-for-leafcutter-ants","9":"product_shipping_class-forwarding-on-pallet","11":"first","12":"instock","13":"taxable","14":"shipping-taxable","15":"purchasable","16":"product-type-simple"},"acf":[],"aioseo_notices":[],"jetpack_sharing_enabled":true,"_links":{"self":[{"href":"https:\/\/antcube.shop\/tr\/wp-json\/wp\/v2\/product\/2737","targetHints":{"allow":["GET"]}}],"collection":[{"href":"https:\/\/antcube.shop\/tr\/wp-json\/wp\/v2\/product"}],"about":[{"href":"https:\/\/antcube.shop\/tr\/wp-json\/wp\/v2\/types\/product"}],"replies":[{"embeddable":true,"href":"https:\/\/antcube.shop\/tr\/wp-json\/wp\/v2\/comments?post=2737"}],"wp:featuredmedia":[{"embeddable":true,"href":"https:\/\/antcube.shop\/tr\/wp-json\/wp\/v2\/media\/7665"}],"wp:attachment":[{"href":"https:\/\/antcube.shop\/tr\/wp-json\/wp\/v2\/media?parent=2737"}],"wp:term":[{"taxonomy":"product_brand","embeddable":true,"href":"https:\/\/antcube.shop\/tr\/wp-json\/wp\/v2\/product_brand?post=2737"},{"taxonomy":"product_cat","embeddable":true,"href":"https:\/\/antcube.shop\/tr\/wp-json\/wp\/v2\/product_cat?post=2737"},{"taxonomy":"product_tag","embeddable":true,"href":"https:\/\/antcube.shop\/tr\/wp-json\/wp\/v2\/product_tag?post=2737"}],"curies":[{"name":"wp","href":"https:\/\/api.w.org\/{rel}","templated":true}]}}