{"id":2733,"date":"2021-10-08T12:04:06","date_gmt":"2021-10-08T10:04:06","guid":{"rendered":"https:\/\/antcube.shop\/produkt\/antcube-arena-20x20x20-combi-m\/"},"modified":"2026-04-05T21:18:12","modified_gmt":"2026-04-05T19:18:12","slug":"antcube-arena-20x20x20-combi-m","status":"publish","type":"product","link":"https:\/\/antcube.shop\/tr\/urun\/antcube-arena-20x20x20-combi-m\/","title":{"rendered":"ANTCUBE - Arena 20x20x20 - Combi M"},"content":{"rendered":"<p><strong>Boyutlar:<\/strong> 20x20x20 cm; 4 mm cam kal\u0131nl\u0131\u011f\u0131<\/p>\n<p><strong>Malzeme:<\/strong> silikon ile yap\u0131\u015ft\u0131r\u0131lm\u0131\u015f cam<\/p>\n<p><strong>Ba\u011flant\u0131:<\/strong> 2x delik 27mm (yuva alan\u0131nda 2x 10mm delik)<\/p>\n<p><strong>Yuva alan\u0131ndaki plakalar aras\u0131ndaki mesafe:<\/strong> yakla\u015f\u0131k 10mm<\/p>\n<p><strong>A\u00e7\u0131klama:<\/strong> Kar\u0131nca arenas\u0131 - Combi, formikaryuma entegre edilmi\u015f bir \u00e7iftlik veya yuva alan\u0131na sahiptir. Kar\u0131ncalar, 10 mm'lik iki i\u00e7 a\u00e7\u0131kl\u0131k arac\u0131l\u0131\u011f\u0131yla arenadan yuva alan\u0131na eri\u015febilir.<\/p>\n<p><strong>Dikkat edin:<\/strong><br \/>\nYuva eklerimizi kullan\u0131rken, bunlar\u0131n 8 mm daha dar oldu\u011funu l\u00fctfen unutmay\u0131n, \u00e7\u00fcnk\u00fc bunlar orijinal olarak daha dar kar\u0131nca \u00e7iftliklerimizin yan\u0131 s\u0131ra arena eklerimize uyacak \u015fekilde tasarlanm\u0131\u015ft\u0131r! Burada aradaki bo\u015flu\u011fun s\u0131va veya kil gibi dolgu malzemeleriyle doldurulmas\u0131 gerekecektir.<\/p>\n<p>&nbsp;<\/p>","protected":false},"excerpt":{"rendered":"<p>Ba\u011flant\u0131: 2x delik 27 mm<br \/>\nBoyut: <span style=\"color: #008000;\"><strong>M<\/strong><\/span><\/p>","protected":false},"featured_media":329,"comment_status":"open","ping_status":"closed","template":"","meta":{"_acf_changed":false,"content-type":"","_monsterinsights_skip_tracking":false,"_monsterinsights_sitenote_active":false,"_monsterinsights_sitenote_note":"","_monsterinsights_sitenote_category":0},"product_brand":[],"product_cat":[85,82,86],"product_tag":[],"class_list":{"0":"post-2733","1":"product","2":"type-product","3":"status-publish","4":"has-post-thumbnail","6":"product_cat-ant-arenas","7":"product_cat-antfarms-m","8":"product_cat-formicariums","10":"first","11":"instock","12":"taxable","13":"shipping-taxable","14":"purchasable","15":"product-type-simple"},"acf":[],"aioseo_notices":[],"jetpack_sharing_enabled":true,"_links":{"self":[{"href":"https:\/\/antcube.shop\/tr\/wp-json\/wp\/v2\/product\/2733","targetHints":{"allow":["GET"]}}],"collection":[{"href":"https:\/\/antcube.shop\/tr\/wp-json\/wp\/v2\/product"}],"about":[{"href":"https:\/\/antcube.shop\/tr\/wp-json\/wp\/v2\/types\/product"}],"replies":[{"embeddable":true,"href":"https:\/\/antcube.shop\/tr\/wp-json\/wp\/v2\/comments?post=2733"}],"wp:featuredmedia":[{"embeddable":true,"href":"https:\/\/antcube.shop\/tr\/wp-json\/wp\/v2\/media\/329"}],"wp:attachment":[{"href":"https:\/\/antcube.shop\/tr\/wp-json\/wp\/v2\/media?parent=2733"}],"wp:term":[{"taxonomy":"product_brand","embeddable":true,"href":"https:\/\/antcube.shop\/tr\/wp-json\/wp\/v2\/product_brand?post=2733"},{"taxonomy":"product_cat","embeddable":true,"href":"https:\/\/antcube.shop\/tr\/wp-json\/wp\/v2\/product_cat?post=2733"},{"taxonomy":"product_tag","embeddable":true,"href":"https:\/\/antcube.shop\/tr\/wp-json\/wp\/v2\/product_tag?post=2733"}],"curies":[{"name":"wp","href":"https:\/\/api.w.org\/{rel}","templated":true}]}}